{"id":60831,"date":"2023-10-23T10:38:33","date_gmt":"2023-10-23T10:38:33","guid":{"rendered":"http:\/\/localhost:8080\/webimpacto\/politicas-de-privacidad\/"},"modified":"2026-03-03T11:45:01","modified_gmt":"2026-03-03T11:45:01","slug":"politika-privatnosti","status":"publish","type":"page","link":"https:\/\/webimpacto.consulting\/sr\/politika-privatnosti\/","title":{"rendered":"Politika privatnosti"},"content":{"rendered":"\n<h3 class=\"wp-block-heading\"><span class=\"red\">1.<\/span>&nbsp;Ko je odgovoran za obradu va\u0161ih podataka<\/h3>\n\n\n\n<p><strong>Kontakt podaci odgovornog lica:<\/strong><\/p>\n\n\n\n<ul class=\"wp-block-list\">\n<li>Puni naziv: Webimpacto Consulting, S.L<\/li>\n\n\n\n<li>Sedi\u0161te: C\/ Plasencia 1-17, 28935, Mostoles (Madrid)<\/li>\n\n\n\n<li>CIF: B45814670<\/li>\n<\/ul>\n\n\n\n<p><strong>Kontakt podaci lica koje obavlja funkciju slu\u017ebenika za za\u0161titu podataka (Komisija za bezbednost):<\/strong><\/p>\n\n\n\n<ul class=\"wp-block-list\">\n<li>Mo\u017eete nas kontaktirati na slede\u0107i broj telefona<a href=\"tel:(+34)672022687\">\u00a0(+34) 672 02 26 87<\/a>\u00a0i\/ili putem e-po\u0161te: <a href=\"mailto:privacidad@webimpacto.es\">privacidad@webimpacto.es<\/a>.<\/li>\n<\/ul>\n\n\n\n<h3 class=\"wp-block-heading\"><span class=\"red\">2.<\/span>&nbsp;Obim politike<\/h3>\n\n\n\n<p>Kada pristupite ovoj veb stranici i koristite je ili koristite bilo koje drugo sredstvo koje uklju\u010duje obradu li\u010dnih podataka, saglasni ste da prihvatate ovu Politiku privatnosti, kao i odredbe sadr\u017eane u Pravnim uslovima (Pravno obave\u0161tenje) i Politici kola\u010di\u0107a.<\/p>\n\n\n\n<p>U WEBIMPACTO-u vam pru\u017eamo informacije tako da, pre nego \u0161to popunite svoje li\u010dne podatke, mo\u017eete pristupiti politici privatnosti i svim drugim relevantnim informacijama o za\u0161titi podataka.<\/p>\n\n\n\n<h3 class=\"wp-block-heading\"><span class=\"red\">3.<\/span> Osnovni principi<\/h3>\n\n\n\n<ul class=\"wp-block-list\">\n<li>Nikada ne\u0107emo zahtevati li\u010dne podatke osim ako je zaista neophodno za pru\u017eanje usluga koje su potrebne.<\/li>\n\n\n\n<li>Nikada ne\u0107emo deliti li\u010dne podatke korisnika ni sa kim osim u skladu sa zakonom ili uz va\u0161u izri\u010ditu dozvolu.<\/li>\n\n\n\n<li>Nikada ne koristimo va\u0161e li\u010dne podatke u druge svrhe osim one navedene u ovoj politici privatnosti.<\/li>\n<\/ul>\n\n\n\n<h3 class=\"wp-block-heading\"><span class=\"red\">4.<\/span>&nbsp;Koliko dugo \u0107emo \u010duvati va\u0161e li\u010dne podatke<\/h3>\n\n\n\n<p>Period \u010duvanja li\u010dnih podataka \u0107e varirati u zavisnosti od usluge koja se mo\u017ee ugovoriti. U svakom slu\u010daju, va\u0161i podaci \u0107e se \u010duvati tokom trajanja komercijalnog\/ugovornog odnosa. Kada se ovo zavr\u0161i, \u010duva\u0107emo va\u0161e podatke blokirane tokom perioda zastarelosti obaveza koje su mogle proiza\u0107i iz tretmana i\/ili va\u017ee\u0107ih zakonskih perioda, koji \u0107e ostati na raspolaganju nadle\u017enim organima, radi pa\u017enje o mogu\u0107im odgovornostima koje proizilaze od tretmana.<\/p>\n\n\n\n<h3 class=\"wp-block-heading\"><span class=\"red\">5.<\/span>&nbsp;Za \u0161ta \u0107emo koristiti va\u0161e podatke<\/h3>\n\n\n\n<p>WEBIMPACTO maksimalno po\u0161tuje va\u0161u privatnost kao klijenta. Prikupljamo li\u010dne podatke neophodne za upravljanje i odr\u017eavanje nekih na\u0161ih usluga, kao i za druge svrhe navedene u ovoj Politici privatnosti.<br><br><strong>WEBIMPACTO obra\u0111uje va\u0161e li\u010dne podatke u slede\u0107e svrhe:<\/strong><\/p>\n\n\n\n<ul class=\"wp-block-list\">\n<li>UGOVORNI: (i) Anga\u017eovati, odr\u017eavati i pregledati uskla\u0111enost sa uslugama ugovorenim sa WEBIMPACTO i svim procedurama koje proizilaze iz ugovornog odnosa.<\/li>\n\n\n\n<li>SAGLASNOST: (i) Svaka marketin\u0161ka i komercijalna akcija sprovedena na bilo koji na\u010din, uklju\u010duju\u0107i telematiku (ii) za upravljanje i tretman kandidata za posao.<\/li>\n\n\n\n<li>LEGITIMNI&nbsp;INTERESI: (i) Za sprovo\u0111enje komercijalnih radnji, (ii) Tako\u0111e za spre\u010davanje, istragu i otkrivanje prevara (iii) za slanje preporuka proizvoda i usluga uzimaju\u0107i u obzir one koje ste ugovorili u pro\u0161losti.<\/li>\n<\/ul>\n\n\n\n<h3 class=\"wp-block-heading\"><span class=\"red\">6.<\/span> U kojim slu\u010dajevima \u0107emo tra\u017eiti va\u0161e podatke<\/h3>\n\n\n\n<ul class=\"wp-block-list\">\n<li>Da vas registrujemo kao klijenta u WEBIMPACTO.<\/li>\n\n\n\n<li>Da biste zatra\u017eili bilo koju od usluga i\/ili proizvoda koje nudimo.<\/li>\n\n\n\n<li>Da upravljamo zahtevima kandidata da rade sa nama ili sa saradni\u010dkim kompanijama.<\/li>\n\n\n\n<li>Da odgovorimo na upite koje nam \u0161aljete.<\/li>\n<\/ul>\n\n\n\n<h3 class=\"wp-block-heading\"><span class=\"red\">7.<\/span>&nbsp;Va\u0161i podaci \u0107e biti saop\u0161teni drugim primaocima<\/h3>\n\n\n\n<p><strong>Va\u0161 mir je na\u0161 prioritet. Stoga garantujemo da \u0107e va\u0161i podaci biti preneti samo na:<br>\u200d<br><\/strong>Nadle\u017eni javni organi, Poreska agencija, Snage i organi dr\u017eavne bezbednosti, sudije i sudovi, kada WEBIMPACTO ima zakonsku obavezu da ih obezbedi.<br>Kompanije koje sara\u0111uju u obavljanju radnih praksi u skladu sa va\u017ee\u0107im zakonodavstvom o ovoj materiji.<br>Pored toga, WEBIMPACTO sara\u0111uje sa nekim tre\u0107im dobavlja\u010dima usluga koji imaju pristup va\u0161im li\u010dnim podacima i koji obra\u0111uju navedene podatke u ime i za ra\u010dun WEBIMPACTO-a kao rezultat njihovog pru\u017eanja usluga.<br>Konkretno, kao primer, a ne ograni\u010denja, pomenuti provajderi svoje usluge obavljaju u slede\u0107im sektorima: kurirske i paketne usluge, bankarske usluge itd.<\/p>\n\n\n\n<h3 class=\"wp-block-heading\"><span class=\"red\">8.<\/span>&nbsp;Kako mo\u017eete ostvariti svoja prava<\/h3>\n\n\n\n<p>Kao nosilac prava na va\u0161e li\u010dne podatke, imate kontrolu nad takvim podacima. Na ovaj na\u010din tako\u0111e osiguravamo da su informacije ta\u010dne i istinite.<br><br><strong>Prava koja mo\u017eete ostvariti su:<\/strong><\/p>\n\n\n\n<ul class=\"wp-block-list\">\n<li>Pravo na pristup: mo\u017eete proveriti da li obra\u0111ujemo li\u010dne podatke koji vas se ti\u010du u WEBIMPACTO-u.<\/li>\n\n\n\n<li>Pravo na ispravku i brisanje: mo\u017eete pristupiti svojim li\u010dnim podacima i zatra\u017eiti ispravku ili brisanje va\u0161ih podataka kada su neta\u010dni ili smatrate da vi\u0161e nisu potrebni za svrhe za koje su prikupljeni.<\/li>\n\n\n\n<li>Pravo na prigovor: mo\u017eete se usprotiviti obradi va\u0161ih podataka, osim ako ih, iz ubedljivih legitimnih razloga, ili u ostvarivanju ili odbrani mogu\u0107ih potra\u017eivanja, dr\u017eimo propisno blokiranim tokom odgovaraju\u0107ih perioda sve dok postoje zakonske obaveze.<\/li>\n\n\n\n<li>Pravo na ograni\u010denje tretmana: mo\u017eete zahtevati ograni\u010denje tretmana va\u0161ih li\u010dnih podataka dok se proverava osporavanje ta\u010dnosti ili zakonitosti va\u0161ih podataka, tokom vr\u0161enja ili odbrane mogu\u0107ih tu\u017ebi ili sudskih sporova.<\/li>\n\n\n\n<li>Pravo na prenosivost: mo\u017eete zahtevati prenosivost podataka koje ste dali drugom kontroloru podataka, u odre\u0111enim okolnostima.<\/li>\n<\/ul>\n\n\n\n<p>Svoja prava mo\u017eete ostvariti besplatno.<br><br><strong>Kako mo\u017eete podneti zahtev pred Kontrolnim organom?<\/strong><br><br>Ako korisnik smatra da postoji problem sa na\u010dinom na koji WEBIMPACTO rukuje njihovim podacima, mo\u017ee svoje potra\u017eivanje uputiti licu odgovornom za privatnost ili odgovaraju\u0107em organu za kontrolu za\u0161tite podataka, pri \u010demu je \u0160panska agencija za za\u0161titu podataka navedena u slu\u010daju \u0160panije.<\/p>\n\n\n\n<h3 class=\"wp-block-heading\"><span class=\"red\">9.<\/span>&nbsp;Sigurnost<\/h3>\n\n\n\n<p>U WEBIMPACTO-u odr\u017eavamo najvi\u0161i nivo sigurnosti koji je propisan zakonom kako bismo za\u0161titili va\u0161e li\u010dne podatke od slu\u010dajnog gubitka i neovla\u0161\u0107enog pristupa, obrade ili otkrivanja, uzimaju\u0107i u obzir stanje tehnologije, prirodu podataka koji se \u010duvaju i rizike kojima su izlo\u017eeni. Kada primimo va\u0161e podatke, koristimo rigorozne procedure i bezbednosne funkcije da spre\u010dimo svaki neovla\u0161\u0107eni pristup.<br><br>Radnje opisane u ovom odeljku koje imaju za cilj da garantuju adekvatan nivo sigurnosti za otkriveni rizik \u0107e uklju\u010divati, ako je potrebno, slede\u0107e mere:<\/p>\n\n\n\n<ul class=\"wp-block-list\">\n<li>Pseudonimizacija i \u0161ifrovanje li\u010dnih podataka.<\/li>\n\n\n\n<li>Mere koje mogu da garantuju trajnu poverljivost, integritet, dostupnost i otpornost sistema i usluga tretmana.<\/li>\n\n\n\n<li>Mere koje mogu brzo da povrate dostupnost i pristup li\u010dnim podacima u slu\u010daju fizi\u010dkog ili tehni\u010dkog incidenta.<\/li>\n\n\n\n<li>Postojanje redovne verifikacije, evaluacije i procesa procene efikasnosti tehni\u010dkih i organizacionih mera za garantovanje sigurnosti tretmana.<\/li>\n\n\n\n<li>Periodi\u010dna procena rizika od slu\u010dajnog ili nezakonitog uni\u0161tenja, gubitka ili izmene li\u010dnih podataka koji se prenose, \u010duvaju ili na drugi na\u010din obra\u0111uju, ili neovla\u0161\u0107ene komunikacije ili pristupa navedenim podacima.<\/li>\n\n\n\n<li>Mere koje garantuju da svako lice koje deluje pod ovla\u0161\u0107enjem WEBIMPACTO-a i ima pristup li\u010dnim podacima mo\u017ee da obra\u0111uje navedene podatke samo prema uputstvima WEBIMPACTO-a.<\/li>\n<\/ul>\n\n\n\n<h3 class=\"wp-block-heading\"><span class=\"red\">10.<\/span> Poverljivost<\/h3>\n\n\n\n<p>Li\u010dni podaci koji se mogu prikupiti bi\u0107e tretirani sa apsolutnom poverljivo\u0161\u0107u, obavezuju\u0107i se na \u010duvanje tajnosti u vezi sa njima i garantuju\u0107i obavezu da ih \u010duvamo tako \u0161to \u0107emo preduzeti sve neophodne mere da spre\u010dimo njihovu izmenu, gubitak i tretman ili neovla\u0161\u0107eni pristup, u skladu sa onim \u0161to je utvr\u0111eno va\u017ee\u0107im zakonodavstvom.<\/p>\n\n\n\n<h3 class=\"wp-block-heading\"><span class=\"red\">11.<\/span>&nbsp;Prihvatanje i saglasnost<\/h3>\n\n\n\n<p>Korisnik izjavljuje da je obave\u0161ten o uslovima za\u0161tite li\u010dnih podataka, prihvatanju i saglasnosti sa njihovim tretmanom od strane WEBIMPACTO-a na na\u010din i u svrhe navedene u ovoj politici privatnosti.<\/p>\n\n\n\n<h3 class=\"wp-block-heading\"><span class=\"red\">12.<\/span>&nbsp;Promene u politici privatnosti<\/h3>\n\n\n\n<p>WEBIMPACTO zadr\u017eava pravo da izmeni ovu politiku kako bi je prilagodio novom zakonodavstvu ili sudskoj praksi, kao i praksi industrije. U tim slu\u010dajevima, WEBIMPACTO \u0107e na ovoj stranici objaviti promene koje su uvedene uz razumno i\u0161\u010dekivanje njihove primene.<\/p>\n\n\n\n<h3 class=\"wp-block-heading\"><span class=\"red\">13.<\/span>&nbsp;Poslovna po\u0161ta<\/h3>\n\n\n\n<p>U skladu sa LSSICE, WEBIMPACTO ne sprovodi SPAM prakse, tako da ne \u0161alje komercijalne mejlove koje korisnik nije prethodno zahtevao ili ovlastio. Shodno tome, u svakom od obrazaca na vebu, korisnik ima mogu\u0107nost da da izri\u010ditu saglasnost za primanje biltena, bez obzira na komercijalne informacije koje se tra\u017ee na vreme.<\/p>\n\n\n\n<p>U skladu sa odredbama Zakona 34\/2002 o uslugama informacionog dru\u0161tva i elektronske trgovine, WEBIMPACTO se obavezuje da ne\u0107e slati komunikacije komercijalne prirode bez njihove propisne identifikacije.<\/p>\n\n\n\n<h3 class=\"wp-block-heading\"><span class=\"red\">14.<\/span>&nbsp;Odgovornost<\/h3>\n\n\n\n<p>Odgovornost za popunjavanje formulara sa la\u017enim, neta\u010dnim, nepotpunim ili zastarelim podacima snosi isklju\u010divo korisnik.<\/p>\n\n\n\n<h3 class=\"wp-block-heading\"><span class=\"red\">15.<\/span>&nbsp;Kola\u010di\u0107i<\/h3>\n\n\n\n<p>Na\u0161 veb sajt koristi \u201ekola\u010di\u0107e\u201c za prikupljanje informacija o tome kako se veb sajt koristi. Ako \u017eelite da dobijete detaljnije informacije o tome kako WEBIMPACTO koristi kola\u010di\u0107e, pogledajte &nbsp;<a href=\"https:\/\/webimpacto.consulting\/sr\/politica-de-cookies\/\" data-type=\"page\" data-id=\"60787\">Politiku kola\u010di\u0107a<\/a>.<\/p>\n","protected":false},"excerpt":{"rendered":"<p>1.&nbsp;Ko je odgovoran za obradu va\u0161ih podataka Kontakt podaci odgovornog lica: Kontakt podaci lica koje obavlja funkciju slu\u017ebenika za za\u0161titu podataka (Komisija za bezbednost): 2.&nbsp;Obim politike Kada pristupite ovoj veb stranici i koristite je ili koristite bilo koje drugo sredstvo koje uklju\u010duje obradu li\u010dnih podataka, saglasni ste da prihvatate ovu Politiku privatnosti, kao i odredbe [&hellip;]<\/p>\n","protected":false},"author":1,"featured_media":0,"parent":0,"menu_order":0,"comment_status":"closed","ping_status":"closed","template":"page-legal.php","meta":{"_acf_changed":false,"inline_featured_image":false,"footnotes":""},"class_list":["post-60831","page","type-page","status-publish","hentry"],"acf":[],"yoast_head":"<!-- This site is optimized with the Yoast SEO plugin v25.7 - https:\/\/yoast.com\/wordpress\/plugins\/seo\/ -->\n<title>Politika privatnosti | Webimpacto<\/title>\n<meta name=\"robots\" content=\"index, follow, max-snippet:-1, max-image-preview:large, max-video-preview:-1\" \/>\n<link rel=\"canonical\" href=\"https:\/\/webimpacto.consulting\/sr\/politika-privatnosti\/\" \/>\n<meta property=\"og:locale\" content=\"sr_RS\" \/>\n<meta property=\"og:type\" content=\"article\" \/>\n<meta property=\"og:title\" content=\"Politika privatnosti | Webimpacto\" \/>\n<meta property=\"og:description\" content=\"1.&nbsp;Ko je odgovoran za obradu va\u0161ih podataka Kontakt podaci odgovornog lica: Kontakt podaci lica koje obavlja funkciju slu\u017ebenika za za\u0161titu podataka (Komisija za bezbednost): 2.&nbsp;Obim politike Kada pristupite ovoj veb stranici i koristite je ili koristite bilo koje drugo sredstvo koje uklju\u010duje obradu li\u010dnih podataka, saglasni ste da prihvatate ovu Politiku privatnosti, kao i odredbe [&hellip;]\" \/>\n<meta property=\"og:url\" content=\"https:\/\/webimpacto.consulting\/sr\/politika-privatnosti\/\" \/>\n<meta property=\"og:site_name\" content=\"Webimpacto\" \/>\n<meta property=\"article:modified_time\" content=\"2026-03-03T11:45:01+00:00\" \/>\n<meta property=\"og:image\" content=\"https:\/\/webimpacto.consulting\/wp-content\/uploads\/2023\/11\/screenshot.png\" \/>\n\t<meta property=\"og:image:width\" content=\"1421\" \/>\n\t<meta property=\"og:image:height\" content=\"774\" \/>\n\t<meta property=\"og:image:type\" content=\"image\/png\" \/>\n<meta name=\"twitter:card\" content=\"summary_large_image\" \/>\n<meta name=\"twitter:label1\" content=\"\u041f\u0440\u043e\u0446\u0435\u045a\u0435\u043d\u043e \u0432\u0440\u0435\u043c\u0435 \u0447\u0438\u0442\u0430\u045a\u0430\" \/>\n\t<meta name=\"twitter:data1\" content=\"6 \u043c\u0438\u043d\u0443\u0442\u0430\" \/>\n<script type=\"application\/ld+json\" class=\"yoast-schema-graph\">{\"@context\":\"https:\/\/schema.org\",\"@graph\":[{\"@type\":\"WebPage\",\"@id\":\"https:\/\/webimpacto.consulting\/sr\/politika-privatnosti\/\",\"url\":\"https:\/\/webimpacto.consulting\/sr\/politika-privatnosti\/\",\"name\":\"Politika privatnosti | Webimpacto\",\"isPartOf\":{\"@id\":\"https:\/\/webimpacto.consulting\/sr\/#website\"},\"datePublished\":\"2023-10-23T10:38:33+00:00\",\"dateModified\":\"2026-03-03T11:45:01+00:00\",\"breadcrumb\":{\"@id\":\"https:\/\/webimpacto.consulting\/sr\/politika-privatnosti\/#breadcrumb\"},\"inLanguage\":\"sr-RS\",\"potentialAction\":[{\"@type\":\"ReadAction\",\"target\":[\"https:\/\/webimpacto.consulting\/sr\/politika-privatnosti\/\"]}]},{\"@type\":\"BreadcrumbList\",\"@id\":\"https:\/\/webimpacto.consulting\/sr\/politika-privatnosti\/#breadcrumb\",\"itemListElement\":[{\"@type\":\"ListItem\",\"position\":1,\"name\":\"Portada\",\"item\":\"https:\/\/webimpacto.consulting\/sr\/\"},{\"@type\":\"ListItem\",\"position\":2,\"name\":\"Politika privatnosti\"}]},{\"@type\":\"WebSite\",\"@id\":\"https:\/\/webimpacto.consulting\/sr\/#website\",\"url\":\"https:\/\/webimpacto.consulting\/sr\/\",\"name\":\"Webimpacto Consulting S.L.\",\"description\":\"Strate\u0161ki konsultant za digitalno poslovanje\",\"publisher\":{\"@id\":\"https:\/\/webimpacto.consulting\/sr\/#organization\"},\"potentialAction\":[{\"@type\":\"SearchAction\",\"target\":{\"@type\":\"EntryPoint\",\"urlTemplate\":\"https:\/\/webimpacto.consulting\/sr\/?s={search_term_string}\"},\"query-input\":{\"@type\":\"PropertyValueSpecification\",\"valueRequired\":true,\"valueName\":\"search_term_string\"}}],\"inLanguage\":\"sr-RS\"},{\"@type\":\"Organization\",\"@id\":\"https:\/\/webimpacto.consulting\/sr\/#organization\",\"name\":\"Webimpacto Consulting S.L.\",\"url\":\"https:\/\/webimpacto.consulting\/sr\/\",\"logo\":{\"@type\":\"ImageObject\",\"inLanguage\":\"sr-RS\",\"@id\":\"https:\/\/webimpacto.consulting\/sr\/#\/schema\/logo\/image\/\",\"url\":\"https:\/\/webimpacto.consulting\/wp-content\/uploads\/2023\/10\/logo-color.svg\",\"contentUrl\":\"https:\/\/webimpacto.consulting\/wp-content\/uploads\/2023\/10\/logo-color.svg\",\"width\":223,\"height\":29,\"caption\":\"Webimpacto Consulting S.L.\"},\"image\":{\"@id\":\"https:\/\/webimpacto.consulting\/sr\/#\/schema\/logo\/image\/\"},\"sameAs\":[\"https:\/\/www.linkedin.com\/company\/webimpacto-consulting-sl\/\"]}]}<\/script>\n<!-- \/ Yoast SEO plugin. -->","yoast_head_json":{"title":"Politika privatnosti | Webimpacto","robots":{"index":"index","follow":"follow","max-snippet":"max-snippet:-1","max-image-preview":"max-image-preview:large","max-video-preview":"max-video-preview:-1"},"canonical":"https:\/\/webimpacto.consulting\/sr\/politika-privatnosti\/","og_locale":"sr_RS","og_type":"article","og_title":"Politika privatnosti | Webimpacto","og_description":"1.&nbsp;Ko je odgovoran za obradu va\u0161ih podataka Kontakt podaci odgovornog lica: Kontakt podaci lica koje obavlja funkciju slu\u017ebenika za za\u0161titu podataka (Komisija za bezbednost): 2.&nbsp;Obim politike Kada pristupite ovoj veb stranici i koristite je ili koristite bilo koje drugo sredstvo koje uklju\u010duje obradu li\u010dnih podataka, saglasni ste da prihvatate ovu Politiku privatnosti, kao i odredbe [&hellip;]","og_url":"https:\/\/webimpacto.consulting\/sr\/politika-privatnosti\/","og_site_name":"Webimpacto","article_modified_time":"2026-03-03T11:45:01+00:00","og_image":[{"width":1421,"height":774,"url":"https:\/\/webimpacto.consulting\/wp-content\/uploads\/2023\/11\/screenshot.png","type":"image\/png"}],"twitter_card":"summary_large_image","twitter_misc":{"\u041f\u0440\u043e\u0446\u0435\u045a\u0435\u043d\u043e \u0432\u0440\u0435\u043c\u0435 \u0447\u0438\u0442\u0430\u045a\u0430":"6 \u043c\u0438\u043d\u0443\u0442\u0430"},"schema":{"@context":"https:\/\/schema.org","@graph":[{"@type":"WebPage","@id":"https:\/\/webimpacto.consulting\/sr\/politika-privatnosti\/","url":"https:\/\/webimpacto.consulting\/sr\/politika-privatnosti\/","name":"Politika privatnosti | Webimpacto","isPartOf":{"@id":"https:\/\/webimpacto.consulting\/sr\/#website"},"datePublished":"2023-10-23T10:38:33+00:00","dateModified":"2026-03-03T11:45:01+00:00","breadcrumb":{"@id":"https:\/\/webimpacto.consulting\/sr\/politika-privatnosti\/#breadcrumb"},"inLanguage":"sr-RS","potentialAction":[{"@type":"ReadAction","target":["https:\/\/webimpacto.consulting\/sr\/politika-privatnosti\/"]}]},{"@type":"BreadcrumbList","@id":"https:\/\/webimpacto.consulting\/sr\/politika-privatnosti\/#breadcrumb","itemListElement":[{"@type":"ListItem","position":1,"name":"Portada","item":"https:\/\/webimpacto.consulting\/sr\/"},{"@type":"ListItem","position":2,"name":"Politika privatnosti"}]},{"@type":"WebSite","@id":"https:\/\/webimpacto.consulting\/sr\/#website","url":"https:\/\/webimpacto.consulting\/sr\/","name":"Webimpacto Consulting S.L.","description":"Strate\u0161ki konsultant za digitalno poslovanje","publisher":{"@id":"https:\/\/webimpacto.consulting\/sr\/#organization"},"potentialAction":[{"@type":"SearchAction","target":{"@type":"EntryPoint","urlTemplate":"https:\/\/webimpacto.consulting\/sr\/?s={search_term_string}"},"query-input":{"@type":"PropertyValueSpecification","valueRequired":true,"valueName":"search_term_string"}}],"inLanguage":"sr-RS"},{"@type":"Organization","@id":"https:\/\/webimpacto.consulting\/sr\/#organization","name":"Webimpacto Consulting S.L.","url":"https:\/\/webimpacto.consulting\/sr\/","logo":{"@type":"ImageObject","inLanguage":"sr-RS","@id":"https:\/\/webimpacto.consulting\/sr\/#\/schema\/logo\/image\/","url":"https:\/\/webimpacto.consulting\/wp-content\/uploads\/2023\/10\/logo-color.svg","contentUrl":"https:\/\/webimpacto.consulting\/wp-content\/uploads\/2023\/10\/logo-color.svg","width":223,"height":29,"caption":"Webimpacto Consulting S.L."},"image":{"@id":"https:\/\/webimpacto.consulting\/sr\/#\/schema\/logo\/image\/"},"sameAs":["https:\/\/www.linkedin.com\/company\/webimpacto-consulting-sl\/"]}]}},"_links":{"self":[{"href":"https:\/\/webimpacto.consulting\/sr\/wp-json\/wp\/v2\/pages\/60831","targetHints":{"allow":["GET"]}}],"collection":[{"href":"https:\/\/webimpacto.consulting\/sr\/wp-json\/wp\/v2\/pages"}],"about":[{"href":"https:\/\/webimpacto.consulting\/sr\/wp-json\/wp\/v2\/types\/page"}],"author":[{"embeddable":true,"href":"https:\/\/webimpacto.consulting\/sr\/wp-json\/wp\/v2\/users\/1"}],"replies":[{"embeddable":true,"href":"https:\/\/webimpacto.consulting\/sr\/wp-json\/wp\/v2\/comments?post=60831"}],"version-history":[{"count":1,"href":"https:\/\/webimpacto.consulting\/sr\/wp-json\/wp\/v2\/pages\/60831\/revisions"}],"predecessor-version":[{"id":69060,"href":"https:\/\/webimpacto.consulting\/sr\/wp-json\/wp\/v2\/pages\/60831\/revisions\/69060"}],"wp:attachment":[{"href":"https:\/\/webimpacto.consulting\/sr\/wp-json\/wp\/v2\/media?parent=60831"}],"curies":[{"name":"wp","href":"https:\/\/api.w.org\/{rel}","templated":true}]}}