{"id":60787,"date":"2023-10-24T13:16:42","date_gmt":"2023-10-24T13:16:42","guid":{"rendered":"http:\/\/localhost:8080\/webimpacto\/politica-de-cookies\/"},"modified":"2023-12-12T14:58:03","modified_gmt":"2023-12-12T14:58:03","slug":"politika-kolacica","status":"publish","type":"page","link":"https:\/\/webimpacto.consulting\/sr\/politika-kolacica\/","title":{"rendered":"Politika kola\u010di\u0107a"},"content":{"rendered":"\n<h4 class=\"wp-block-heading\">\u0160TA SU KOLA\u010cI\u0106I?<\/h4>\n\n\n\n<p>To su datoteke koje se \u0161alju u pretra\u017eiva\u010d, preko veb servera, kako bi se snimile aktivnosti korisnika tokom njihovog vremena pretra\u017eivanja i interakcije sa na\u0161im veb sajtom.<\/p>\n\n\n\n<h4 class=\"wp-block-heading\">VRSTE KOLA\u010cI\u0106A<\/h4>\n\n\n\n<p>Prema SUBJEKTU KOJI NJIMA UPRAVLJA:<\/p>\n\n\n\n<ul class=\"wp-block-list\">\n<li>Sopstveni (oni koji se \u0161alju sa ra\u010dunara ili domena kojim upravlja Kontrolor podataka i sa kojih se pru\u017ea usluga koju korisnik zahteva).<\/li>\n\n\n\n<li>Od tre\u0107ih lica (onih koji se \u0161alju sa ra\u010dunara ili domena kojim ne upravlja Kontrolor podataka, ve\u0107 drugi entitet koji obra\u0111uje podatke dobijene putem kola\u010di\u0107a).<\/li>\n<\/ul>\n\n\n\n<p>Prema CILJU:<\/p>\n\n\n\n<ul class=\"wp-block-list\">\n<li>Tehnike (one koje omogu\u0107avaju korisniku da se kre\u0107e kroz veb stranicu, platformu ili aplikaciju i kori\u0161\u0107enje razli\u010ditih opcija ili usluga koje postoje na njoj).<\/li>\n\n\n\n<li>Personalizacija (one koje omogu\u0107avaju da se informacije pamte tako da korisnik pristupi servisu sa odre\u0111enim karakteristikama koje mogu razlikovati njihovo iskustvo od iskustva drugih korisnika).<\/li>\n\n\n\n<li>Analitika (one koje omogu\u0107avaju osobi odgovornoj za kola\u010di\u0107e da prati i analizira pona\u0161anje korisnika veb lokacija na kojima su povezani).<\/li>\n\n\n\n<li>Bihevioralno ogla\u0161avanje (oni koji \u010duvaju informacije o pona\u0161anju korisnika, dobijene kontinuiranim posmatranjem njihovih navika pregledanja, omogu\u0107avaju\u0107i razvoj specifi\u010dnog profila za prikazivanje reklama na osnovu toga).<\/li>\n\n\n\n<li>Sa dru\u0161tvenih mre\u017ea (one koje korisniku olak\u0161avaju deljenje sadr\u017eaja na dru\u0161tvenim mre\u017eama od interesa).<\/li>\n<\/ul>\n\n\n\n<p>Prema TRAJANJU:<\/p>\n\n\n\n<ul class=\"wp-block-list\">\n<li>Trajni (oni u kojima se podaci i dalje \u010duvaju u terminalu i mogu im se pristupiti tokom perioda koji defini\u0161e osoba odgovorna za kola\u010di\u0107).<\/li>\n\n\n\n<li>Sesije (one dizajnirane da prikupljaju i \u010duvaju podatke dok korisnik pristupa vebu i tokom pru\u017eanja tra\u017eene usluge, nestaju na kraju sesije).<\/li>\n<\/ul>\n\n\n\n<h4 class=\"wp-block-heading\">KOJE KOLA\u010cI\u0106E KORISTIMO?<\/h4>\n\n\n\n<p>SOPSTVENI (funkcionalno) &nbsp;(=wp-settings-). &nbsp;Iz WordPress. Za \u010duvanje korisni\u010dkih pode\u0161avanja. Trajanje:&nbsp;Uporan.<\/p>\n\n\n\n<p>SOPSTVENI (funkcionalno) &nbsp;(=wp-settings-estafi-). &nbsp;Iz WordPress. Za \u010duvanje korisni\u010dkih pode\u0161avanja. Trajanje:&nbsp;1 godina.<\/p>\n\n\n\n<p>SOPSTVENI (funkcionalno) &nbsp;(=gdpr[allowed_cookies]).&nbsp;Iz WordPress.&nbsp;Da biste znali koje kola\u010di\u0107e je korisnik prihvatio. Trajanje:&nbsp;1 dan.<\/p>\n\n\n\n<p>SOPSTVENI (funkcionalno) &nbsp;(=gdpr[consent_types]). Iz WordPress. &nbsp;Da znate saglasnosti koje prihvata korisnik. Trajanje: 1 dan.<\/p>\n\n\n\n<p>TRE\u0106E LICE (funkcionalna) &nbsp;(=_gat &nbsp;Iz Google Analytics).&nbsp;Za \u010ditanje i filtriranje zahteva za botovima. Trajanje:&nbsp;1 minut.<\/p>\n\n\n\n<p>TRE\u0106E LICE (funkcionalna) &nbsp;(=__hssc &nbsp;Iz HubSpot). Za \u010duvanje anonimne statistike.&nbsp;Trajanje: 30 minuta.<\/p>\n\n\n\n<p>TRE\u0106E LICE (funkcionalna) &nbsp;(=__hssrc &nbsp;Iz HubSpot). Utvrdite da li je korisnik ponovo u\u010ditao pretra\u017eiva\u010d sa HubSpot-a.&nbsp;Trajanje: sesija.<\/p>\n\n\n\n<p>TRE\u0106E LICE (funkcionalna) &nbsp;(=pll_language). Iz Polylang. &nbsp;Za \u010duvanje jezi\u010dkih opcija. Trajanje: Uporan.<\/p>\n\n\n\n<p>TRE\u0106E LICE (funkcionalna) &nbsp;(=__cf_bm). Iz CloudFlare. &nbsp;Ovaj kola\u010di\u0107, koji je postavio Cloudflare, koristi se za podr\u0161ku Cloudflare-ovom upravljanju botovima. Trajanje:&nbsp;30 minuta.<\/p>\n\n\n\n<p>TRE\u0106E LICE (funkcionalna) &nbsp;(=_GRECAPTCHA). Iz Google. &nbsp;Da biste se za\u0161titili od ne\u017eeljene po\u0161te. Trajanje:&nbsp;sesija. &nbsp;<\/p>\n\n\n\n<p>TRE\u0106E LICE (Statistika) &nbsp;(=_ga &nbsp;Iz Google Analytics). Za \u010duvanje i brojanje pose\u0107enih stranica. Trajanje: 1 godina .<\/p>\n\n\n\n<p>TRE\u0106E LICE (Statistika) &nbsp;_gid &nbsp;Iz Google Analytics. &nbsp;Za \u010duvanje i brojanje pose\u0107enih stranica. Trajanje:&nbsp;1 dan. &nbsp;<\/p>\n\n\n\n<p>TRE\u0106E LICE (Marketing\/pra\u0107enje) &nbsp;(=__hstc &nbsp;Iz HubSpot). Za \u010duvanje vremena posete. Trajanje:&nbsp;13 meseci.<\/p>\n\n\n\n<p>TRE\u0106E LICE (Marketing\/pra\u0107enje) &nbsp;(=_gcl_au &nbsp;Iz Google Adsense). Za \u010duvanje i pra\u0107enje konverzija. Trajanje:&nbsp;Uporan.&nbsp;<\/p>\n\n\n\n<p>TRE\u0106E LICE (Marketing\/pra\u0107enje) \u00a0(=hubspotutk \u00a0Iz HubSpot).\u00a0Za \u010duvanje i pra\u0107enje identiteta korisnika.\u00a0Trajanje: 13 meseci.<\/p>\n\n\n\n<h4 class=\"wp-block-heading\">KAKO MOGU UPRAVLJATI KOLA\u010cI\u0106IMA?<\/h4>\n\n\n\n<p>Kada pristupate veb lokaciji, prikazuje se obave\u0161tenje o kola\u010di\u0107ima koje vas obave\u0161tava o na\u010dinu na koji mo\u017eete dati ili odbiti svoju saglasnost za instaliranje kola\u010di\u0107a. Korisnik mo\u017ee da odbije ili konfiguri\u0161e upotrebu kola\u010di\u0107a u bilo kom trenutku preko ekrana za konfigurisanje. Isto tako, korisnik ima mogu\u0107nost da konfiguri\u0161e svoj pretra\u017eiva\u010d da onemogu\u0107i ili elimini\u0161e kola\u010di\u0107e u bilo kom trenutku. Preko slede\u0107ih veza, nude se informacije o konfiguraciji razli\u010ditih internet pretra\u017eiva\u010da u vezi sa konfiguracijom kola\u010di\u0107a.<\/p>\n\n\n\n<ul class=\"wp-block-list\">\n<li><a href=\"https:\/\/support.google.com\/chrome\/answer\/95647?hl=ca\">Pode\u0161avanja kola\u010di\u0107a za Google Chrome<\/a><\/li>\n\n\n\n<li><a href=\"https:\/\/support.mozilla.org\/es\/kb\/cookies-informacion-que-los-sitios-web-guardan-en-?redirectlocale=en-US&amp;redirectslug=Cookies\">Pode\u0161avanja kola\u010di\u0107a za Mozilla FirefoX<\/a><\/li>\n\n\n\n<li><a href=\"https:\/\/support.microsoft.com\/es-es\/topic\/c%C3%B3mo-eliminar-archivos-de-cookies-en-internet-explorer-bca9446f-d873-78de-77ba-d42645fa52fc\">Pode\u0161avanja kola\u010di\u0107a za Internet Explorer<\/a><\/li>\n\n\n\n<li><a href=\"https:\/\/support.apple.com\/es-es\/HT201265\">Pode\u0161avanja kola\u010di\u0107a za Safari<\/a><\/li>\n\n\n\n<li><a href=\"https:\/\/support.microsoft.com\/es-es\/microsoft-edge\/eliminar-las-cookies-en-microsoft-edge-63947406-40ac-c3b8-57b9-2a946a29ae09#:~:text=%20Eliminar%20las%20cookies%20en%20Microsoft%20Edge%20,Cookies%20y%20otros%20datos%20del%20sitio.%20More%20\">Pode\u0161avanja kola\u010di\u0107a u Microsoft Edge-u<\/a><\/li>\n<\/ul>\n\n\n\n<h4 class=\"wp-block-heading\">A\u017dURIRANJE<\/h4>\n\n\n\n<p>Ova Politika kola\u010di\u0107a mo\u017ee se a\u017eurirati na osnovu zakonskih ili regulatornih zahteva, ili u cilju prilago\u0111avanja navedene politike uputstvima izdatim od strane Organa za za\u0161titu podataka. Korisnicima se savetuje da ga povremeno pose\u0107uju.<\/p>\n\n\n\n<h4 class=\"wp-block-heading\">VI\u0160E INFORMACIJA<\/h4>\n\n\n\n<p>Ako \u017eelite vi\u0161e informacija, pristupite na\u0161oj politici privatnosti ili nas kontaktirajte.<\/p>\n","protected":false},"excerpt":{"rendered":"<p>\u0160TA SU KOLA\u010cI\u0106I? To su datoteke koje se \u0161alju u pretra\u017eiva\u010d, preko veb servera, kako bi se snimile aktivnosti korisnika tokom njihovog vremena pretra\u017eivanja i interakcije sa na\u0161im veb sajtom. VRSTE KOLA\u010cI\u0106A Prema SUBJEKTU KOJI NJIMA UPRAVLJA: Prema CILJU: Prema TRAJANJU: KOJE KOLA\u010cI\u0106E KORISTIMO? SOPSTVENI (funkcionalno) &nbsp;(=wp-settings-). &nbsp;Iz WordPress. Za \u010duvanje korisni\u010dkih pode\u0161avanja. Trajanje:&nbsp;Uporan. SOPSTVENI [&hellip;]<\/p>\n","protected":false},"author":1,"featured_media":0,"parent":0,"menu_order":0,"comment_status":"closed","ping_status":"closed","template":"page-legal.php","meta":{"_acf_changed":false,"inline_featured_image":false,"footnotes":""},"class_list":["post-60787","page","type-page","status-publish","hentry"],"acf":[],"yoast_head":"<!-- This site is optimized with the Yoast SEO plugin v25.7 - https:\/\/yoast.com\/wordpress\/plugins\/seo\/ -->\n<title>Politika kola\u010di\u0107a | Webimpacto<\/title>\n<meta name=\"robots\" content=\"index, follow, max-snippet:-1, max-image-preview:large, max-video-preview:-1\" \/>\n<link rel=\"canonical\" href=\"https:\/\/webimpacto.consulting\/sr\/politika-kolacica\/\" \/>\n<meta property=\"og:locale\" content=\"sr_RS\" \/>\n<meta property=\"og:type\" content=\"article\" \/>\n<meta property=\"og:title\" content=\"Politika kola\u010di\u0107a | Webimpacto\" \/>\n<meta property=\"og:description\" content=\"\u0160TA SU KOLA\u010cI\u0106I? To su datoteke koje se \u0161alju u pretra\u017eiva\u010d, preko veb servera, kako bi se snimile aktivnosti korisnika tokom njihovog vremena pretra\u017eivanja i interakcije sa na\u0161im veb sajtom. VRSTE KOLA\u010cI\u0106A Prema SUBJEKTU KOJI NJIMA UPRAVLJA: Prema CILJU: Prema TRAJANJU: KOJE KOLA\u010cI\u0106E KORISTIMO? SOPSTVENI (funkcionalno) &nbsp;(=wp-settings-). &nbsp;Iz WordPress. Za \u010duvanje korisni\u010dkih pode\u0161avanja. Trajanje:&nbsp;Uporan. SOPSTVENI [&hellip;]\" \/>\n<meta property=\"og:url\" content=\"https:\/\/webimpacto.consulting\/sr\/politika-kolacica\/\" \/>\n<meta property=\"og:site_name\" content=\"Webimpacto\" \/>\n<meta property=\"article:modified_time\" content=\"2023-12-12T14:58:03+00:00\" \/>\n<meta property=\"og:image\" content=\"https:\/\/webimpacto.consulting\/wp-content\/uploads\/2023\/11\/screenshot.png\" \/>\n\t<meta property=\"og:image:width\" content=\"1421\" \/>\n\t<meta property=\"og:image:height\" content=\"774\" \/>\n\t<meta property=\"og:image:type\" content=\"image\/png\" \/>\n<meta name=\"twitter:card\" content=\"summary_large_image\" \/>\n<meta name=\"twitter:label1\" content=\"\u041f\u0440\u043e\u0446\u0435\u045a\u0435\u043d\u043e \u0432\u0440\u0435\u043c\u0435 \u0447\u0438\u0442\u0430\u045a\u0430\" \/>\n\t<meta name=\"twitter:data1\" content=\"4 \u043c\u0438\u043d\u0443\u0442\u0430\" \/>\n<script type=\"application\/ld+json\" class=\"yoast-schema-graph\">{\"@context\":\"https:\/\/schema.org\",\"@graph\":[{\"@type\":\"WebPage\",\"@id\":\"https:\/\/webimpacto.consulting\/sr\/politika-kolacica\/\",\"url\":\"https:\/\/webimpacto.consulting\/sr\/politika-kolacica\/\",\"name\":\"Politika kola\u010di\u0107a | Webimpacto\",\"isPartOf\":{\"@id\":\"https:\/\/webimpacto.consulting\/sr\/#website\"},\"datePublished\":\"2023-10-24T13:16:42+00:00\",\"dateModified\":\"2023-12-12T14:58:03+00:00\",\"breadcrumb\":{\"@id\":\"https:\/\/webimpacto.consulting\/sr\/politika-kolacica\/#breadcrumb\"},\"inLanguage\":\"sr-RS\",\"potentialAction\":[{\"@type\":\"ReadAction\",\"target\":[\"https:\/\/webimpacto.consulting\/sr\/politika-kolacica\/\"]}]},{\"@type\":\"BreadcrumbList\",\"@id\":\"https:\/\/webimpacto.consulting\/sr\/politika-kolacica\/#breadcrumb\",\"itemListElement\":[{\"@type\":\"ListItem\",\"position\":1,\"name\":\"Portada\",\"item\":\"https:\/\/webimpacto.consulting\/sr\/\"},{\"@type\":\"ListItem\",\"position\":2,\"name\":\"Politika kola\u010di\u0107a\"}]},{\"@type\":\"WebSite\",\"@id\":\"https:\/\/webimpacto.consulting\/sr\/#website\",\"url\":\"https:\/\/webimpacto.consulting\/sr\/\",\"name\":\"Webimpacto Consulting S.L.\",\"description\":\"Strate\u0161ki konsultant za digitalno poslovanje\",\"publisher\":{\"@id\":\"https:\/\/webimpacto.consulting\/sr\/#organization\"},\"potentialAction\":[{\"@type\":\"SearchAction\",\"target\":{\"@type\":\"EntryPoint\",\"urlTemplate\":\"https:\/\/webimpacto.consulting\/sr\/?s={search_term_string}\"},\"query-input\":{\"@type\":\"PropertyValueSpecification\",\"valueRequired\":true,\"valueName\":\"search_term_string\"}}],\"inLanguage\":\"sr-RS\"},{\"@type\":\"Organization\",\"@id\":\"https:\/\/webimpacto.consulting\/sr\/#organization\",\"name\":\"Webimpacto Consulting S.L.\",\"url\":\"https:\/\/webimpacto.consulting\/sr\/\",\"logo\":{\"@type\":\"ImageObject\",\"inLanguage\":\"sr-RS\",\"@id\":\"https:\/\/webimpacto.consulting\/sr\/#\/schema\/logo\/image\/\",\"url\":\"https:\/\/webimpacto.consulting\/wp-content\/uploads\/2023\/10\/logo-color.svg\",\"contentUrl\":\"https:\/\/webimpacto.consulting\/wp-content\/uploads\/2023\/10\/logo-color.svg\",\"width\":223,\"height\":29,\"caption\":\"Webimpacto Consulting S.L.\"},\"image\":{\"@id\":\"https:\/\/webimpacto.consulting\/sr\/#\/schema\/logo\/image\/\"},\"sameAs\":[\"https:\/\/www.linkedin.com\/company\/webimpacto-consulting-sl\/\"]}]}<\/script>\n<!-- \/ Yoast SEO plugin. -->","yoast_head_json":{"title":"Politika kola\u010di\u0107a | Webimpacto","robots":{"index":"index","follow":"follow","max-snippet":"max-snippet:-1","max-image-preview":"max-image-preview:large","max-video-preview":"max-video-preview:-1"},"canonical":"https:\/\/webimpacto.consulting\/sr\/politika-kolacica\/","og_locale":"sr_RS","og_type":"article","og_title":"Politika kola\u010di\u0107a | Webimpacto","og_description":"\u0160TA SU KOLA\u010cI\u0106I? To su datoteke koje se \u0161alju u pretra\u017eiva\u010d, preko veb servera, kako bi se snimile aktivnosti korisnika tokom njihovog vremena pretra\u017eivanja i interakcije sa na\u0161im veb sajtom. VRSTE KOLA\u010cI\u0106A Prema SUBJEKTU KOJI NJIMA UPRAVLJA: Prema CILJU: Prema TRAJANJU: KOJE KOLA\u010cI\u0106E KORISTIMO? SOPSTVENI (funkcionalno) &nbsp;(=wp-settings-). &nbsp;Iz WordPress. Za \u010duvanje korisni\u010dkih pode\u0161avanja. Trajanje:&nbsp;Uporan. SOPSTVENI [&hellip;]","og_url":"https:\/\/webimpacto.consulting\/sr\/politika-kolacica\/","og_site_name":"Webimpacto","article_modified_time":"2023-12-12T14:58:03+00:00","og_image":[{"width":1421,"height":774,"url":"https:\/\/webimpacto.consulting\/wp-content\/uploads\/2023\/11\/screenshot.png","type":"image\/png"}],"twitter_card":"summary_large_image","twitter_misc":{"\u041f\u0440\u043e\u0446\u0435\u045a\u0435\u043d\u043e \u0432\u0440\u0435\u043c\u0435 \u0447\u0438\u0442\u0430\u045a\u0430":"4 \u043c\u0438\u043d\u0443\u0442\u0430"},"schema":{"@context":"https:\/\/schema.org","@graph":[{"@type":"WebPage","@id":"https:\/\/webimpacto.consulting\/sr\/politika-kolacica\/","url":"https:\/\/webimpacto.consulting\/sr\/politika-kolacica\/","name":"Politika kola\u010di\u0107a | Webimpacto","isPartOf":{"@id":"https:\/\/webimpacto.consulting\/sr\/#website"},"datePublished":"2023-10-24T13:16:42+00:00","dateModified":"2023-12-12T14:58:03+00:00","breadcrumb":{"@id":"https:\/\/webimpacto.consulting\/sr\/politika-kolacica\/#breadcrumb"},"inLanguage":"sr-RS","potentialAction":[{"@type":"ReadAction","target":["https:\/\/webimpacto.consulting\/sr\/politika-kolacica\/"]}]},{"@type":"BreadcrumbList","@id":"https:\/\/webimpacto.consulting\/sr\/politika-kolacica\/#breadcrumb","itemListElement":[{"@type":"ListItem","position":1,"name":"Portada","item":"https:\/\/webimpacto.consulting\/sr\/"},{"@type":"ListItem","position":2,"name":"Politika kola\u010di\u0107a"}]},{"@type":"WebSite","@id":"https:\/\/webimpacto.consulting\/sr\/#website","url":"https:\/\/webimpacto.consulting\/sr\/","name":"Webimpacto Consulting S.L.","description":"Strate\u0161ki konsultant za digitalno poslovanje","publisher":{"@id":"https:\/\/webimpacto.consulting\/sr\/#organization"},"potentialAction":[{"@type":"SearchAction","target":{"@type":"EntryPoint","urlTemplate":"https:\/\/webimpacto.consulting\/sr\/?s={search_term_string}"},"query-input":{"@type":"PropertyValueSpecification","valueRequired":true,"valueName":"search_term_string"}}],"inLanguage":"sr-RS"},{"@type":"Organization","@id":"https:\/\/webimpacto.consulting\/sr\/#organization","name":"Webimpacto Consulting S.L.","url":"https:\/\/webimpacto.consulting\/sr\/","logo":{"@type":"ImageObject","inLanguage":"sr-RS","@id":"https:\/\/webimpacto.consulting\/sr\/#\/schema\/logo\/image\/","url":"https:\/\/webimpacto.consulting\/wp-content\/uploads\/2023\/10\/logo-color.svg","contentUrl":"https:\/\/webimpacto.consulting\/wp-content\/uploads\/2023\/10\/logo-color.svg","width":223,"height":29,"caption":"Webimpacto Consulting S.L."},"image":{"@id":"https:\/\/webimpacto.consulting\/sr\/#\/schema\/logo\/image\/"},"sameAs":["https:\/\/www.linkedin.com\/company\/webimpacto-consulting-sl\/"]}]}},"_links":{"self":[{"href":"https:\/\/webimpacto.consulting\/sr\/wp-json\/wp\/v2\/pages\/60787","targetHints":{"allow":["GET"]}}],"collection":[{"href":"https:\/\/webimpacto.consulting\/sr\/wp-json\/wp\/v2\/pages"}],"about":[{"href":"https:\/\/webimpacto.consulting\/sr\/wp-json\/wp\/v2\/types\/page"}],"author":[{"embeddable":true,"href":"https:\/\/webimpacto.consulting\/sr\/wp-json\/wp\/v2\/users\/1"}],"replies":[{"embeddable":true,"href":"https:\/\/webimpacto.consulting\/sr\/wp-json\/wp\/v2\/comments?post=60787"}],"version-history":[{"count":1,"href":"https:\/\/webimpacto.consulting\/sr\/wp-json\/wp\/v2\/pages\/60787\/revisions"}],"predecessor-version":[{"id":61650,"href":"https:\/\/webimpacto.consulting\/sr\/wp-json\/wp\/v2\/pages\/60787\/revisions\/61650"}],"wp:attachment":[{"href":"https:\/\/webimpacto.consulting\/sr\/wp-json\/wp\/v2\/media?parent=60787"}],"curies":[{"name":"wp","href":"https:\/\/api.w.org\/{rel}","templated":true}]}}