{"id":60830,"date":"2023-10-23T10:38:33","date_gmt":"2023-10-23T10:38:33","guid":{"rendered":"http:\/\/localhost:8080\/webimpacto\/politicas-de-privacidad\/"},"modified":"2026-03-03T11:43:31","modified_gmt":"2026-03-03T11:43:31","slug":"adatvedelmi-iranyelvek","status":"publish","type":"page","link":"https:\/\/webimpacto.consulting\/hu\/adatvedelmi-iranyelvek\/","title":{"rendered":"Adatv\u00e9delmi ir\u00e1nyelvek"},"content":{"rendered":"\n<h3 class=\"wp-block-heading\"><span class=\"red\">1.<\/span>&nbsp;Ki az \u00d6n adatainak adatkezel\u0151je?<\/h3>\n\n\n\n<p><strong>A felel\u0151s szem\u00e9ly el\u00e9rhet\u0151s\u00e9gei:<\/strong><\/p>\n\n\n\n<ul class=\"wp-block-list\">\n<li>Teljes n\u00e9v: Webimpacto Consulting, S.L<\/li>\n\n\n\n<li>Bejegyzett sz\u00e9khely: C\/ Plasencia 1-17, 28935, M\u00f3stoles (Madrid)<\/li>\n\n\n\n<li>CIF: B45814670<\/li>\n<\/ul>\n\n\n\n<p><strong>Az adatv\u00e9delmi tisztvisel\u0151i feladatokat ell\u00e1t\u00f3 szem\u00e9ly (Biztons\u00e1gi Bizotts\u00e1g) el\u00e9rhet\u0151s\u00e9gei:<\/strong><\/p>\n\n\n\n<ul class=\"wp-block-list\">\n<li>Telefonon\u00a0<a href=\"tel:(+34)672022687\">(+34) 672 02 26 87<\/a>\u00a0\u00e9s\/vagy e-mailben:\u00a0<a href=\"mailto:privacidad@webimpacto.es\">privacidad@webimpacto.es<\/a>.<\/li>\n<\/ul>\n\n\n\n<h3 class=\"wp-block-heading\"><span class=\"red\">2.<\/span>&nbsp;A szab\u00e1lyzat hat\u00e1lya<\/h3>\n\n\n\n<p>Amikor \u00d6n bel\u00e9p \u00e9s haszn\u00e1lja ezt a weboldalt, vagy b\u00e1rmilyen m\u00e1s, szem\u00e9lyes adatok feldolgoz\u00e1s\u00e1val j\u00e1r\u00f3 eszk\u00f6zt haszn\u00e1l, \u00d6n elfogadja a jelen Adatv\u00e9delmi szab\u00e1lyzatot, valamint a Jogi felt\u00e9telek (Jogi k\u00f6zlem\u00e9ny) \u00e9s a S\u00fctikre vonatkoz\u00f3 szab\u00e1lyzat rendelkez\u00e9seit.<\/p>\n\n\n\n<p>A WEBIMPACTO-n\u00e1l t\u00e1j\u00e9koztat\u00e1st ny\u00fajtunk \u00d6nnek, hogy szem\u00e9lyes adatainak kit\u00f6lt\u00e9se el\u0151tt hozz\u00e1f\u00e9rhessen az Adatv\u00e9delmi szab\u00e1lyzathoz \u00e9s minden egy\u00e9b, az adatv\u00e9delemmel kapcsolatos l\u00e9nyeges inform\u00e1ci\u00f3hoz.<\/p>\n\n\n\n<h3 class=\"wp-block-heading\"><span class=\"red\">3.<\/span> Alapelvek<\/h3>\n\n\n\n<ul class=\"wp-block-list\">\n<li>Soha nem k\u00e9r\u00fcnk szem\u00e9lyes adatokat, kiv\u00e9ve, ha azok val\u00f3ban sz\u00fcks\u00e9gesek a k\u00e9rt szolg\u00e1ltat\u00e1sok ny\u00fajt\u00e1s\u00e1hoz.<\/li>\n\n\n\n<li>Szem\u00e9lyes adatait soha nem osztjuk meg senkivel, kiv\u00e9ve, ha a t\u00f6rv\u00e9nynek val\u00f3 megfelel\u00e9s \u00e9rdek\u00e9ben vagy az \u00d6n kifejezett enged\u00e9ly\u00e9vel t\u00f6rt\u00e9nik.<\/li>\n\n\n\n<li>Szem\u00e9lyes adatait soha nem haszn\u00e1ljuk fel m\u00e1s c\u00e9lra, mint ami ebben az adatv\u00e9delmi szab\u00e1lyzatban szerepel.<\/li>\n<\/ul>\n\n\n\n<h3 class=\"wp-block-heading\"><span class=\"red\">4.<\/span>&nbsp;Mire fogjuk felhaszn\u00e1lni az \u00d6n adatait<\/h3>\n\n\n\n<p>A WEBIMPACTO tiszteletben tartja az \u00d6n mint \u00fcgyf\u00e9l mag\u00e1n\u00e9let\u00e9t. Egyes szolg\u00e1ltat\u00e1saink kezel\u00e9s\u00e9hez \u00e9s karbantart\u00e1s\u00e1hoz, valamint a jelen Adatv\u00e9delmi szab\u00e1lyzatban meghat\u00e1rozott egy\u00e9b c\u00e9lokra gy\u0171jtj\u00fck a sz\u00fcks\u00e9ges szem\u00e9lyes adatokat.<\/p>\n\n\n\n<h3 class=\"wp-block-heading\"><span class=\"red\">5.<\/span>&nbsp;Milyen esetekben k\u00e9rj\u00fck az \u00d6n adatait<\/h3>\n\n\n\n<p><strong>A WEBIMPACTO az \u00d6n szem\u00e9lyes adatait a k\u00f6vetkez\u0151 c\u00e9lokb\u00f3l kezeli::<\/strong><\/p>\n\n\n\n<ul class=\"wp-block-list\">\n<li>SZERZ\u0150D\u00c9SI: i) A WEBIMPACTO-val szerz\u0151d\u00f6tt szolg\u00e1ltat\u00e1sok teljes\u00edt\u00e9s\u00e9nek \u00e9s a szerz\u0151d\u00e9ses kapcsolatb\u00f3l ered\u0151 valamennyi ir\u00e1ny\u00edt\u00e1snak a szerz\u0151d\u00e9se, fenntart\u00e1sa \u00e9s fel\u00fclvizsg\u00e1lata.<\/li>\n\n\n\n<li>BELEEGYEZ\u00c9S (i) B\u00e1rmilyen marketing \u00e9s kereskedelmi tev\u00e9kenys\u00e9g, amelyet b\u00e1rmilyen m\u00f3don v\u00e9geznek, bele\u00e9rtve a telematikai eszk\u00f6z\u00f6ket is (ii) az \u00e1ll\u00e1sp\u00e1ly\u00e1zatok kezel\u00e9se \u00e9s feldolgoz\u00e1sa c\u00e9lj\u00e1b\u00f3l.<\/li>\n\n\n\n<li>JOGI \u00c9RDEK: (i) kereskedelmi tev\u00e9kenys\u00e9gek v\u00e9grehajt\u00e1sa, (ii) csal\u00e1s megel\u0151z\u00e9se, kivizsg\u00e1l\u00e1sa \u00e9s felder\u00edt\u00e9se, (iii) term\u00e9k- \u00e9s szolg\u00e1ltat\u00e1saj\u00e1nlatok k\u00fcld\u00e9se, figyelembe v\u00e9ve az \u00d6n \u00e1ltal kor\u00e1bban ig\u00e9nybe vett term\u00e9keket \u00e9s szolg\u00e1ltat\u00e1sokat.<\/li>\n<\/ul>\n\n\n\n<h3 class=\"wp-block-heading\"><span class=\"red\">6.<\/span> Az \u00d6n adatai m\u00e1s c\u00edmzettek sz\u00e1m\u00e1ra is \u00e1tad\u00e1sra ker\u00fclnek.<\/h3>\n\n\n\n<ul class=\"wp-block-list\">\n<li>\u00dcgyf\u00e9lk\u00e9nt regisztr\u00e1lni \u00d6nt a WEBIMPACTO-ban.<\/li>\n\n\n\n<li>Az \u00e1ltalunk k\u00edn\u00e1lt szolg\u00e1ltat\u00e1sok \u00e9s\/vagy term\u00e9kek b\u00e1rmelyik\u00e9nek ig\u00e9nyl\u00e9se.<\/li>\n\n\n\n<li>A vel\u00fcnk vagy partnerc\u00e9gekkel val\u00f3 munkav\u00e9gz\u00e9sre jelentkez\u0151k jelentkez\u00e9s\u00e9nek kezel\u00e9se.<\/li>\n\n\n\n<li>V\u00e1laszolni b\u00e1rmilyen k\u00e9rd\u00e9s\u00e9re.<\/li>\n<\/ul>\n\n\n\n<h3 class=\"wp-block-heading\"><span class=\"red\">7.<\/span>&nbsp;Mennyi ideig \u0151rizz\u00fck meg az \u00d6n szem\u00e9lyes adatait.<\/h3>\n\n\n\n<p>Az \u00d6n nyugalma a mi priorit\u00e1sunk. Ez\u00e9rt garant\u00e1ljuk, hogy az \u00d6n adatait csak a k\u00f6vetkez\u0151kkel k\u00f6z\u00f6lj\u00fck:<\/p>\n\n\n\n<p>Az illet\u00e9kes \u00e1llami szervek, az ad\u00f3hivatal, az \u00e1llambiztons\u00e1gi er\u0151k \u00e9s test\u00fcletek, a b\u00edr\u00e1k \u00e9s b\u00edr\u00f3s\u00e1gok, amennyiben a WEBIMPACTO jogszab\u00e1lyi k\u00f6telezetts\u00e9get v\u00e1llal ezek biztos\u00edt\u00e1s\u00e1ra.<\/p>\n\n\n\n<p>&nbsp;A szakmai gyakorlatban egy\u00fcttm\u0171k\u00f6d\u0151 v\u00e1llalatok a hat\u00e1lyos jogszab\u00e1lyoknak megfelel\u0151en.<\/p>\n\n\n\n<p>&nbsp;A WEBIMPACTO tov\u00e1bb\u00e1 egy\u00fcttm\u0171k\u00f6dik n\u00e9h\u00e1ny harmadik f\u00e9l szolg\u00e1ltat\u00f3val, akik hozz\u00e1f\u00e9r\u00e9ssel rendelkeznek az \u00d6n szem\u00e9lyes adataihoz, \u00e9s akik a WEBIMPACTO nev\u00e9ben \u00e9s megb\u00edz\u00e1s\u00e1b\u00f3l a fent eml\u00edtett adatokat a szolg\u00e1ltat\u00e1sny\u00fajt\u00e1suk k\u00f6vetkezm\u00e9nyek\u00e9nt kezelik.<\/p>\n\n\n\n<p>K\u00fcl\u00f6n\u00f6sen, p\u00e9ldak\u00e9nt \u00e9s korl\u00e1toz\u00e1s n\u00e9lk\u00fcl, a fent eml\u00edtett sz\u00e1ll\u00edt\u00f3k a k\u00f6vetkez\u0151 \u00e1gazatokban ny\u00fajtanak szolg\u00e1ltat\u00e1sokat: fut\u00e1r- \u00e9s csomagk\u00fcld\u0151 szolg\u00e1ltat\u00e1sok, banki szolg\u00e1ltat\u00e1sok stb.<\/p>\n\n\n\n<p>Szem\u00e9lyes adatait semmilyen k\u00f6r\u00fclm\u00e9nyek k\u00f6z\u00f6tt nem osztjuk meg harmadik felekkel az \u00d6n el\u0151zetes beleegyez\u00e9se n\u00e9lk\u00fcl.<\/p>\n\n\n\n<h3 class=\"wp-block-heading\"><span class=\"red\">8.<\/span>&nbsp;Hogyan gyakorolhatja jogait<\/h3>\n\n\n\n<p>Szem\u00e9lyes adatainak jogosultjak\u00e9nt \u00d6n rendelkezik az adatok felett. \u00cdgy biztos\u00edtjuk azt is, hogy az inform\u00e1ci\u00f3k pontosak \u00e9s igazak legyenek.<br>\u200d<br><strong>A gyakorolhat\u00f3 jogok a k\u00f6vetkez\u0151k:<\/strong><\/p>\n\n\n\n<ul class=\"wp-block-list\">\n<li>Hozz\u00e1f\u00e9r\u00e9si jog: \u00d6n betekinthet abba, ahogy a WEBIMPACTO-n\u00e1l kezelj\u00fck az \u00d6nre vonatkoz\u00f3 szem\u00e9lyes adatokat.<\/li>\n\n\n\n<li>Helyesb\u00edt\u00e9shez \u00e9s t\u00f6rl\u00e9shez val\u00f3 jog: \u00d6n hozz\u00e1f\u00e9rhet szem\u00e9lyes adataihoz, \u00e9s k\u00e9rheti adatainak helyesb\u00edt\u00e9s\u00e9t vagy t\u00f6rl\u00e9s\u00e9t, ha azok pontatlanok vagy m\u00e1r nem sz\u00fcks\u00e9gesek azokhoz a c\u00e9lokhoz, amelyekhez azokat gy\u0171jt\u00f6tt\u00e9k.<\/li>\n\n\n\n<li>Tiltakoz\u00e1si jog: \u00d6n tiltakozhat adatai feldolgoz\u00e1sa ellen, kiv\u00e9ve, ha k\u00e9nyszer\u00edt\u0151 erej\u0171 jogos okokb\u00f3l, vagy esetleges k\u00f6vetel\u00e9sek gyakorl\u00e1sa vagy v\u00e9delme \u00e9rdek\u00e9ben az adatokat a megfelel\u0151 ideig, a jogi k\u00f6telezetts\u00e9gek fenn\u00e1ll\u00e1s\u00e1ig megfelel\u0151en z\u00e1rolva tartjuk.<\/li>\n\n\n\n<li>Az adatkezel\u00e9s korl\u00e1toz\u00e1s\u00e1hoz val\u00f3 jog: \u00d6n k\u00e9rheti szem\u00e9lyes adatai kezel\u00e9s\u00e9nek korl\u00e1toz\u00e1s\u00e1t, am\u00edg az adatok pontoss\u00e1g\u00e1t vagy jogszer\u0171s\u00e9g\u00e9t vitatj\u00e1k, illetve az esetleges k\u00f6vetel\u00e9sek vagy peres elj\u00e1r\u00e1sok gyakorl\u00e1sa vagy v\u00e9delme sor\u00e1n.<\/li>\n\n\n\n<li>A hordozhat\u00f3s\u00e1g joga: bizonyos k\u00f6r\u00fclm\u00e9nyek k\u00f6z\u00f6tt k\u00e9rheti az \u00d6n \u00e1ltal megadott adatok m\u00e1s adatkezel\u0151h\u00f6z t\u00f6rt\u00e9n\u0151 hordozhat\u00f3s\u00e1g\u00e1t.<\/li>\n<\/ul>\n\n\n\n<p>Jogait ingyenesen gyakorolhatja.<br>\u200d<br><strong>Hogyan tehet panaszt a Fel\u00fcgyeleti Hat\u00f3s\u00e1gn\u00e1l?<br>\u200d<\/strong><br>Ha a felhaszn\u00e1l\u00f3 \u00fagy v\u00e9li, hogy probl\u00e9ma mer\u00fcl fel azzal, ahogyan a WEBIMPACTO az adatait kezeli, panasz\u00e1val az adatv\u00e9delmi tisztvisel\u0151h\u00f6z vagy a megfelel\u0151 adatv\u00e9delmi ellen\u0151rz\u0151 hat\u00f3s\u00e1ghoz fordulhat, Spanyolorsz\u00e1g eset\u00e9ben a Spanyol Adatv\u00e9delmi \u00dcgyn\u00f6ks\u00e9ghez.<\/p>\n\n\n\n<h3 class=\"wp-block-heading\"><span class=\"red\">9.<\/span>&nbsp;Biztons\u00e1g<\/h3>\n\n\n\n<p>A WEBIMPACTO-n\u00e1l a t\u00f6rv\u00e9ny \u00e1ltal megk\u00f6vetelt legmagasabb szint\u0171 biztons\u00e1got tartjuk fenn az \u00d6n szem\u00e9lyes adatainak v\u00e9delme \u00e9rdek\u00e9ben a v\u00e9letlen elveszt\u00e9s \u00e9s a jogosulatlan hozz\u00e1f\u00e9r\u00e9s, feldolgoz\u00e1s vagy nyilv\u00e1noss\u00e1gra hozatal ellen, figyelembe v\u00e9ve a technol\u00f3gia \u00e1ll\u00e1s\u00e1t, a t\u00e1rolt adatok jelleg\u00e9t \u00e9s a r\u00e1juk vonatkoz\u00f3 kock\u00e1zatokat. Amikor megkapjuk az \u00d6n adatait, szigor\u00fa elj\u00e1r\u00e1sokat \u00e9s biztons\u00e1gi funkci\u00f3kat alkalmazunk a jogosulatlan hozz\u00e1f\u00e9r\u00e9s megakad\u00e1lyoz\u00e1sa \u00e9rdek\u00e9ben.<br><br>&nbsp;Az ebben a szakaszban le\u00edrt \u00e9s a meg\u00e1llap\u00edtott kock\u00e1zatnak megfelel\u0151 biztons\u00e1gi szint biztos\u00edt\u00e1s\u00e1ra ir\u00e1nyul\u00f3 int\u00e9zked\u00e9seknek sz\u00fcks\u00e9g eset\u00e9n a k\u00f6vetkez\u0151 int\u00e9zked\u00e9seket kell tartalmazniuk:<\/p>\n\n\n\n<ul class=\"wp-block-list\">\n<li>A szem\u00e9lyes adatok \u00e1lneves\u00edt\u00e9se \u00e9s titkos\u00edt\u00e1sa.<\/li>\n\n\n\n<li>Olyan int\u00e9zked\u00e9sek, amelyek k\u00e9pesek biztos\u00edtani a feldolgoz\u00f3 rendszerek \u00e9s szolg\u00e1ltat\u00e1sok folyamatos bizalmas jelleg\u00e9t, integrit\u00e1s\u00e1t, rendelkez\u00e9sre \u00e1ll\u00e1s\u00e1t \u00e9s rugalmass\u00e1g\u00e1t.<\/li>\n\n\n\n<li>Olyan int\u00e9zked\u00e9sek, amelyek fizikai vagy technikai incidens eset\u00e9n k\u00e9pesek gyorsan helyre\u00e1ll\u00edtani a szem\u00e9lyes adatok rendelkez\u00e9sre \u00e1ll\u00e1s\u00e1t \u00e9s a szem\u00e9lyes adatokhoz val\u00f3 hozz\u00e1f\u00e9r\u00e9st.<\/li>\n\n\n\n<li>A feldolgoz\u00e1s biztons\u00e1g\u00e1t biztos\u00edt\u00f3 technikai \u00e9s szervezeti int\u00e9zked\u00e9sek hat\u00e9konys\u00e1g\u00e1nak rendszeres ellen\u0151rz\u00e9s\u00e9re, \u00e9rt\u00e9kel\u00e9s\u00e9re \u00e9s vizsg\u00e1lat\u00e1ra szolg\u00e1l\u00f3 elj\u00e1r\u00e1s megl\u00e9te.<\/li>\n\n\n\n<li>A tov\u00e1bb\u00edtott, t\u00e1rolt vagy m\u00e1s m\u00f3don feldolgozott szem\u00e9lyes adatok v\u00e9letlen vagy jogellenes megsemmis\u00edt\u00e9s\u00e9nek, elveszt\u00e9s\u00e9nek vagy megv\u00e1ltoztat\u00e1s\u00e1nak, illetve jogosulatlan k\u00f6zl\u00e9s\u00e9nek vagy az azokhoz val\u00f3 jogosulatlan hozz\u00e1f\u00e9r\u00e9snek a kock\u00e1zat\u00e1nak rendszeres \u00e9rt\u00e9kel\u00e9se.<\/li>\n\n\n\n<li>Int\u00e9zked\u00e9sek annak biztos\u00edt\u00e1s\u00e1ra, hogy a WEBIMPACTO fennhat\u00f3s\u00e1ga alatt elj\u00e1r\u00f3 \u00e9s szem\u00e9lyes adatokhoz hozz\u00e1f\u00e9r\u0151 szem\u00e9lyek csak a WEBIMPACTO utas\u00edt\u00e1sai alapj\u00e1n dolgozhassanak fel ilyen adatokat.<\/li>\n<\/ul>\n\n\n\n<h3 class=\"wp-block-heading\"><span class=\"red\">10.<\/span> Bizalmass\u00e1g<\/h3>\n\n\n\n<p>Az esetlegesen gy\u0171jt\u00f6tt szem\u00e9lyes adatokat abszol\u00fat bizalmasan kezelj\u00fck, v\u00e1llalva, hogy azokat titokban tartjuk, \u00e9s garant\u00e1ljuk a t\u00e1rol\u00e1si k\u00f6telezetts\u00e9get az\u00e1ltal, hogy az alkalmazand\u00f3 jogszab\u00e1lyok rendelkez\u00e9seinek megfelel\u0151en minden sz\u00fcks\u00e9ges int\u00e9zked\u00e9st megtesz\u00fcnk a megv\u00e1ltoztat\u00e1suk, elveszt\u00e9s\u00fck \u00e9s jogosulatlan feldolgoz\u00e1suk vagy hozz\u00e1f\u00e9r\u00e9s\u00fck megakad\u00e1lyoz\u00e1s\u00e1ra.<\/p>\n\n\n\n<h3 class=\"wp-block-heading\"><span class=\"red\">11.<\/span>&nbsp;Elfogad\u00e1s \u00e9s beleegyez\u00e9s<\/h3>\n\n\n\n<p>A felhaszn\u00e1l\u00f3 kijelenti, hogy t\u00e1j\u00e9koztat\u00e1st kapott a szem\u00e9lyes adatok v\u00e9delm\u00e9re vonatkoz\u00f3 felt\u00e9telekr\u0151l, elfogadja \u00e9s hozz\u00e1j\u00e1rul ahhoz, hogy a WEBIMPACTO a jelen adatv\u00e9delmi szab\u00e1lyzatban megjel\u00f6lt m\u00f3don \u00e9s c\u00e9lokra feldolgozza azokat.<\/p>\n\n\n\n<h3 class=\"wp-block-heading\"><span class=\"red\">12.<\/span>&nbsp;Az adatv\u00e9delmi szab\u00e1lyzat v\u00e1ltoz\u00e1sai<\/h3>\n\n\n\n<p>A WEBIMPACTO fenntartja mag\u00e1nak a jogot a jelen szab\u00e1lyzat m\u00f3dos\u00edt\u00e1s\u00e1ra, hogy azt az \u00faj jogszab\u00e1lyokhoz vagy joggyakorlathoz, valamint az \u00e1gazatban kialakult gyakorlathoz igaz\u00edtsa. Ilyen esetekben a WEBIMPACTO ezen az oldalon a bevezetett v\u00e1ltoz\u00e1sokat a bevezet\u00e9s\u00fck el\u0151tt \u00e9sszer\u0171 id\u0151ben k\u00f6zli.<\/p>\n\n\n\n<h3 class=\"wp-block-heading\"><span class=\"red\">13.<\/span>&nbsp;Kereskedelmi posta<\/h3>\n\n\n\n<p>Az LSSICE-nek megfelel\u0151en a WEBIMPACTO nem folytat SPAM-gyakorlatot, ez\u00e9rt nem k\u00fcld elektronikus \u00faton olyan kereskedelmi e-maileket, amelyeket a felhaszn\u00e1l\u00f3 nem k\u00e9rt vagy nem enged\u00e9lyezett. K\u00f6vetkez\u00e9sk\u00e9ppen a felhaszn\u00e1l\u00f3nak a weboldalon tal\u00e1lhat\u00f3 minden egyes \u0171rlapon lehet\u0151s\u00e9ge van arra, hogy kifejezett hozz\u00e1j\u00e1rul\u00e1s\u00e1t adja a h\u00edrlev\u00e9l fogad\u00e1s\u00e1hoz, f\u00fcggetlen\u00fcl a kifejezetten k\u00e9rt kereskedelmi inform\u00e1ci\u00f3kt\u00f3l. Az inform\u00e1ci\u00f3s t\u00e1rsadalom szolg\u00e1ltat\u00e1sair\u00f3l \u00e9s az elektronikus kereskedelemr\u0151l sz\u00f3l\u00f3 34\/2002 t\u00f6rv\u00e9ny rendelkez\u00e9seivel \u00f6sszhangban a WEBIMPACTO v\u00e1llalja, hogy nem k\u00fcld kereskedelmi k\u00f6zlem\u00e9nyeket azok megfelel\u0151 azonos\u00edt\u00e1sa n\u00e9lk\u00fcl.<\/p>\n\n\n\n<h3 class=\"wp-block-heading\"><span class=\"red\">14.<\/span>&nbsp;Felel\u0151ss\u00e9g<\/h3>\n\n\n\n<p>A hamis, pontatlan, hi\u00e1nyos vagy elavult adatokat tartalmaz\u00f3 \u0171rlapok kit\u00f6lt\u00e9s\u00e9\u00e9rt kiz\u00e1r\u00f3lag a felhaszn\u00e1l\u00f3 felel.<\/p>\n\n\n\n<h3 class=\"wp-block-heading\"><span class=\"red\">15.<\/span>&nbsp;S\u00fctik<\/h3>\n\n\n\n<p>Weboldalunk &#8222;s\u00fctiket&#8221; haszn\u00e1l a weboldal haszn\u00e1lat\u00e1ra vonatkoz\u00f3 inform\u00e1ci\u00f3k gy\u0171jt\u00e9s\u00e9re. Ha r\u00e9szletesebb inform\u00e1ci\u00f3t szeretne kapni arr\u00f3l, hogy a WEBIMPACTO hogyan haszn\u00e1lja a s\u00fctiket, k\u00e9rj\u00fck, tekintse meg a&nbsp;<a href=\"https:\/\/webimpacto.consulting\/hu\/politica-de-cookies\/\" data-type=\"page\" data-id=\"60786\">S\u00fctikre vonatkoz\u00f3 szab\u00e1lyzatot.<\/a><\/p>\n","protected":false},"excerpt":{"rendered":"<p>1.&nbsp;Ki az \u00d6n adatainak adatkezel\u0151je? A felel\u0151s szem\u00e9ly el\u00e9rhet\u0151s\u00e9gei: Az adatv\u00e9delmi tisztvisel\u0151i feladatokat ell\u00e1t\u00f3 szem\u00e9ly (Biztons\u00e1gi Bizotts\u00e1g) el\u00e9rhet\u0151s\u00e9gei: 2.&nbsp;A szab\u00e1lyzat hat\u00e1lya Amikor \u00d6n bel\u00e9p \u00e9s haszn\u00e1lja ezt a weboldalt, vagy b\u00e1rmilyen m\u00e1s, szem\u00e9lyes adatok feldolgoz\u00e1s\u00e1val j\u00e1r\u00f3 eszk\u00f6zt haszn\u00e1l, \u00d6n elfogadja a jelen Adatv\u00e9delmi szab\u00e1lyzatot, valamint a Jogi felt\u00e9telek (Jogi k\u00f6zlem\u00e9ny) \u00e9s a S\u00fctikre vonatkoz\u00f3 szab\u00e1lyzat [&hellip;]<\/p>\n","protected":false},"author":1,"featured_media":0,"parent":0,"menu_order":0,"comment_status":"closed","ping_status":"closed","template":"page-legal.php","meta":{"_acf_changed":false,"inline_featured_image":false,"footnotes":""},"class_list":["post-60830","page","type-page","status-publish","hentry"],"acf":[],"yoast_head":"<!-- This site is optimized with the Yoast SEO plugin v25.7 - https:\/\/yoast.com\/wordpress\/plugins\/seo\/ -->\n<title>Adatv\u00e9delmi ir\u00e1nyelvek | Webimpacto<\/title>\n<meta name=\"robots\" content=\"index, follow, max-snippet:-1, max-image-preview:large, max-video-preview:-1\" \/>\n<link rel=\"canonical\" href=\"https:\/\/webimpacto.consulting\/hu\/adatvedelmi-iranyelvek\/\" \/>\n<meta property=\"og:locale\" content=\"hu_HU\" \/>\n<meta property=\"og:type\" content=\"article\" \/>\n<meta property=\"og:title\" content=\"Adatv\u00e9delmi ir\u00e1nyelvek | Webimpacto\" \/>\n<meta property=\"og:description\" content=\"1.&nbsp;Ki az \u00d6n adatainak adatkezel\u0151je? A felel\u0151s szem\u00e9ly el\u00e9rhet\u0151s\u00e9gei: Az adatv\u00e9delmi tisztvisel\u0151i feladatokat ell\u00e1t\u00f3 szem\u00e9ly (Biztons\u00e1gi Bizotts\u00e1g) el\u00e9rhet\u0151s\u00e9gei: 2.&nbsp;A szab\u00e1lyzat hat\u00e1lya Amikor \u00d6n bel\u00e9p \u00e9s haszn\u00e1lja ezt a weboldalt, vagy b\u00e1rmilyen m\u00e1s, szem\u00e9lyes adatok feldolgoz\u00e1s\u00e1val j\u00e1r\u00f3 eszk\u00f6zt haszn\u00e1l, \u00d6n elfogadja a jelen Adatv\u00e9delmi szab\u00e1lyzatot, valamint a Jogi felt\u00e9telek (Jogi k\u00f6zlem\u00e9ny) \u00e9s a S\u00fctikre vonatkoz\u00f3 szab\u00e1lyzat [&hellip;]\" \/>\n<meta property=\"og:url\" content=\"https:\/\/webimpacto.consulting\/hu\/adatvedelmi-iranyelvek\/\" \/>\n<meta property=\"og:site_name\" content=\"Webimpacto\" \/>\n<meta property=\"article:modified_time\" content=\"2026-03-03T11:43:31+00:00\" \/>\n<meta property=\"og:image\" content=\"https:\/\/webimpacto.consulting\/wp-content\/uploads\/2023\/11\/screenshot.png\" \/>\n\t<meta property=\"og:image:width\" content=\"1421\" \/>\n\t<meta property=\"og:image:height\" content=\"774\" \/>\n\t<meta property=\"og:image:type\" content=\"image\/png\" \/>\n<meta name=\"twitter:card\" content=\"summary_large_image\" \/>\n<meta name=\"twitter:label1\" content=\"Becs\u00fclt olvas\u00e1si id\u0151\" \/>\n\t<meta name=\"twitter:data1\" content=\"5 perc\" \/>\n<script type=\"application\/ld+json\" class=\"yoast-schema-graph\">{\"@context\":\"https:\/\/schema.org\",\"@graph\":[{\"@type\":\"WebPage\",\"@id\":\"https:\/\/webimpacto.consulting\/hu\/adatvedelmi-iranyelvek\/\",\"url\":\"https:\/\/webimpacto.consulting\/hu\/adatvedelmi-iranyelvek\/\",\"name\":\"Adatv\u00e9delmi ir\u00e1nyelvek | Webimpacto\",\"isPartOf\":{\"@id\":\"https:\/\/webimpacto.consulting\/hu\/#website\"},\"datePublished\":\"2023-10-23T10:38:33+00:00\",\"dateModified\":\"2026-03-03T11:43:31+00:00\",\"breadcrumb\":{\"@id\":\"https:\/\/webimpacto.consulting\/hu\/adatvedelmi-iranyelvek\/#breadcrumb\"},\"inLanguage\":\"hu\",\"potentialAction\":[{\"@type\":\"ReadAction\",\"target\":[\"https:\/\/webimpacto.consulting\/hu\/adatvedelmi-iranyelvek\/\"]}]},{\"@type\":\"BreadcrumbList\",\"@id\":\"https:\/\/webimpacto.consulting\/hu\/adatvedelmi-iranyelvek\/#breadcrumb\",\"itemListElement\":[{\"@type\":\"ListItem\",\"position\":1,\"name\":\"Portada\",\"item\":\"https:\/\/webimpacto.consulting\/hu\/\"},{\"@type\":\"ListItem\",\"position\":2,\"name\":\"Adatv\u00e9delmi ir\u00e1nyelvek\"}]},{\"@type\":\"WebSite\",\"@id\":\"https:\/\/webimpacto.consulting\/hu\/#website\",\"url\":\"https:\/\/webimpacto.consulting\/hu\/\",\"name\":\"Webimpacto Consulting S.L.\",\"description\":\"Digit\u00e1lis \u00dczleti Strat\u00e9giai Tan\u00e1csad\u00f3k\",\"publisher\":{\"@id\":\"https:\/\/webimpacto.consulting\/hu\/#organization\"},\"potentialAction\":[{\"@type\":\"SearchAction\",\"target\":{\"@type\":\"EntryPoint\",\"urlTemplate\":\"https:\/\/webimpacto.consulting\/hu\/?s={search_term_string}\"},\"query-input\":{\"@type\":\"PropertyValueSpecification\",\"valueRequired\":true,\"valueName\":\"search_term_string\"}}],\"inLanguage\":\"hu\"},{\"@type\":\"Organization\",\"@id\":\"https:\/\/webimpacto.consulting\/hu\/#organization\",\"name\":\"Webimpacto Consulting S.L.\",\"url\":\"https:\/\/webimpacto.consulting\/hu\/\",\"logo\":{\"@type\":\"ImageObject\",\"inLanguage\":\"hu\",\"@id\":\"https:\/\/webimpacto.consulting\/hu\/#\/schema\/logo\/image\/\",\"url\":\"https:\/\/webimpacto.consulting\/wp-content\/uploads\/2023\/10\/logo-color.svg\",\"contentUrl\":\"https:\/\/webimpacto.consulting\/wp-content\/uploads\/2023\/10\/logo-color.svg\",\"width\":223,\"height\":29,\"caption\":\"Webimpacto Consulting S.L.\"},\"image\":{\"@id\":\"https:\/\/webimpacto.consulting\/hu\/#\/schema\/logo\/image\/\"},\"sameAs\":[\"https:\/\/www.linkedin.com\/company\/webimpacto-consulting-sl\/\"]}]}<\/script>\n<!-- \/ Yoast SEO plugin. -->","yoast_head_json":{"title":"Adatv\u00e9delmi ir\u00e1nyelvek | Webimpacto","robots":{"index":"index","follow":"follow","max-snippet":"max-snippet:-1","max-image-preview":"max-image-preview:large","max-video-preview":"max-video-preview:-1"},"canonical":"https:\/\/webimpacto.consulting\/hu\/adatvedelmi-iranyelvek\/","og_locale":"hu_HU","og_type":"article","og_title":"Adatv\u00e9delmi ir\u00e1nyelvek | Webimpacto","og_description":"1.&nbsp;Ki az \u00d6n adatainak adatkezel\u0151je? A felel\u0151s szem\u00e9ly el\u00e9rhet\u0151s\u00e9gei: Az adatv\u00e9delmi tisztvisel\u0151i feladatokat ell\u00e1t\u00f3 szem\u00e9ly (Biztons\u00e1gi Bizotts\u00e1g) el\u00e9rhet\u0151s\u00e9gei: 2.&nbsp;A szab\u00e1lyzat hat\u00e1lya Amikor \u00d6n bel\u00e9p \u00e9s haszn\u00e1lja ezt a weboldalt, vagy b\u00e1rmilyen m\u00e1s, szem\u00e9lyes adatok feldolgoz\u00e1s\u00e1val j\u00e1r\u00f3 eszk\u00f6zt haszn\u00e1l, \u00d6n elfogadja a jelen Adatv\u00e9delmi szab\u00e1lyzatot, valamint a Jogi felt\u00e9telek (Jogi k\u00f6zlem\u00e9ny) \u00e9s a S\u00fctikre vonatkoz\u00f3 szab\u00e1lyzat [&hellip;]","og_url":"https:\/\/webimpacto.consulting\/hu\/adatvedelmi-iranyelvek\/","og_site_name":"Webimpacto","article_modified_time":"2026-03-03T11:43:31+00:00","og_image":[{"width":1421,"height":774,"url":"https:\/\/webimpacto.consulting\/wp-content\/uploads\/2023\/11\/screenshot.png","type":"image\/png"}],"twitter_card":"summary_large_image","twitter_misc":{"Becs\u00fclt olvas\u00e1si id\u0151":"5 perc"},"schema":{"@context":"https:\/\/schema.org","@graph":[{"@type":"WebPage","@id":"https:\/\/webimpacto.consulting\/hu\/adatvedelmi-iranyelvek\/","url":"https:\/\/webimpacto.consulting\/hu\/adatvedelmi-iranyelvek\/","name":"Adatv\u00e9delmi ir\u00e1nyelvek | Webimpacto","isPartOf":{"@id":"https:\/\/webimpacto.consulting\/hu\/#website"},"datePublished":"2023-10-23T10:38:33+00:00","dateModified":"2026-03-03T11:43:31+00:00","breadcrumb":{"@id":"https:\/\/webimpacto.consulting\/hu\/adatvedelmi-iranyelvek\/#breadcrumb"},"inLanguage":"hu","potentialAction":[{"@type":"ReadAction","target":["https:\/\/webimpacto.consulting\/hu\/adatvedelmi-iranyelvek\/"]}]},{"@type":"BreadcrumbList","@id":"https:\/\/webimpacto.consulting\/hu\/adatvedelmi-iranyelvek\/#breadcrumb","itemListElement":[{"@type":"ListItem","position":1,"name":"Portada","item":"https:\/\/webimpacto.consulting\/hu\/"},{"@type":"ListItem","position":2,"name":"Adatv\u00e9delmi ir\u00e1nyelvek"}]},{"@type":"WebSite","@id":"https:\/\/webimpacto.consulting\/hu\/#website","url":"https:\/\/webimpacto.consulting\/hu\/","name":"Webimpacto Consulting S.L.","description":"Digit\u00e1lis \u00dczleti Strat\u00e9giai Tan\u00e1csad\u00f3k","publisher":{"@id":"https:\/\/webimpacto.consulting\/hu\/#organization"},"potentialAction":[{"@type":"SearchAction","target":{"@type":"EntryPoint","urlTemplate":"https:\/\/webimpacto.consulting\/hu\/?s={search_term_string}"},"query-input":{"@type":"PropertyValueSpecification","valueRequired":true,"valueName":"search_term_string"}}],"inLanguage":"hu"},{"@type":"Organization","@id":"https:\/\/webimpacto.consulting\/hu\/#organization","name":"Webimpacto Consulting S.L.","url":"https:\/\/webimpacto.consulting\/hu\/","logo":{"@type":"ImageObject","inLanguage":"hu","@id":"https:\/\/webimpacto.consulting\/hu\/#\/schema\/logo\/image\/","url":"https:\/\/webimpacto.consulting\/wp-content\/uploads\/2023\/10\/logo-color.svg","contentUrl":"https:\/\/webimpacto.consulting\/wp-content\/uploads\/2023\/10\/logo-color.svg","width":223,"height":29,"caption":"Webimpacto Consulting S.L."},"image":{"@id":"https:\/\/webimpacto.consulting\/hu\/#\/schema\/logo\/image\/"},"sameAs":["https:\/\/www.linkedin.com\/company\/webimpacto-consulting-sl\/"]}]}},"_links":{"self":[{"href":"https:\/\/webimpacto.consulting\/hu\/wp-json\/wp\/v2\/pages\/60830","targetHints":{"allow":["GET"]}}],"collection":[{"href":"https:\/\/webimpacto.consulting\/hu\/wp-json\/wp\/v2\/pages"}],"about":[{"href":"https:\/\/webimpacto.consulting\/hu\/wp-json\/wp\/v2\/types\/page"}],"author":[{"embeddable":true,"href":"https:\/\/webimpacto.consulting\/hu\/wp-json\/wp\/v2\/users\/1"}],"replies":[{"embeddable":true,"href":"https:\/\/webimpacto.consulting\/hu\/wp-json\/wp\/v2\/comments?post=60830"}],"version-history":[{"count":1,"href":"https:\/\/webimpacto.consulting\/hu\/wp-json\/wp\/v2\/pages\/60830\/revisions"}],"predecessor-version":[{"id":69058,"href":"https:\/\/webimpacto.consulting\/hu\/wp-json\/wp\/v2\/pages\/60830\/revisions\/69058"}],"wp:attachment":[{"href":"https:\/\/webimpacto.consulting\/hu\/wp-json\/wp\/v2\/media?parent=60830"}],"curies":[{"name":"wp","href":"https:\/\/api.w.org\/{rel}","templated":true}]}}