{"id":60806,"date":"2023-10-23T13:11:58","date_gmt":"2023-10-23T13:11:58","guid":{"rendered":"http:\/\/localhost:8080\/webimpacto\/empleos\/"},"modified":"2023-12-12T15:00:00","modified_gmt":"2023-12-12T15:00:00","slug":"foglalkoztatas","status":"publish","type":"page","link":"https:\/\/webimpacto.consulting\/hu\/foglalkoztatas\/","title":{"rendered":"Dolgozzon\u00a0vel\u00fcnk"},"content":{"rendered":"<div id=\"customizable-cols\" class=\"container-fluid px-0  \">\n\t\n    <div class=\"row\">\n\n        <div class=\"col-12\">\n            <div class=\"container\">\n                                                    <div class=\"row\">\n                        <div class=\"col-lg-6 col-md-12 col-sm-12 col-12   images-grid single-image-grid\">\n                                                            <img decoding=\"async\" src=\"https:\/\/webimpacto.consulting\/wp-content\/uploads\/2023\/11\/employ.webp\" class=\"wow zoomIn\" data-wow-delay=\"0s\" alt=\"\">\n                                                    <\/div>\n\n                        <div class=\"mt-lg-0 mt-md-5 mt-sm-5 mt-5 col-lg-6 col-md-12 col-sm-12 col-12 d-flex flex-column align-items-center justify-content-center position-relative\">\n                            <p class=\"h2 big text-center mb-lg-5 mb-md-3 mb-sm-3 mb-3\"><\/p>\n                                                            <p class=\"desc wow fadeInDown larger\">A Webimpact\u00f3n\u00e1l azon dolgozunk, hogy mi legy\u00fcnk a legjobb e-kereskedelmi \u00e9s digit\u00e1lis marketing strat\u00e9giai fejleszt\u00e9si tan\u00e1csad\u00f3 c\u00e9g a piacon. T\u00f6bb mint 100 magasan k\u00e9pzett szakember\u00fcnk van, k\u00f6zt\u00fck PrestaShop, Magento (\u00e9s m\u00e1s CMS) szak\u00e9rt\u0151k, webdesignerek, programoz\u00f3k, layout tervez\u0151k, SEO tan\u00e1csad\u00f3k, digit\u00e1lis marketing \u00e9s app szak\u00e9rt\u0151k. 2009, a megalakul\u00e1sunk \u00e9ve \u00f3ta exponenci\u00e1lisan n\u00f6veksz\u00fcnk \ud83d\ude80 . Nemzetk\u00f6zi v\u00e1llalat vagyunk, spanyolorsz\u00e1gi, magyarorsz\u00e1gi \u00e9s kolumbiai irod\u00e1kkal, amely mind Eur\u00f3p\u00e1ban, mind Amerik\u00e1ban fejl\u0151d\u00f6tt, k\u00f6sz\u00f6nhet\u0151en munk\u00e1nk min\u0151s\u00e9g\u00e9nek \u00e9s szolg\u00e1ltat\u00e1sorient\u00e1lts\u00e1gunknak. Minket a tev\u00e9kenys\u00e9g\u00fcnk \u00e9s a tanul\u00e1s ir\u00e1nti szenved\u00e9ly, az \u00fcgyfeleink projektjeiben val\u00f3 r\u00e9szv\u00e9tel \u00e9s a csapatmunka jellemez. Ha te is \u00edgy van ezzel, ne habozz, jelentkezz. A Webimpact\u00f3n\u00e1l a legjobbakkal dolgozhatsz egy\u00fctt, \u00e9s szakmai karriered az \u00e1gazat vezet\u0151 v\u00e1llalat\u00e1nak garanci\u00e1j\u00e1val fejlesztheted, amely nagy \u00fcgyfelekkel \u00e9s els\u0151 oszt\u00e1ly\u00fa projektekkel rendelkezik. Ha j\u00f3l \u00e9rzed magad a m\u0171szaki k\u00f6rnyezetben \u00e9s \u00fcgyf\u00e9lk\u00f6zpont\u00fa vagy, akkor v\u00e1runk t\u00e9ged \ud83d\ude09.<\/p>\n                                                                                                            <\/div>\n                    <\/div>\n                            <\/div>\n        <\/div>\n\n\t<\/div>\n\n<\/div>\n\n<div id=\"home-services\" class=\"container-fluid\" style=\"background-image: linear-gradient(90deg,rgba(221,21,77,0),rgba(253,0,54,.74) 50%,rgba(255,81,0,0)),url(https:\/\/webimpacto.consulting\/wp-content\/uploads\/2023\/10\/Rectangle-37.webp);background-size: auto,cover;\">\n\t\n\t<div id=\"offers\" class=\"row\">\n        <div class=\"col-12 text-center\">\n            <h2 class=\"text-light wow fadeInUp\">Munkahelyek<\/h2>\n        <\/div>\n\t\t<div class=\"col-12\">\n\t\t                <div class=\"row jobs-slider wow fadeInUp\">\n                                                            <div class=\"slide mx-xl-5 mx-lg-4 mx-md-5 mx-sm-5 mx-3 px-3\">\n                            <div class=\"inner\">\n                                <div class=\"slide-header w-100 mb-3\">\n                                    <h3 class=\"mb-0\">Projekt menedzser<\/h3>\n                                <\/div>\n                                <p class=\"w-100\">A menedzsment az e-kereskedelmi vil\u00e1got c\u00e9lozza meg<\/p>\n                                <a class=\"page-link clipped\" href=\"#job-60362\">Tudni +<\/a>\n                            <\/div>\n                        <\/div>\n                                            <div class=\"slide mx-xl-5 mx-lg-4 mx-md-5 mx-sm-5 mx-3 px-3\">\n                            <div class=\"inner\">\n                                <div class=\"slide-header w-100 mb-3\">\n                                    <h3 class=\"mb-0\">Marketing asszisztens<\/h3>\n                                <\/div>\n                                <p class=\"w-100\">Az e-kereskedelmi vil\u00e1got c\u00e9lz\u00f3 kamp\u00e1nyok kezel\u00e9se<\/p>\n                                <a class=\"page-link clipped\" href=\"#job-60366\">Tudni +<\/a>\n                            <\/div>\n                        <\/div>\n                                            <div class=\"slide mx-xl-5 mx-lg-4 mx-md-5 mx-sm-5 mx-3 px-3\">\n                            <div class=\"inner\">\n                                <div class=\"slide-header w-100 mb-3\">\n                                    <h3 class=\"mb-0\">e-Kereskedelmi fejleszt\u0151<\/h3>\n                                <\/div>\n                                <p class=\"w-100\">Web\u00e1ruh\u00e1zak fejleszt\u00e9se, karbantart\u00e1sa<\/p>\n                                <a class=\"page-link clipped\" href=\"#job-60370\">Tudni +<\/a>\n                            <\/div>\n                        <\/div>\n                                                <\/div>\n\t\t<\/div>\n\t<\/div>\n\n<\/div>\n\n            <section id=\"job-60362\" class=\"jobs-popup row position-fixed h-100\" style=\"display: none;\">\n            <div class=\"col-12\">\n                <div class=\"row h-100\">\n                    <div class=\"offset-lg-6 offset-md-4 offset-sm-0 offset-0 col-lg-6 col-md-8 col-sm-12 col-12 bg-light\">\n                        <i class=\"icon-close\">\n                            <img decoding=\"async\" src=\"https:\/\/webimpacto.consulting\/wp-content\/themes\/webimpacto\/img\/close-white.svg\" alt=\"\">\n                            <div class=\"circle\"><\/div>\n                        <\/i>\n                        <h2 class=\"fw-bold\">Projekt menedzser<\/h2>\n                        <p class=\"w-100 mb-4\">A menedzsment az e-kereskedelmi vil\u00e1got c\u00e9lozza meg<\/p>\n                        \n<h3 class=\"wp-block-heading\">Milyen inputokra van sz\u00fcks\u00e9g\u00fcnk a szerephez?<\/h3>\n\n\n\n<h4 class=\"wp-block-heading\">Alkalmass\u00e1gok:<\/h4>\n\n\n\n<ul class=\"wp-block-list\">\n<li>Szervezett, vezet\u0151i k\u00e9pess\u00e9gekkel rendelkez\u0151 szem\u00e9ly. Multidiszciplin\u00e1ris (T-alak\u00fa).<\/li>\n\n\n\n<li>Dinamikus, sokoldal\u00fa, hat\u00e1rozott \u00e9s kezdem\u00e9nyez\u0151 szem\u00e9lyis\u00e9g.<\/li>\n\n\n\n<li>K\u00e9pes \u00faj fogalmak elsaj\u00e1t\u00edt\u00e1s\u00e1ra \u00e9s analitikai \u00e9rz\u00e9kre. Nagyon szeretek hat\u00e9kony SQL lek\u00e9rdez\u00e9seket k\u00e9sz\u00edteni).<\/li>\n\n\n\n<li>\u00c9rt\u00e9kes\u00edt\u00e9s orient\u00e1lt, kommunikat\u00edv ember.<\/li>\n\n\n\n<li>Felel\u0151ss\u00e9gteljes \u00e9s elk\u00f6telezett.<\/li>\n<\/ul>\n\n\n\n<h4 class=\"wp-block-heading\">K\u00f6vetelm\u00e9nyek:<\/h4>\n\n\n\n<ul class=\"wp-block-list\">\n<li>Alapvet\u0151 e-kereskedelemben szerzett tapasztalat \u00e9s tud\u00e1s.<\/li>\n\n\n\n<li>\u00dczleti elemz\u0151 k\u00e9pess\u00e9g, strat\u00e9giai \u00e9s hossz\u00fa t\u00e1v\u00fa nyomon k\u00f6vethet\u0151s\u00e9g.<\/li>\n\n\n\n<li>Fels\u0151- vagy fels\u0151fok\u00fa tanulm\u00e1nyok<\/li>\n\n\n\n<li>A Google Analytics.<\/li>\n\n\n\n<li>Magas angol nyelvtud\u00e1s.<\/li>\n<\/ul>\n\n\n\n<h4 class=\"wp-block-heading\">Pozit\u00edvan \u00e9rt\u00e9kelj\u00fck:<\/h4>\n\n\n\n<ul class=\"wp-block-list\">\n<li>A Prestashop e-kereskedelmi platform ismerete.<\/li>\n\n\n\n<li>Vez\u00e9rl\u0151eszk\u00f6z\u00f6k (p\u00e9ld\u00e1ul Jira).<\/li>\n<\/ul>\n\n\n\n<h4 class=\"wp-block-heading\">Milyen felel\u0151ss\u00e9gei lesznek?<\/h4>\n\n\n\n<ul class=\"wp-block-list\">\n<li>Projektek k\u00f6zvetlen vezet\u00e9se.<\/li>\n\n\n\n<li>Tan\u00e1csad\u00f3\/tan\u00e1csad\u00f3i szerepk\u00f6r ell\u00e1t\u00e1sa az \u00fcgyfelekkel.<\/li>\n\n\n\n<li>Szolg\u00e1ltat\u00e1sokat \u00e9s n\u00f6veked\u00e9si strat\u00e9gi\u00e1kat aj\u00e1nlunk \u00fcgyfeleinknek. Ut\u00e1n\u00e9rt\u00e9kes\u00edt\u00e9s.<\/li>\n\n\n\n<li>A csapatok bels\u0151 terhel\u00e9seinek megszervez\u00e9se \u00e9s rangsorol\u00e1sa.<\/li>\n\n\n\n<li>Minden \u00fcgyf\u00e9l sz\u00e1ml\u00e1z\u00e1si ellen\u0151rz\u00e9se.<\/li>\n\n\n\n<li>V\u00e1llalja a felel\u0151ss\u00e9get a webhely \u00e1talak\u00edt\u00e1s\u00e1nak jav\u00edt\u00e1s\u00e1\u00e9rt.<\/li>\n\n\n\n<li>V\u00e9gezzen e-kereskedelmi min\u0151s\u00e9gellen\u0151rz\u00e9st.<\/li>\n\n\n\n<li>Jelent\u00e9sek k\u00e9sz\u00edt\u00e9se \u00e9s analitikus monitoroz\u00e1s.<\/li>\n<\/ul>\n                        <a href=\"#contactform\" class=\"btn btn-primary clipped w-100 py-2 mt-3\">\n                            <span>Jelentkez\u00e9s az aj\u00e1nlatra<\/span>\n                        <\/a>\n                    <\/div>\n                <\/div>\n            <\/div>\n        <\/section>\n            <section id=\"job-60366\" class=\"jobs-popup row position-fixed h-100\" style=\"display: none;\">\n            <div class=\"col-12\">\n                <div class=\"row h-100\">\n                    <div class=\"offset-lg-6 offset-md-4 offset-sm-0 offset-0 col-lg-6 col-md-8 col-sm-12 col-12 bg-light\">\n                        <i class=\"icon-close\">\n                            <img decoding=\"async\" src=\"https:\/\/webimpacto.consulting\/wp-content\/themes\/webimpacto\/img\/close-white.svg\" alt=\"\">\n                            <div class=\"circle\"><\/div>\n                        <\/i>\n                        <h2 class=\"fw-bold\">Marketing asszisztens<\/h2>\n                        <p class=\"w-100 mb-4\">Az e-kereskedelmi vil\u00e1got c\u00e9lz\u00f3 kamp\u00e1nyok kezel\u00e9se<\/p>\n                        \n<h3 class=\"wp-block-heading\">Milyen inputokra van sz\u00fcks\u00e9g\u00fcnk a szerephez?<\/h3>\n\n\n\n<h4 class=\"wp-block-heading\">N\u00e9lk\u00fcl\u00f6zhetetlen tud\u00e1s:<\/h4>\n\n\n\n<ul class=\"wp-block-list\">\n<li>SEO<\/li>\n\n\n\n<li>Google Ads (G.Shopping, Keres\u00e9s, Display\u2026)<\/li>\n\n\n\n<li>Web Analytics<\/li>\n\n\n\n<li>Tartalom<\/li>\n\n\n\n<li>Piacterek<\/li>\n\n\n\n<li>Facebook hirdet\u00e9sek<\/li>\n<\/ul>\n\n\n\n<h4 class=\"wp-block-heading\">K\u00f6vetelm\u00e9nyek:<\/h4>\n\n\n\n<ul class=\"wp-block-list\">\n<li>1 \u00e9v marketing oszt\u00e1lyon\/tan\u00e1csad\u00f3i ter\u00fcleten szerzett tapasztalat.<\/li>\n\n\n\n<li>J\u00f3 \u00edr\u00e1s, kommunik\u00e1ci\u00f3s k\u00e9szs\u00e9g \u00e9s csapatmunka.<\/li>\n\n\n\n<li>Nagyra \u00e9rt\u00e9kelik az \u00f6nk\u00e9pz\u00e9si k\u00e9pess\u00e9get, a proaktivit\u00e1st \u00e9s a motiv\u00e1ci\u00f3t.<\/li>\n<\/ul>\n\n\n\n<h4 class=\"wp-block-heading\">Milyen felel\u0151ss\u00e9gei lesznek?<\/h4>\n\n\n\n<ul class=\"wp-block-list\">\n<li>T\u00e1mogat\u00e1s ny\u00fajt\u00e1sa a keres\u0151motor-marketing kamp\u00e1nyok kezel\u00e9s\u00e9ben a keres\u00e9si \u00e9s Display h\u00e1l\u00f3zatok sz\u00e1m\u00e1ra.<\/li>\n\n\n\n<li>Vegyen r\u00e9szt Facebook hirdet\u00e9si kamp\u00e1nyok l\u00e9trehoz\u00e1s\u00e1ban \u00e9s kezel\u00e9s\u00e9ben, a legjelent\u0151sebb piacterekbe \u00e9s \u00f6sszehasonl\u00edt\u00f3kba val\u00f3 integr\u00e1ci\u00f3ba, valamint egy\u00e9b tev\u00e9kenys\u00e9gekbe, p\u00e9ld\u00e1ul e-mailez\u00e9sbe vagy k\u00f6z\u00f6ss\u00e9gi m\u00e9dia strat\u00e9gi\u00e1kba.<\/li>\n\n\n\n<li>Seg\u00edtsen SEO strat\u00e9gi\u00e1k megval\u00f3s\u00edt\u00e1s\u00e1ban annak \u00e9rdek\u00e9ben, hogy \u00fcgyfeleink oldalai a keres\u0151motorok els\u0151 tal\u00e1latai k\u00f6z\u00f6tt szerepeljenek.<\/li>\n\n\n\n<li>Egy\u00fcttm\u0171k\u00f6d\u00e9s a k\u00fcl\u00f6nb\u00f6z\u0151 digit\u00e1lis marketing projektekben.<\/li>\n<\/ul>\n                        <a href=\"#contactform\" class=\"btn btn-primary clipped w-100 py-2 mt-3\">\n                            <span>Jelentkez\u00e9s az aj\u00e1nlatra<\/span>\n                        <\/a>\n                    <\/div>\n                <\/div>\n            <\/div>\n        <\/section>\n            <section id=\"job-60370\" class=\"jobs-popup row position-fixed h-100\" style=\"display: none;\">\n            <div class=\"col-12\">\n                <div class=\"row h-100\">\n                    <div class=\"offset-lg-6 offset-md-4 offset-sm-0 offset-0 col-lg-6 col-md-8 col-sm-12 col-12 bg-light\">\n                        <i class=\"icon-close\">\n                            <img decoding=\"async\" src=\"https:\/\/webimpacto.consulting\/wp-content\/themes\/webimpacto\/img\/close-white.svg\" alt=\"\">\n                            <div class=\"circle\"><\/div>\n                        <\/i>\n                        <h2 class=\"fw-bold\">e-Kereskedelmi fejleszt\u0151<\/h2>\n                        <p class=\"w-100 mb-4\">Web\u00e1ruh\u00e1zak fejleszt\u00e9se, karbantart\u00e1sa<\/p>\n                        \n<h3 class=\"wp-block-heading\">Milyen tud\u00e1sra van sz\u00fcks\u00e9g\u00fcnk, hogy hozz\u00e1j\u00e1ruljon?<\/h3>\n\n\n\n<h4 class=\"wp-block-heading\">Tud\u00e1s:<\/h4>\n\n\n\n<ul class=\"wp-block-list\">\n<li>PHP OO (objektum orient\u00e1lt).<\/li>\n\n\n\n<li>Webnyelvek: HTML\/JS\/CSS.<\/li>\n\n\n\n<li>MYSQL (k\u00edv\u00e1natos a szerver sysadmin r\u00e9sze is, de nagyon szeretek hat\u00e9kony SQL lek\u00e9rdez\u00e9seket v\u00e9gezni).<\/li>\n\n\n\n<li>Git\/GitHub<\/li>\n\n\n\n<li>Miut\u00e1n dolgozott a Webszolg\u00e1ltat\u00e1s\/API-kkal \u00e9s a m\u00f6g\u00f6tte l\u00e9v\u0151 filoz\u00f3fi\u00e1val (v\u00e9gpontok, k\u00e9r\u00e9sek, v\u00e1laszok, hiteles\u00edt\u00e9s, elemz\u00e9s stb.).<\/li>\n\n\n\n<li>K\u00edv\u00e1natos a Prestashop ismerete.<\/li>\n<\/ul>\n\n\n\n<h4 class=\"wp-block-heading\">K\u00f6vetelm\u00e9nyek:<\/h4>\n\n\n\n<ul class=\"wp-block-list\">\n<li>Legal\u00e1bb 1-2 \u00e9v gyakorlat, vagy bizony\u00edthat\u00f3 hozz\u00e1\u00e1ll\u00e1s \u00e9s kell\u0151 kapacit\u00e1s (portf\u00f3li\u00f3, k\u00fcls\u0151 vagy saj\u00e1t munka)<\/li>\n\n\n\n<li>Letette a fels\u0151fok\u00fa webfejleszt\u00e9si (FPII) vagy azzal egyen\u00e9rt\u00e9k\u0171 k\u00e9pes\u00edt\u00e9st.<\/li>\n\n\n\n<li>A min\u0151s\u00e9g ir\u00e1nti szenved\u00e9ly, csapatmunka \u00e9s kommunik\u00e1ci\u00f3s k\u00e9szs\u00e9g.<\/li>\n\n\n\n<li>Folyamatos fel\u00fcgyelet n\u00e9lk\u00fcli munkav\u00e9gz\u00e9s.<\/li>\n<\/ul>\n\n\n\n<h4 class=\"wp-block-heading\">Milyen felel\u0151ss\u00e9gei lesznek?<\/h4>\n\n\n\n<ul class=\"wp-block-list\">\n<li>Programoz\u00e1si eszk\u00f6z\u00f6k \u00e9s megold\u00e1sok el\u00f6l \u00e9s h\u00e1tul is az e-kereskedelemnek szentelt webhelyekhez.<\/li>\n\n\n\n<li>Vizu\u00e1lis szempontok webes elrendez\u00e9se a tervez\u0151csapat \u00fatmutat\u00e1sait k\u00f6vetve.<\/li>\n\n\n\n<li>A JIRA platformon kereszt\u00fcl helyesen kiosztott feladatok kezel\u00e9se \u00e9s adminisztr\u00e1ci\u00f3ja.<\/li>\n\n\n\n<li>K\u00fcl\u00f6nb\u00f6z\u0151 projektekkel rendelkez\u0151 munkacsoport tagjak\u00e9nt a projektek karbantart\u00e1s\u00e1t vagy fejleszt\u00e9s\u00e9t a null\u00e1r\u00f3l hozt\u00e1k l\u00e9tre.<\/li>\n\n\n\n<li>Hagyja j\u00f3v\u00e1 a becsl\u00e9seket a feladatokban, \u00e9s\/vagy besz\u00e9ljen meg minden v\u00e1ltoztat\u00e1st a fejleszt\u00e9s leghat\u00e9konyabb m\u00f3dj\u00e1r\u00f3l.<\/li>\n<\/ul>\n                        <a href=\"#contactform\" class=\"btn btn-primary clipped w-100 py-2 mt-3\">\n                            <span>Jelentkez\u00e9s az aj\u00e1nlatra<\/span>\n                        <\/a>\n                    <\/div>\n                <\/div>\n            <\/div>\n        <\/section>\n    \n\n<div id=\"generic-content\" class=\"container-fluid px-0 my-5 py-lg-4 py-md-2 py-sm-0 py-0\">\n\n    <div class=\"row\">\n\n        <div class=\"col-12\">\n            <div class=\"container\">\n                <div class=\"row\">\n                    <div class=\"col-12 text-center\">\n                                                    <p class=\"h2 mb-4 wow fadeInUp\">Mit k\u00edn\u00e1lunk?<\/p>\n                                                                            <div class=\"wow fadeInUp\">\n                                <ul class=\"list\" role=\"list\">\n<li>T\u00e1voli \u00e9s\/vagy hibrid munkav\u00e9gz\u00e9s<\/li>\n<li>Rugalmas munkaid\u0151<\/li>\n<li>Ny\u00e1ron cs\u00f6kkentett munkaid\u0151<\/li>\n<li>Rugalmas d\u00edjaz\u00e1s<\/li>\n<li>Hossz\u00fa t\u00e1v\u00fa karrierfejleszt\u00e9si terv<\/li>\n<li>Multidiszciplin\u00e1ris csapat folyamatos fejl\u0151d\u00e9si lehet\u0151s\u00e9ggel<\/li>\n<li>\u00c9ves fizet\u00e9s fel\u00fclvizsg\u00e1latok<\/li>\n<li>K\u00e9pz\u00e9s \u00e9s h\u00e1l\u00f3zat\u00e9p\u00edt\u00e9s minden oszt\u00e1lyon<\/li>\n<\/ul>\n                            <\/div>\n                                            <\/div>\n                <\/div>\n            <\/div>\n        <\/div>\n\n    <\/div>\n\n<\/div>","protected":false},"excerpt":{"rendered":"","protected":false},"author":1,"featured_media":0,"parent":0,"menu_order":0,"comment_status":"closed","ping_status":"closed","template":"","meta":{"_acf_changed":false,"inline_featured_image":false,"footnotes":""},"class_list":["post-60806","page","type-page","status-publish","hentry"],"acf":[],"yoast_head":"<!-- This site is optimized with the Yoast SEO plugin v25.7 - https:\/\/yoast.com\/wordpress\/plugins\/seo\/ -->\n<title>Karrier - Webfejleszt\u00e9s, digit\u00e1lis marketing, e-kereskedelem - Webimpacto<\/title>\n<meta name=\"description\" content=\"A Webimpact\u00f3n\u00e1l tehets\u00e9geket keres\u00fcnk, \u00e9s elk\u00f6telezettek vagyunk a soksz\u00edn\u0171s\u00e9get elismer\u0151 \u00e9s \u00e9rt\u00e9kel\u0151, befogad\u00f3 kult\u00fara mellett. K\u00fcldje el \u00f6n\u00e9letrajz\u00e1t!\" \/>\n<meta name=\"robots\" content=\"index, follow, max-snippet:-1, max-image-preview:large, max-video-preview:-1\" \/>\n<link rel=\"canonical\" href=\"https:\/\/webimpacto.consulting\/hu\/foglalkoztatas\/\" \/>\n<meta property=\"og:locale\" content=\"hu_HU\" \/>\n<meta property=\"og:type\" content=\"article\" \/>\n<meta property=\"og:title\" content=\"Karrier - Webfejleszt\u00e9s, digit\u00e1lis marketing, e-kereskedelem - Webimpacto\" \/>\n<meta property=\"og:description\" content=\"A Webimpact\u00f3n\u00e1l tehets\u00e9geket keres\u00fcnk, \u00e9s elk\u00f6telezettek vagyunk a soksz\u00edn\u0171s\u00e9get elismer\u0151 \u00e9s \u00e9rt\u00e9kel\u0151, befogad\u00f3 kult\u00fara mellett. K\u00fcldje el \u00f6n\u00e9letrajz\u00e1t!\" \/>\n<meta property=\"og:url\" content=\"https:\/\/webimpacto.consulting\/hu\/foglalkoztatas\/\" \/>\n<meta property=\"og:site_name\" content=\"Webimpacto\" \/>\n<meta property=\"article:modified_time\" content=\"2023-12-12T15:00:00+00:00\" \/>\n<meta property=\"og:image\" content=\"https:\/\/webimpacto.consulting\/wp-content\/uploads\/2023\/11\/screenshot.png\" \/>\n\t<meta property=\"og:image:width\" content=\"1421\" \/>\n\t<meta property=\"og:image:height\" content=\"774\" \/>\n\t<meta property=\"og:image:type\" content=\"image\/png\" \/>\n<meta name=\"twitter:card\" content=\"summary_large_image\" \/>\n<script type=\"application\/ld+json\" class=\"yoast-schema-graph\">{\"@context\":\"https:\/\/schema.org\",\"@graph\":[{\"@type\":\"WebPage\",\"@id\":\"https:\/\/webimpacto.consulting\/hu\/foglalkoztatas\/\",\"url\":\"https:\/\/webimpacto.consulting\/hu\/foglalkoztatas\/\",\"name\":\"Karrier - Webfejleszt\u00e9s, digit\u00e1lis marketing, e-kereskedelem - Webimpacto\",\"isPartOf\":{\"@id\":\"https:\/\/webimpacto.consulting\/hu\/#website\"},\"datePublished\":\"2023-10-23T13:11:58+00:00\",\"dateModified\":\"2023-12-12T15:00:00+00:00\",\"description\":\"A Webimpact\u00f3n\u00e1l tehets\u00e9geket keres\u00fcnk, \u00e9s elk\u00f6telezettek vagyunk a soksz\u00edn\u0171s\u00e9get elismer\u0151 \u00e9s \u00e9rt\u00e9kel\u0151, befogad\u00f3 kult\u00fara mellett. K\u00fcldje el \u00f6n\u00e9letrajz\u00e1t!\",\"breadcrumb\":{\"@id\":\"https:\/\/webimpacto.consulting\/hu\/foglalkoztatas\/#breadcrumb\"},\"inLanguage\":\"hu\",\"potentialAction\":[{\"@type\":\"ReadAction\",\"target\":[\"https:\/\/webimpacto.consulting\/hu\/foglalkoztatas\/\"]}]},{\"@type\":\"BreadcrumbList\",\"@id\":\"https:\/\/webimpacto.consulting\/hu\/foglalkoztatas\/#breadcrumb\",\"itemListElement\":[{\"@type\":\"ListItem\",\"position\":1,\"name\":\"Portada\",\"item\":\"https:\/\/webimpacto.consulting\/hu\/\"},{\"@type\":\"ListItem\",\"position\":2,\"name\":\"Dolgozzon\u00a0vel\u00fcnk\"}]},{\"@type\":\"WebSite\",\"@id\":\"https:\/\/webimpacto.consulting\/hu\/#website\",\"url\":\"https:\/\/webimpacto.consulting\/hu\/\",\"name\":\"Webimpacto Consulting S.L.\",\"description\":\"Digit\u00e1lis \u00dczleti Strat\u00e9giai Tan\u00e1csad\u00f3k\",\"publisher\":{\"@id\":\"https:\/\/webimpacto.consulting\/hu\/#organization\"},\"potentialAction\":[{\"@type\":\"SearchAction\",\"target\":{\"@type\":\"EntryPoint\",\"urlTemplate\":\"https:\/\/webimpacto.consulting\/hu\/?s={search_term_string}\"},\"query-input\":{\"@type\":\"PropertyValueSpecification\",\"valueRequired\":true,\"valueName\":\"search_term_string\"}}],\"inLanguage\":\"hu\"},{\"@type\":\"Organization\",\"@id\":\"https:\/\/webimpacto.consulting\/hu\/#organization\",\"name\":\"Webimpacto Consulting S.L.\",\"url\":\"https:\/\/webimpacto.consulting\/hu\/\",\"logo\":{\"@type\":\"ImageObject\",\"inLanguage\":\"hu\",\"@id\":\"https:\/\/webimpacto.consulting\/hu\/#\/schema\/logo\/image\/\",\"url\":\"https:\/\/webimpacto.consulting\/wp-content\/uploads\/2023\/10\/logo-color.svg\",\"contentUrl\":\"https:\/\/webimpacto.consulting\/wp-content\/uploads\/2023\/10\/logo-color.svg\",\"width\":223,\"height\":29,\"caption\":\"Webimpacto Consulting S.L.\"},\"image\":{\"@id\":\"https:\/\/webimpacto.consulting\/hu\/#\/schema\/logo\/image\/\"},\"sameAs\":[\"https:\/\/www.linkedin.com\/company\/webimpacto-consulting-sl\/\"]}]}<\/script>\n<!-- \/ Yoast SEO plugin. -->","yoast_head_json":{"title":"Karrier - Webfejleszt\u00e9s, digit\u00e1lis marketing, e-kereskedelem - Webimpacto","description":"A Webimpact\u00f3n\u00e1l tehets\u00e9geket keres\u00fcnk, \u00e9s elk\u00f6telezettek vagyunk a soksz\u00edn\u0171s\u00e9get elismer\u0151 \u00e9s \u00e9rt\u00e9kel\u0151, befogad\u00f3 kult\u00fara mellett. K\u00fcldje el \u00f6n\u00e9letrajz\u00e1t!","robots":{"index":"index","follow":"follow","max-snippet":"max-snippet:-1","max-image-preview":"max-image-preview:large","max-video-preview":"max-video-preview:-1"},"canonical":"https:\/\/webimpacto.consulting\/hu\/foglalkoztatas\/","og_locale":"hu_HU","og_type":"article","og_title":"Karrier - Webfejleszt\u00e9s, digit\u00e1lis marketing, e-kereskedelem - Webimpacto","og_description":"A Webimpact\u00f3n\u00e1l tehets\u00e9geket keres\u00fcnk, \u00e9s elk\u00f6telezettek vagyunk a soksz\u00edn\u0171s\u00e9get elismer\u0151 \u00e9s \u00e9rt\u00e9kel\u0151, befogad\u00f3 kult\u00fara mellett. K\u00fcldje el \u00f6n\u00e9letrajz\u00e1t!","og_url":"https:\/\/webimpacto.consulting\/hu\/foglalkoztatas\/","og_site_name":"Webimpacto","article_modified_time":"2023-12-12T15:00:00+00:00","og_image":[{"width":1421,"height":774,"url":"https:\/\/webimpacto.consulting\/wp-content\/uploads\/2023\/11\/screenshot.png","type":"image\/png"}],"twitter_card":"summary_large_image","schema":{"@context":"https:\/\/schema.org","@graph":[{"@type":"WebPage","@id":"https:\/\/webimpacto.consulting\/hu\/foglalkoztatas\/","url":"https:\/\/webimpacto.consulting\/hu\/foglalkoztatas\/","name":"Karrier - Webfejleszt\u00e9s, digit\u00e1lis marketing, e-kereskedelem - Webimpacto","isPartOf":{"@id":"https:\/\/webimpacto.consulting\/hu\/#website"},"datePublished":"2023-10-23T13:11:58+00:00","dateModified":"2023-12-12T15:00:00+00:00","description":"A Webimpact\u00f3n\u00e1l tehets\u00e9geket keres\u00fcnk, \u00e9s elk\u00f6telezettek vagyunk a soksz\u00edn\u0171s\u00e9get elismer\u0151 \u00e9s \u00e9rt\u00e9kel\u0151, befogad\u00f3 kult\u00fara mellett. K\u00fcldje el \u00f6n\u00e9letrajz\u00e1t!","breadcrumb":{"@id":"https:\/\/webimpacto.consulting\/hu\/foglalkoztatas\/#breadcrumb"},"inLanguage":"hu","potentialAction":[{"@type":"ReadAction","target":["https:\/\/webimpacto.consulting\/hu\/foglalkoztatas\/"]}]},{"@type":"BreadcrumbList","@id":"https:\/\/webimpacto.consulting\/hu\/foglalkoztatas\/#breadcrumb","itemListElement":[{"@type":"ListItem","position":1,"name":"Portada","item":"https:\/\/webimpacto.consulting\/hu\/"},{"@type":"ListItem","position":2,"name":"Dolgozzon\u00a0vel\u00fcnk"}]},{"@type":"WebSite","@id":"https:\/\/webimpacto.consulting\/hu\/#website","url":"https:\/\/webimpacto.consulting\/hu\/","name":"Webimpacto Consulting S.L.","description":"Digit\u00e1lis \u00dczleti Strat\u00e9giai Tan\u00e1csad\u00f3k","publisher":{"@id":"https:\/\/webimpacto.consulting\/hu\/#organization"},"potentialAction":[{"@type":"SearchAction","target":{"@type":"EntryPoint","urlTemplate":"https:\/\/webimpacto.consulting\/hu\/?s={search_term_string}"},"query-input":{"@type":"PropertyValueSpecification","valueRequired":true,"valueName":"search_term_string"}}],"inLanguage":"hu"},{"@type":"Organization","@id":"https:\/\/webimpacto.consulting\/hu\/#organization","name":"Webimpacto Consulting S.L.","url":"https:\/\/webimpacto.consulting\/hu\/","logo":{"@type":"ImageObject","inLanguage":"hu","@id":"https:\/\/webimpacto.consulting\/hu\/#\/schema\/logo\/image\/","url":"https:\/\/webimpacto.consulting\/wp-content\/uploads\/2023\/10\/logo-color.svg","contentUrl":"https:\/\/webimpacto.consulting\/wp-content\/uploads\/2023\/10\/logo-color.svg","width":223,"height":29,"caption":"Webimpacto Consulting S.L."},"image":{"@id":"https:\/\/webimpacto.consulting\/hu\/#\/schema\/logo\/image\/"},"sameAs":["https:\/\/www.linkedin.com\/company\/webimpacto-consulting-sl\/"]}]}},"_links":{"self":[{"href":"https:\/\/webimpacto.consulting\/hu\/wp-json\/wp\/v2\/pages\/60806","targetHints":{"allow":["GET"]}}],"collection":[{"href":"https:\/\/webimpacto.consulting\/hu\/wp-json\/wp\/v2\/pages"}],"about":[{"href":"https:\/\/webimpacto.consulting\/hu\/wp-json\/wp\/v2\/types\/page"}],"author":[{"embeddable":true,"href":"https:\/\/webimpacto.consulting\/hu\/wp-json\/wp\/v2\/users\/1"}],"replies":[{"embeddable":true,"href":"https:\/\/webimpacto.consulting\/hu\/wp-json\/wp\/v2\/comments?post=60806"}],"version-history":[{"count":1,"href":"https:\/\/webimpacto.consulting\/hu\/wp-json\/wp\/v2\/pages\/60806\/revisions"}],"predecessor-version":[{"id":61560,"href":"https:\/\/webimpacto.consulting\/hu\/wp-json\/wp\/v2\/pages\/60806\/revisions\/61560"}],"wp:attachment":[{"href":"https:\/\/webimpacto.consulting\/hu\/wp-json\/wp\/v2\/media?parent=60806"}],"curies":[{"name":"wp","href":"https:\/\/api.w.org\/{rel}","templated":true}]}}