{"id":60786,"date":"2023-10-24T13:16:42","date_gmt":"2023-10-24T13:16:42","guid":{"rendered":"http:\/\/localhost:8080\/webimpacto\/politica-de-cookies\/"},"modified":"2023-12-12T14:58:17","modified_gmt":"2023-12-12T14:58:17","slug":"cookie-szabalyzat","status":"publish","type":"page","link":"https:\/\/webimpacto.consulting\/hu\/cookie-szabalyzat\/","title":{"rendered":"Cookie szab\u00e1lyzat"},"content":{"rendered":"\n<h3 class=\"wp-block-heading\">MI A COOKI-K?<\/h3>\n\n\n\n<p>Ezek egy webszerveren kereszt\u00fcl a b\u00f6ng\u00e9sz\u0151be k\u00fcld\u00f6tt f\u00e1jlok azzal a c\u00e9llal, hogy r\u00f6gz\u00edts\u00e9k a felhaszn\u00e1l\u00f3k tev\u00e9kenys\u00e9g\u00e9t a b\u00f6ng\u00e9sz\u00e9si id\u0151 \u00e9s a weboldalunkkal val\u00f3 interakci\u00f3 sor\u00e1n.<\/p>\n\n\n\n<h3 class=\"wp-block-heading\">A S\u00dcTI T\u00cdPUSAI<\/h3>\n\n\n\n<p>Az EZEKET KEZEL\u0150 ENTIT\u00c1S szerint:<\/p>\n\n\n\n<ul class=\"wp-block-list\">\n<li>Saj\u00e1t (olyanokat, amelyeket az Adatkezel\u0151 \u00e1ltal kezelt sz\u00e1m\u00edt\u00f3g\u00e9pr\u0151l vagy tartom\u00e1nyr\u00f3l k\u00fcldenek, \u00e9s ahonnan a felhaszn\u00e1l\u00f3 \u00e1ltal k\u00e9rt szolg\u00e1ltat\u00e1st ny\u00fajtj\u00e1k).<\/li>\n\n\n\n<li>Harmadik f\u00e9lt\u0151l (olyan sz\u00e1m\u00edt\u00f3g\u00e9pr\u0151l vagy domainr\u0151l k\u00fcld\u00f6tt, amelyet nem az Adatkezel\u0151 kezel, hanem egy m\u00e1sik, a cookie-kon kereszt\u00fcl megszerzett adatokat feldolgoz\u00f3 szervezet).<\/li>\n<\/ul>\n\n\n\n<p>A C\u00c9L szerint:<\/p>\n\n\n\n<ul class=\"wp-block-list\">\n<li>Technik\u00e1k (olyan technik\u00e1k, amelyek lehet\u0151v\u00e9 teszik a felhaszn\u00e1l\u00f3 sz\u00e1m\u00e1ra, hogy navig\u00e1ljon egy weboldalon, platformon vagy alkalmaz\u00e1son, \u00e9s haszn\u00e1lja az ott l\u00e9tez\u0151 k\u00fcl\u00f6nf\u00e9le lehet\u0151s\u00e9geket vagy szolg\u00e1ltat\u00e1sokat).<\/li>\n\n\n\n<li>Szem\u00e9lyre szab\u00e1s (olyanok, amelyek lehet\u0151v\u00e9 teszik a felhaszn\u00e1l\u00f3 sz\u00e1m\u00e1ra, hogy megjegyezze az inform\u00e1ci\u00f3kat, hogy bizonyos jellemz\u0151kkel tudjon hozz\u00e1f\u00e9rni a szolg\u00e1ltat\u00e1shoz, amelyek megk\u00fcl\u00f6nb\u00f6ztethetik tapasztalataikat a t\u00f6bbi felhaszn\u00e1l\u00f3\u00e9t\u00f3l).<\/li>\n\n\n\n<li>Analytics (azok, amelyek lehet\u0151v\u00e9 teszik a cookie-k\u00e9rt felel\u0151s szem\u00e9ly sz\u00e1m\u00e1ra, hogy nyomon k\u00f6vesse \u00e9s elemezze azon webhelyek felhaszn\u00e1l\u00f3inak viselked\u00e9s\u00e9t, amelyekhez kapcsol\u00f3dnak).<\/li>\n\n\n\n<li>Viselked\u00e9si jelleg\u0171 rekl\u00e1mok (olyanok, amelyek a felhaszn\u00e1l\u00f3i viselked\u00e9sr\u0151l, b\u00f6ng\u00e9sz\u00e9si szok\u00e1saik folyamatos megfigyel\u00e9s\u00e9b\u0151l nyert inform\u00e1ci\u00f3kat t\u00e1rolnak, lehet\u0151v\u00e9 t\u00e9ve egy adott profil kialak\u00edt\u00e1s\u00e1t az alapj\u00e1n rekl\u00e1m megjelen\u00edt\u00e9s\u00e9hez).<\/li>\n\n\n\n<li>K\u00f6z\u00f6ss\u00e9gi h\u00e1l\u00f3zatok (azok, amelyek megk\u00f6nny\u00edtik a felhaszn\u00e1l\u00f3 sz\u00e1m\u00e1ra a tartalom megoszt\u00e1s\u00e1t az \u00e9rdekl\u0151d\u00e9sre sz\u00e1mot tart\u00f3 k\u00f6z\u00f6ss\u00e9gi h\u00e1l\u00f3zatokon).<\/li>\n<\/ul>\n\n\n\n<p>DURATION szerint:<\/p>\n\n\n\n<ul class=\"wp-block-list\">\n<li>\u00c1lland\u00f3 (azok, amelyekben az adatokat a termin\u00e1l tov\u00e1bbra is t\u00e1rolja, \u00e9s a cookie-\u00e9rt felel\u0151s szem\u00e9ly \u00e1ltal meghat\u00e1rozott ideig el\u00e9rhet\u0151k).<\/li>\n\n\n\n<li>Munkamenetek (azok, amelyek adatgy\u0171jt\u00e9sre \u00e9s t\u00e1rol\u00e1sra szolg\u00e1lnak, mik\u00f6zben a felhaszn\u00e1l\u00f3 bel\u00e9p a weboldalra, illetve a k\u00e9rt szolg\u00e1ltat\u00e1s ny\u00fajt\u00e1sa sor\u00e1n, a munkamenet v\u00e9g\u00e9n elt\u0171nnek).<\/li>\n<\/ul>\n\n\n\n<h3 class=\"wp-block-heading\">MILYEN S\u00dcTIKET HASZN\u00c1LUNK?<\/h3>\n\n\n\n<p>SAJ\u00c1T (Funkcion\u00e1lis)&nbsp;(=wp-settings-). A WordPressb\u0151l. A felhaszn\u00e1l\u00f3i be\u00e1ll\u00edt\u00e1sok t\u00e1rol\u00e1s\u00e1hoz. Tart\u00f3s: Kitart\u00f3.<\/p>\n\n\n\n<p>SAJ\u00c1T (Funkcion\u00e1lis)&nbsp;(=wp-settings-time-). A WordPressb\u0151l. A felhaszn\u00e1l\u00f3i be\u00e1ll\u00edt\u00e1sok t\u00e1rol\u00e1s\u00e1hoz. Id\u0151tartam: 1 \u00e9v.<\/p>\n\n\n\n<p>SAJ\u00c1T (Funkcion\u00e1lis)&nbsp;(=gdpr[allowed_cookies]). A WordPressb\u0151l. Megtudni, hogy a felhaszn\u00e1l\u00f3 mely s\u00fctiket fogadta el. Id\u0151tartam: 1 nap.<\/p>\n\n\n\n<p>SAJ\u00c1T (Funkcion\u00e1lis)&nbsp;(=gdpr[beleegyez\u00e9s_t\u00edpusai]). A WordPressb\u0151l. A felhaszn\u00e1l\u00f3 \u00e1ltal elfogadott hozz\u00e1j\u00e1rul\u00e1sok megismer\u00e9se. Id\u0151tartam: 1 nap.<\/p>\n\n\n\n<p>HARMADIK FELEKT\u0150L (Funkcion\u00e1lis) &nbsp;(=_gat &nbsp;A Google Analyticst\u0151l). A bot k\u00e9r\u00e9sek olvas\u00e1s\u00e1hoz \u00e9s sz\u0171r\u00e9s\u00e9hez. Id\u0151tartam: 1 perc.<\/p>\n\n\n\n<p>HARMADIK F\u00c9LT\u0150L (Funkcion\u00e1lis) &nbsp;(=__hssc &nbsp;A HubSpott\u00f3l). N\u00e9vtelen statisztik\u00e1k t\u00e1rol\u00e1s\u00e1ra. Id\u0151tartam: 30 perc.<\/p>\n\n\n\n<p>HARMADIK F\u00c9LT\u0150L (Funkcion\u00e1lis) &nbsp;(=__hssrc &nbsp;A HubSpott\u00f3l). Meghat\u00e1rozza, hogy a felhaszn\u00e1l\u00f3 \u00fajrat\u00f6lt\u00f6tte-e a b\u00f6ng\u00e9sz\u0151t a HubSpotr\u00f3l. Id\u0151tartam: \u00fcl\u00e9s.<\/p>\n\n\n\n<p>HARMADIK F\u00c9L (Funkcion\u00e1lis) &nbsp;(=pll_language). Polylangb\u00f3l. Nyelvi opci\u00f3k t\u00e1rol\u00e1s\u00e1ra. Tart\u00f3s: kitart\u00f3.<\/p>\n\n\n\n<p>HARMADIK FELEKT\u0150L (Funkcion\u00e1lis) &nbsp;(=__cf_bm). A CloudFlare-b\u0151l. Ez a Cloudflare \u00e1ltal be\u00e1ll\u00edtott cookie a Cloudflare botkezel\u00e9s t\u00e1mogat\u00e1s\u00e1ra szolg\u00e1l. Id\u0151tartam: 30 perc.<\/p>\n\n\n\n<p>HARMADIK F\u00c9L (funkcion\u00e1lis) &nbsp;(=_GRECAPTCHA). A Google-t\u00f3l Hogy megv\u00e9dje mag\u00e1t a spamekt\u0151l. Id\u0151tartam: \u00fcl\u00e9s.<\/p>\n\n\n\n<p>HARMADIK FELEKT\u0150L (Statisztik\u00e1k) &nbsp;(=_ga &nbsp;A Google Analyticst\u0151l). A megl\u00e1togatott oldalak t\u00e1rol\u00e1sa \u00e9s sz\u00e1ml\u00e1l\u00e1sa. Id\u0151tartam: 1 \u00e9v.<\/p>\n\n\n\n<p>HARMADIK FELEKT\u0150L (Statisztik\u00e1k)&nbsp;(=_gid &nbsp;A Google Analyticst\u0151l). A megl\u00e1togatott oldalak t\u00e1rol\u00e1sa \u00e9s sz\u00e1ml\u00e1l\u00e1sa. Id\u0151tartam: 1 nap<\/p>\n\n\n\n<p>HARMADIK FELEKT\u0150L (Marketing\/Nyomon k\u00f6vet\u00e9s) &nbsp;(=__hstc &nbsp;A HubSpott\u00f3l). A l\u00e1togat\u00e1s id\u0151pontj\u00e1nak t\u00e1rol\u00e1s\u00e1ra. Id\u0151tartam: 13 h\u00f3nap.<\/p>\n\n\n\n<p>HARMADIK FELEKT\u0150L (Marketing\/Nyomon k\u00f6vet\u00e9s) &nbsp;(=_gcl_au &nbsp;A Google Adsense-t\u0151l). A konverzi\u00f3k t\u00e1rol\u00e1s\u00e1ra \u00e9s nyomon k\u00f6vet\u00e9s\u00e9re. Tart\u00f3s: Kitart\u00f3.<\/p>\n\n\n\n<p>HARMADIK FELEKT\u0150L (Marketing\/Nyomon k\u00f6vet\u00e9s) (=hubspotutk A HubSpott\u00f3l). A felhaszn\u00e1l\u00f3k szem\u00e9lyazonoss\u00e1g\u00e1nak t\u00e1rol\u00e1sa \u00e9s nyomon k\u00f6vet\u00e9se. Id\u0151tartam: 13 h\u00f3nap.<\/p>\n\n\n\n<h3 class=\"wp-block-heading\">HOGYAN KEZELHETEM A S\u00dcTIKET?<\/h3>\n\n\n\n<p>A Weboldal el\u00e9r\u00e9sekor egy cookie-figyelmeztet\u00e9s jelenik meg, amely t\u00e1j\u00e9koztat arr\u00f3l, hogyan adhatja meg vagy utas\u00edthatja el hozz\u00e1j\u00e1rul\u00e1s\u00e1t a cookie-k telep\u00edt\u00e9s\u00e9hez. A felhaszn\u00e1l\u00f3 b\u00e1rmikor elutas\u00edthatja vagy konfigur\u00e1lhatja a cookie-k haszn\u00e1lat\u00e1t a konfigur\u00e1ci\u00f3s k\u00e9perny\u0151n kereszt\u00fcl. Hasonl\u00f3k\u00e9ppen, a felhaszn\u00e1l\u00f3nak lehet\u0151s\u00e9ge van b\u00f6ng\u00e9sz\u0151j\u00e9t \u00fagy konfigur\u00e1lni, hogy b\u00e1rmikor letiltja vagy t\u00f6r\u00f6lje a cookie-kat. Az al\u00e1bbi hivatkoz\u00e1sokon kereszt\u00fcl a cookie-k be\u00e1ll\u00edt\u00e1s\u00e1val kapcsolatos inform\u00e1ci\u00f3k tal\u00e1lhat\u00f3k a k\u00fcl\u00f6nb\u00f6z\u0151 internetes b\u00f6ng\u00e9sz\u0151k be\u00e1ll\u00edt\u00e1s\u00e1r\u00f3l.<\/p>\n\n\n\n<ul class=\"wp-block-list\">\n<li><a href=\"https:\/\/support.google.com\/chrome\/answer\/95647?hl=ca\">Cookie-be\u00e1ll\u00edt\u00e1sok a Google Chrome-hoz<\/a><\/li>\n\n\n\n<li><a href=\"https:\/\/support.mozilla.org\/es\/kb\/cookies-informacion-que-los-sitios-web-guardan-en-?redirectlocale=en-US&amp;redirectslug=Cookies\">Cookie-be\u00e1ll\u00edt\u00e1sok a Mozilla Firefoxhoz<\/a><\/li>\n\n\n\n<li><a href=\"https:\/\/support.microsoft.com\/es-es\/topic\/c%C3%B3mo-eliminar-archivos-de-cookies-en-internet-explorer-bca9446f-d873-78de-77ba-d42645fa52fc\">Cookie-be\u00e1ll\u00edt\u00e1sok az Internet Explorerhez<\/a><\/li>\n\n\n\n<li><a href=\"https:\/\/support.apple.com\/es-es\/HT201265\">Cookie-be\u00e1ll\u00edt\u00e1sok a Safarihoz<\/a><\/li>\n\n\n\n<li><a href=\"https:\/\/support.microsoft.com\/es-es\/microsoft-edge\/eliminar-las-cookies-en-microsoft-edge-63947406-40ac-c3b8-57b9-2a946a29ae09#:~:text=%20Eliminar%20las%20cookies%20en%20Microsoft%20Edge%20,Cookies%20y%20otros%20datos%20del%20sitio.%20More%20\">Cookie-be\u00e1ll\u00edt\u00e1sok a Microsoft Edge-ben<\/a><\/li>\n<\/ul>\n\n\n\n<h3 class=\"wp-block-heading\">FRISS\u00cdT\u00c9S<\/h3>\n\n\n\n<p>Ez a Cookie-szab\u00e1lyzat a jogszab\u00e1lyi vagy szab\u00e1lyoz\u00e1si k\u00f6vetelm\u00e9nyek alapj\u00e1n, vagy azzal a c\u00e9llal friss\u00edthet\u0151, hogy az eml\u00edtett szab\u00e1lyzatot az Adatv\u00e9delmi Hat\u00f3s\u00e1g utas\u00edt\u00e1saihoz igaz\u00edts\u00e1k. Javasoljuk, hogy a felhaszn\u00e1l\u00f3k rendszeresen l\u00e1togass\u00e1k meg.<\/p>\n\n\n\n<h3 class=\"wp-block-heading\">T\u00d6BB INFORM\u00c1CI\u00d3<\/h3>\n\n\n\n<p>Ha tov\u00e1bbi inform\u00e1ci\u00f3ra van sz\u00fcks\u00e9ge, k\u00e9rj\u00fck, tekintse meg Adatv\u00e9delmi szab\u00e1lyzatunkat, vagy l\u00e9pjen kapcsolatba vel\u00fcnk az elej\u00e9n tal\u00e1lhat\u00f3 inform\u00e1ci\u00f3k seg\u00edts\u00e9g\u00e9vel.<\/p>\n","protected":false},"excerpt":{"rendered":"<p>MI A COOKI-K? Ezek egy webszerveren kereszt\u00fcl a b\u00f6ng\u00e9sz\u0151be k\u00fcld\u00f6tt f\u00e1jlok azzal a c\u00e9llal, hogy r\u00f6gz\u00edts\u00e9k a felhaszn\u00e1l\u00f3k tev\u00e9kenys\u00e9g\u00e9t a b\u00f6ng\u00e9sz\u00e9si id\u0151 \u00e9s a weboldalunkkal val\u00f3 interakci\u00f3 sor\u00e1n. A S\u00dcTI T\u00cdPUSAI Az EZEKET KEZEL\u0150 ENTIT\u00c1S szerint: A C\u00c9L szerint: DURATION szerint: MILYEN S\u00dcTIKET HASZN\u00c1LUNK? SAJ\u00c1T (Funkcion\u00e1lis)&nbsp;(=wp-settings-). A WordPressb\u0151l. A felhaszn\u00e1l\u00f3i be\u00e1ll\u00edt\u00e1sok t\u00e1rol\u00e1s\u00e1hoz. Tart\u00f3s: Kitart\u00f3. SAJ\u00c1T [&hellip;]<\/p>\n","protected":false},"author":1,"featured_media":0,"parent":0,"menu_order":0,"comment_status":"closed","ping_status":"closed","template":"page-legal.php","meta":{"_acf_changed":false,"inline_featured_image":false,"footnotes":""},"class_list":["post-60786","page","type-page","status-publish","hentry"],"acf":[],"yoast_head":"<!-- This site is optimized with the Yoast SEO plugin v25.7 - https:\/\/yoast.com\/wordpress\/plugins\/seo\/ -->\n<title>Cookie szab\u00e1lyzat | Webimpacto<\/title>\n<meta name=\"robots\" content=\"index, follow, max-snippet:-1, max-image-preview:large, max-video-preview:-1\" \/>\n<link rel=\"canonical\" href=\"https:\/\/webimpacto.consulting\/hu\/cookie-szabalyzat\/\" \/>\n<meta property=\"og:locale\" content=\"hu_HU\" \/>\n<meta property=\"og:type\" content=\"article\" \/>\n<meta property=\"og:title\" content=\"Cookie szab\u00e1lyzat | Webimpacto\" \/>\n<meta property=\"og:description\" content=\"MI A COOKI-K? Ezek egy webszerveren kereszt\u00fcl a b\u00f6ng\u00e9sz\u0151be k\u00fcld\u00f6tt f\u00e1jlok azzal a c\u00e9llal, hogy r\u00f6gz\u00edts\u00e9k a felhaszn\u00e1l\u00f3k tev\u00e9kenys\u00e9g\u00e9t a b\u00f6ng\u00e9sz\u00e9si id\u0151 \u00e9s a weboldalunkkal val\u00f3 interakci\u00f3 sor\u00e1n. A S\u00dcTI T\u00cdPUSAI Az EZEKET KEZEL\u0150 ENTIT\u00c1S szerint: A C\u00c9L szerint: DURATION szerint: MILYEN S\u00dcTIKET HASZN\u00c1LUNK? SAJ\u00c1T (Funkcion\u00e1lis)&nbsp;(=wp-settings-). A WordPressb\u0151l. A felhaszn\u00e1l\u00f3i be\u00e1ll\u00edt\u00e1sok t\u00e1rol\u00e1s\u00e1hoz. Tart\u00f3s: Kitart\u00f3. SAJ\u00c1T [&hellip;]\" \/>\n<meta property=\"og:url\" content=\"https:\/\/webimpacto.consulting\/hu\/cookie-szabalyzat\/\" \/>\n<meta property=\"og:site_name\" content=\"Webimpacto\" \/>\n<meta property=\"article:modified_time\" content=\"2023-12-12T14:58:17+00:00\" \/>\n<meta property=\"og:image\" content=\"https:\/\/webimpacto.consulting\/wp-content\/uploads\/2023\/11\/screenshot.png\" \/>\n\t<meta property=\"og:image:width\" content=\"1421\" \/>\n\t<meta property=\"og:image:height\" content=\"774\" \/>\n\t<meta property=\"og:image:type\" content=\"image\/png\" \/>\n<meta name=\"twitter:card\" content=\"summary_large_image\" \/>\n<meta name=\"twitter:label1\" content=\"Becs\u00fclt olvas\u00e1si id\u0151\" \/>\n\t<meta name=\"twitter:data1\" content=\"5 perc\" \/>\n<script type=\"application\/ld+json\" class=\"yoast-schema-graph\">{\"@context\":\"https:\/\/schema.org\",\"@graph\":[{\"@type\":\"WebPage\",\"@id\":\"https:\/\/webimpacto.consulting\/hu\/cookie-szabalyzat\/\",\"url\":\"https:\/\/webimpacto.consulting\/hu\/cookie-szabalyzat\/\",\"name\":\"Cookie szab\u00e1lyzat | Webimpacto\",\"isPartOf\":{\"@id\":\"https:\/\/webimpacto.consulting\/hu\/#website\"},\"datePublished\":\"2023-10-24T13:16:42+00:00\",\"dateModified\":\"2023-12-12T14:58:17+00:00\",\"breadcrumb\":{\"@id\":\"https:\/\/webimpacto.consulting\/hu\/cookie-szabalyzat\/#breadcrumb\"},\"inLanguage\":\"hu\",\"potentialAction\":[{\"@type\":\"ReadAction\",\"target\":[\"https:\/\/webimpacto.consulting\/hu\/cookie-szabalyzat\/\"]}]},{\"@type\":\"BreadcrumbList\",\"@id\":\"https:\/\/webimpacto.consulting\/hu\/cookie-szabalyzat\/#breadcrumb\",\"itemListElement\":[{\"@type\":\"ListItem\",\"position\":1,\"name\":\"Portada\",\"item\":\"https:\/\/webimpacto.consulting\/hu\/\"},{\"@type\":\"ListItem\",\"position\":2,\"name\":\"Cookie szab\u00e1lyzat\"}]},{\"@type\":\"WebSite\",\"@id\":\"https:\/\/webimpacto.consulting\/hu\/#website\",\"url\":\"https:\/\/webimpacto.consulting\/hu\/\",\"name\":\"Webimpacto Consulting S.L.\",\"description\":\"Digit\u00e1lis \u00dczleti Strat\u00e9giai Tan\u00e1csad\u00f3k\",\"publisher\":{\"@id\":\"https:\/\/webimpacto.consulting\/hu\/#organization\"},\"potentialAction\":[{\"@type\":\"SearchAction\",\"target\":{\"@type\":\"EntryPoint\",\"urlTemplate\":\"https:\/\/webimpacto.consulting\/hu\/?s={search_term_string}\"},\"query-input\":{\"@type\":\"PropertyValueSpecification\",\"valueRequired\":true,\"valueName\":\"search_term_string\"}}],\"inLanguage\":\"hu\"},{\"@type\":\"Organization\",\"@id\":\"https:\/\/webimpacto.consulting\/hu\/#organization\",\"name\":\"Webimpacto Consulting S.L.\",\"url\":\"https:\/\/webimpacto.consulting\/hu\/\",\"logo\":{\"@type\":\"ImageObject\",\"inLanguage\":\"hu\",\"@id\":\"https:\/\/webimpacto.consulting\/hu\/#\/schema\/logo\/image\/\",\"url\":\"https:\/\/webimpacto.consulting\/wp-content\/uploads\/2023\/10\/logo-color.svg\",\"contentUrl\":\"https:\/\/webimpacto.consulting\/wp-content\/uploads\/2023\/10\/logo-color.svg\",\"width\":223,\"height\":29,\"caption\":\"Webimpacto Consulting S.L.\"},\"image\":{\"@id\":\"https:\/\/webimpacto.consulting\/hu\/#\/schema\/logo\/image\/\"},\"sameAs\":[\"https:\/\/www.linkedin.com\/company\/webimpacto-consulting-sl\/\"]}]}<\/script>\n<!-- \/ Yoast SEO plugin. -->","yoast_head_json":{"title":"Cookie szab\u00e1lyzat | Webimpacto","robots":{"index":"index","follow":"follow","max-snippet":"max-snippet:-1","max-image-preview":"max-image-preview:large","max-video-preview":"max-video-preview:-1"},"canonical":"https:\/\/webimpacto.consulting\/hu\/cookie-szabalyzat\/","og_locale":"hu_HU","og_type":"article","og_title":"Cookie szab\u00e1lyzat | Webimpacto","og_description":"MI A COOKI-K? Ezek egy webszerveren kereszt\u00fcl a b\u00f6ng\u00e9sz\u0151be k\u00fcld\u00f6tt f\u00e1jlok azzal a c\u00e9llal, hogy r\u00f6gz\u00edts\u00e9k a felhaszn\u00e1l\u00f3k tev\u00e9kenys\u00e9g\u00e9t a b\u00f6ng\u00e9sz\u00e9si id\u0151 \u00e9s a weboldalunkkal val\u00f3 interakci\u00f3 sor\u00e1n. A S\u00dcTI T\u00cdPUSAI Az EZEKET KEZEL\u0150 ENTIT\u00c1S szerint: A C\u00c9L szerint: DURATION szerint: MILYEN S\u00dcTIKET HASZN\u00c1LUNK? SAJ\u00c1T (Funkcion\u00e1lis)&nbsp;(=wp-settings-). A WordPressb\u0151l. A felhaszn\u00e1l\u00f3i be\u00e1ll\u00edt\u00e1sok t\u00e1rol\u00e1s\u00e1hoz. Tart\u00f3s: Kitart\u00f3. SAJ\u00c1T [&hellip;]","og_url":"https:\/\/webimpacto.consulting\/hu\/cookie-szabalyzat\/","og_site_name":"Webimpacto","article_modified_time":"2023-12-12T14:58:17+00:00","og_image":[{"width":1421,"height":774,"url":"https:\/\/webimpacto.consulting\/wp-content\/uploads\/2023\/11\/screenshot.png","type":"image\/png"}],"twitter_card":"summary_large_image","twitter_misc":{"Becs\u00fclt olvas\u00e1si id\u0151":"5 perc"},"schema":{"@context":"https:\/\/schema.org","@graph":[{"@type":"WebPage","@id":"https:\/\/webimpacto.consulting\/hu\/cookie-szabalyzat\/","url":"https:\/\/webimpacto.consulting\/hu\/cookie-szabalyzat\/","name":"Cookie szab\u00e1lyzat | Webimpacto","isPartOf":{"@id":"https:\/\/webimpacto.consulting\/hu\/#website"},"datePublished":"2023-10-24T13:16:42+00:00","dateModified":"2023-12-12T14:58:17+00:00","breadcrumb":{"@id":"https:\/\/webimpacto.consulting\/hu\/cookie-szabalyzat\/#breadcrumb"},"inLanguage":"hu","potentialAction":[{"@type":"ReadAction","target":["https:\/\/webimpacto.consulting\/hu\/cookie-szabalyzat\/"]}]},{"@type":"BreadcrumbList","@id":"https:\/\/webimpacto.consulting\/hu\/cookie-szabalyzat\/#breadcrumb","itemListElement":[{"@type":"ListItem","position":1,"name":"Portada","item":"https:\/\/webimpacto.consulting\/hu\/"},{"@type":"ListItem","position":2,"name":"Cookie szab\u00e1lyzat"}]},{"@type":"WebSite","@id":"https:\/\/webimpacto.consulting\/hu\/#website","url":"https:\/\/webimpacto.consulting\/hu\/","name":"Webimpacto Consulting S.L.","description":"Digit\u00e1lis \u00dczleti Strat\u00e9giai Tan\u00e1csad\u00f3k","publisher":{"@id":"https:\/\/webimpacto.consulting\/hu\/#organization"},"potentialAction":[{"@type":"SearchAction","target":{"@type":"EntryPoint","urlTemplate":"https:\/\/webimpacto.consulting\/hu\/?s={search_term_string}"},"query-input":{"@type":"PropertyValueSpecification","valueRequired":true,"valueName":"search_term_string"}}],"inLanguage":"hu"},{"@type":"Organization","@id":"https:\/\/webimpacto.consulting\/hu\/#organization","name":"Webimpacto Consulting S.L.","url":"https:\/\/webimpacto.consulting\/hu\/","logo":{"@type":"ImageObject","inLanguage":"hu","@id":"https:\/\/webimpacto.consulting\/hu\/#\/schema\/logo\/image\/","url":"https:\/\/webimpacto.consulting\/wp-content\/uploads\/2023\/10\/logo-color.svg","contentUrl":"https:\/\/webimpacto.consulting\/wp-content\/uploads\/2023\/10\/logo-color.svg","width":223,"height":29,"caption":"Webimpacto Consulting S.L."},"image":{"@id":"https:\/\/webimpacto.consulting\/hu\/#\/schema\/logo\/image\/"},"sameAs":["https:\/\/www.linkedin.com\/company\/webimpacto-consulting-sl\/"]}]}},"_links":{"self":[{"href":"https:\/\/webimpacto.consulting\/hu\/wp-json\/wp\/v2\/pages\/60786","targetHints":{"allow":["GET"]}}],"collection":[{"href":"https:\/\/webimpacto.consulting\/hu\/wp-json\/wp\/v2\/pages"}],"about":[{"href":"https:\/\/webimpacto.consulting\/hu\/wp-json\/wp\/v2\/types\/page"}],"author":[{"embeddable":true,"href":"https:\/\/webimpacto.consulting\/hu\/wp-json\/wp\/v2\/users\/1"}],"replies":[{"embeddable":true,"href":"https:\/\/webimpacto.consulting\/hu\/wp-json\/wp\/v2\/comments?post=60786"}],"version-history":[{"count":1,"href":"https:\/\/webimpacto.consulting\/hu\/wp-json\/wp\/v2\/pages\/60786\/revisions"}],"predecessor-version":[{"id":61646,"href":"https:\/\/webimpacto.consulting\/hu\/wp-json\/wp\/v2\/pages\/60786\/revisions\/61646"}],"wp:attachment":[{"href":"https:\/\/webimpacto.consulting\/hu\/wp-json\/wp\/v2\/media?parent=60786"}],"curies":[{"name":"wp","href":"https:\/\/api.w.org\/{rel}","templated":true}]}}