{"id":63314,"date":"2024-01-19T14:11:59","date_gmt":"2024-01-19T14:11:59","guid":{"rendered":"https:\/\/webimpacto.consulting\/contacto\/"},"modified":"2026-04-17T12:26:42","modified_gmt":"2026-04-17T12:26:42","slug":"contacte","status":"publish","type":"page","link":"https:\/\/webimpacto.consulting\/ca\/contacte\/","title":{"rendered":"Contacte"},"content":{"rendered":"<section id=\"contact-form-block\" class=\"row position-relative\">\n    <div class=\"col-12\">\n        <div class=\"row h-100\">\n            <div class=\"offset-xl-2 offset-lg-2 offset-md-0 offset-sm-0 offset-0 col-xl-8 col-lg-8 col-md-0 col-sm-12 col-12 bg-light\">\n                \n<div class=\"wpcf7 no-js\" id=\"wpcf7-f61821-o1\" lang=\"en-US\" dir=\"ltr\" data-wpcf7-id=\"61821\">\n<div class=\"screen-reader-response\"><p role=\"status\" aria-live=\"polite\" aria-atomic=\"true\"><\/p> <ul><\/ul><\/div>\n<form action=\"\/ca\/wp-json\/wp\/v2\/pages\/63314#wpcf7-f61821-o1\" method=\"post\" class=\"wpcf7-form init wpcf7-acceptance-as-validation\" aria-label=\"Contact form\" enctype=\"multipart\/form-data\" novalidate=\"novalidate\" data-status=\"init\">\n<fieldset class=\"hidden-fields-container\"><input type=\"hidden\" name=\"_wpcf7\" value=\"61821\" \/><input type=\"hidden\" name=\"_wpcf7_version\" value=\"6.1.1\" \/><input type=\"hidden\" name=\"_wpcf7_locale\" value=\"en_US\" \/><input type=\"hidden\" name=\"_wpcf7_unit_tag\" value=\"wpcf7-f61821-o1\" \/><input type=\"hidden\" name=\"_wpcf7_container_post\" value=\"0\" \/><input type=\"hidden\" name=\"_wpcf7_posted_data_hash\" value=\"\" \/>\n<\/fieldset>\n<div class=\"row\">\n\t<div class=\"class-12\">\n\t\t<p class=\"h2\">Contacta amb nosaltres!\n\t\t<\/p>\n\t\t<p class=\"mb-4\">Si est\u00e0s interessat a contractar algun dels <a href=\"\/ca\/servicios\">nostres serveis<\/a>, des del desenvolupament integral o actualitzaci\u00f3 del teu projecte fins a serveis de M\u00e0rqueting Digital o posicionament SEO, emplena el formulari que apareix m\u00e9s a baix i prepararem una proposta ajustada a les necessitats del teu projecte.\n\t\t<\/p>\n\t<\/div>\n\t<div class=\"col-md-6 col-sm-12 col-12 mb-2\">\n\t\t<p><span class=\"wpcf7-form-control-wrap\" data-name=\"your-name\"><input size=\"40\" maxlength=\"400\" class=\"wpcf7-form-control wpcf7-text wpcf7-validates-as-required form-control\" autocomplete=\"name\" aria-required=\"true\" aria-invalid=\"false\" placeholder=\"Nom*\" value=\"\" type=\"text\" name=\"your-name\" \/><\/span>\n\t\t<\/p>\n\t<\/div>\n\t<div class=\"col-md-6 col-sm-12 col-12 mb-2\">\n\t\t<p><span class=\"wpcf7-form-control-wrap\" data-name=\"your-bussiness\"><input size=\"40\" maxlength=\"400\" class=\"wpcf7-form-control wpcf7-text wpcf7-validates-as-required form-control\" autocomplete=\"bussiness\" aria-required=\"true\" aria-invalid=\"false\" placeholder=\"Empresa*\" value=\"\" type=\"text\" name=\"your-bussiness\" \/><\/span>\n\t\t<\/p>\n\t<\/div>\n\t<div class=\"col-md-6 col-sm-12 col-12 mb-2\">\n\t\t<p><span class=\"wpcf7-form-control-wrap\" data-name=\"your-email\"><input size=\"40\" maxlength=\"400\" class=\"wpcf7-form-control wpcf7-email wpcf7-validates-as-required wpcf7-text wpcf7-validates-as-email form-control\" autocomplete=\"email\" aria-required=\"true\" aria-invalid=\"false\" placeholder=\"E-mail*\" value=\"\" type=\"email\" name=\"your-email\" \/><\/span>\n\t\t<\/p>\n\t<\/div>\n\t<div class=\"col-md-6 col-sm-12 col-12 mb-2\">\n\t\t<p><span class=\"wpcf7-form-control-wrap\" data-name=\"your-phone\"><input size=\"40\" maxlength=\"400\" class=\"wpcf7-form-control wpcf7-tel wpcf7-validates-as-required wpcf7-text wpcf7-validates-as-tel form-control\" autocomplete=\"phone\" aria-required=\"true\" aria-invalid=\"false\" placeholder=\"Tel\u00e8fon**\" value=\"\" type=\"tel\" name=\"your-phone\" \/><\/span>\n\t\t<\/p>\n\t<\/div>\n\t<div class=\"col-md-6 col-sm-12 col-12 mb-2\">\n\t\t<p><span class=\"wpcf7-form-control-wrap\" data-name=\"your-interests\"><select class=\"wpcf7-form-control wpcf7-select wpcf7-validates-as-required form-select form-control\" aria-required=\"true\" aria-invalid=\"false\" name=\"your-interests\"><option value=\"\">&#8212;Please choose an option&#8212;<\/option><option value=\"Estrat\u00e8gia i Usabilitat\">Estrat\u00e8gia i Usabilitat<\/option><option value=\"Desenvolupament\">Desenvolupament<\/option><option value=\"Vull una App\">Vull una App<\/option><option value=\"M\u00e0rqueting Digital\">M\u00e0rqueting Digital<\/option><option value=\"Marketplaces i Comparadors\">Marketplaces i Comparadors<\/option><option value=\"Email Marketing\">Email Marketing<\/option><option value=\"Xarxes Socials\">Xarxes Socials<\/option><option value=\"Servidors\">Servidors<\/option><option value=\"Treballa amb nosaltres\">Treballa amb nosaltres<\/option><\/select><\/span>\n\t\t<\/p>\n\t<\/div>\n\t<div class=\"col-md-6 col-sm-12 col-12 mb-2 file-upload-container\">\n\t\t<div class=\"file-upload-box form-control\">\n\t\t<\/div>\n\t\t<p><span class=\"wpcf7-form-control-wrap\" data-name=\"your-file\"><input size=\"40\" class=\"wpcf7-form-control wpcf7-file form-control\" accept=\"image\/*,.txt,application\/pdf,text\/richtext,application\/msword,application\/vnd.ms-write,application\/vnd.oasis.opendocument.text\" aria-invalid=\"false\" type=\"file\" name=\"your-file\" \/><\/span>\n\t\t<\/p>\n\t<\/div>\n\t<div class=\"col-12 mb-2\">\n\t\t<p><span class=\"wpcf7-form-control-wrap\" data-name=\"your-message\"><textarea cols=\"40\" rows=\"10\" maxlength=\"2000\" class=\"wpcf7-form-control wpcf7-textarea form-control\" aria-invalid=\"false\" placeholder=\"Escriu-nos el teu missatge o consulta aqu\u00ed:\" name=\"your-message\"><\/textarea><\/span>\n\t\t<\/p>\n\t<\/div>\n\t<div class=\"col-12 mb-2\">\n\t\t<p><span class=\"wpcf7-form-control-wrap\" data-name=\"acceptance-487\"><span class=\"wpcf7-form-control wpcf7-acceptance\"><span class=\"wpcf7-list-item\"><label><input type=\"checkbox\" name=\"acceptance-487\" value=\"1\" class=\"form-check-input me-2\" aria-invalid=\"false\" \/><span class=\"wpcf7-list-item-label\">He llegit i accepto la <a href=\"\/ca\/politica-de-privacitat\">Pol\u00edtica de Privacitat<\/a>.<\/span><\/label><\/span><\/span><\/span>\n\t\t<\/p>\n\t<\/div>\n\t<div class=\"col-12 position-relative nopadding\">\n\t\t<p><div class=\"cf7-cf-turnstile\" style=\"margin-top: 0px; margin-bottom: -15px;\"> <div id=\"cf-turnstile-cf7-984756002\" class=\"cf-turnstile\" data-sitekey=\"0x4AAAAAABuxA-c14F6WmmgZ\" data-theme=\"light\" data-language=\"auto\" data-size=\"flexible\" data-retry=\"auto\" data-retry-interval=\"1000\" data-action=\"contact-form-7\" data-appearance=\"always\"><\/div> <script>document.addEventListener(\"DOMContentLoaded\", function() { setTimeout(function(){ var e=document.getElementById(\"cf-turnstile-cf7-984756002\"); e&&!e.innerHTML.trim()&&(turnstile.remove(\"#cf-turnstile-cf7-984756002\"), turnstile.render(\"#cf-turnstile-cf7-984756002\", {sitekey:\"0x4AAAAAABuxA-c14F6WmmgZ\"})); }, 0); });<\/script> <br class=\"cf-turnstile-br cf-turnstile-br-cf7-984756002\"> <style>#cf-turnstile-cf7-984756002 { margin-left: -15px; }<\/style> <script>document.addEventListener(\"DOMContentLoaded\",function(){document.querySelectorAll('.wpcf7-form').forEach(function(e){e.addEventListener('submit',function(){if(document.getElementById('cf-turnstile-cf7-984756002')){setTimeout(function(){turnstile.reset('#cf-turnstile-cf7-984756002');},1000)}})})});<\/script> <\/div><br\/><input class=\"wpcf7-form-control wpcf7-submit has-spinner btn btn-primary w-100 mt-3\" type=\"submit\" value=\"Enviar missatge\" \/>\n\t\t<\/p>\n\t<\/div>\n<\/div><div class=\"wpcf7-response-output\" aria-hidden=\"true\"><\/div>\n<\/form>\n<\/div>\n                <div class=\"line-separator mb-2\">\n                    <img decoding=\"async\" src=\"https:\/\/webimpacto.consulting\/wp-content\/themes\/webimpacto\/img\/line.png\" alt=\"\" class=\"image-line\">\n                    <img decoding=\"async\" src=\"https:\/\/webimpacto.consulting\/wp-content\/themes\/webimpacto\/img\/o.png\" alt=\"\" class=\"image-or\">\n                    <img decoding=\"async\" src=\"https:\/\/webimpacto.consulting\/wp-content\/themes\/webimpacto\/img\/line.png\" alt=\"\" class=\"image-line\">\n                <\/div>\n                                                    <div class=\"row contact-items mb-3\">\n                                                    <div class=\"col-12 mt-2\">\n                                <div class=\"contact-item\">\n                                    <img decoding=\"async\" src=\"https:\/\/webimpacto.consulting\/wp-content\/uploads\/2023\/10\/gray-mail.svg\" alt=\"location\" class=\"me-2\" \/>\n                                    <span class=\"contact-content\">\n                                        <span>Env\u00eda un mail a:<\/span> <a href=\"mailto:info@webimpacto.es\">info@webimpacto.es<\/a>                                    <\/span>\n                                <\/div>\n                            <\/div>\n                                                    <div class=\"col-12 mt-2\">\n                                <div class=\"contact-item\">\n                                    <img decoding=\"async\" src=\"https:\/\/webimpacto.consulting\/wp-content\/uploads\/2023\/10\/gray-phone.svg\" alt=\"location\" class=\"me-2\" \/>\n                                    <span class=\"contact-content\">\n                                        <span>Ll\u00e1manos al:<\/span> <a href=\"tel:+34672022687\">+34 672 022 687<\/a>\/<a href=\"tel:+34933053583\">+34 93 305 35 83<\/a>                                    <\/span>\n                                <\/div>\n                            <\/div>\n                                            <\/div>\n                            <\/div>\n        <\/div>\n    <\/div>\n<\/section>","protected":false},"excerpt":{"rendered":"","protected":false},"author":1,"featured_media":0,"parent":0,"menu_order":0,"comment_status":"closed","ping_status":"closed","template":"page-legal.php","meta":{"_acf_changed":false,"inline_featured_image":false,"footnotes":""},"class_list":["post-63314","page","type-page","status-publish","hentry"],"acf":[],"yoast_head":"<!-- This site is optimized with the Yoast SEO plugin v25.7 - https:\/\/yoast.com\/wordpress\/plugins\/seo\/ -->\n<title>Contacte | Webimpacto<\/title>\n<meta name=\"robots\" content=\"index, follow, max-snippet:-1, max-image-preview:large, max-video-preview:-1\" \/>\n<link rel=\"canonical\" href=\"https:\/\/webimpacto.consulting\/ca\/contacte\/\" \/>\n<meta property=\"og:locale\" content=\"ca_ES\" \/>\n<meta property=\"og:type\" content=\"article\" \/>\n<meta property=\"og:title\" content=\"Contacte | Webimpacto\" \/>\n<meta property=\"og:url\" content=\"https:\/\/webimpacto.consulting\/ca\/contacte\/\" \/>\n<meta property=\"og:site_name\" content=\"Webimpacto\" \/>\n<meta property=\"article:modified_time\" content=\"2026-04-17T12:26:42+00:00\" \/>\n<meta property=\"og:image\" content=\"https:\/\/webimpacto.consulting\/wp-content\/uploads\/2023\/11\/screenshot.png\" \/>\n\t<meta property=\"og:image:width\" content=\"1421\" \/>\n\t<meta property=\"og:image:height\" content=\"774\" \/>\n\t<meta property=\"og:image:type\" content=\"image\/png\" \/>\n<meta name=\"twitter:card\" content=\"summary_large_image\" \/>\n<script type=\"application\/ld+json\" class=\"yoast-schema-graph\">{\"@context\":\"https:\/\/schema.org\",\"@graph\":[{\"@type\":\"WebPage\",\"@id\":\"https:\/\/webimpacto.consulting\/ca\/contacte\/\",\"url\":\"https:\/\/webimpacto.consulting\/ca\/contacte\/\",\"name\":\"Contacte | Webimpacto\",\"isPartOf\":{\"@id\":\"https:\/\/webimpacto.consulting\/ca\/#website\"},\"datePublished\":\"2024-01-19T14:11:59+00:00\",\"dateModified\":\"2026-04-17T12:26:42+00:00\",\"breadcrumb\":{\"@id\":\"https:\/\/webimpacto.consulting\/ca\/contacte\/#breadcrumb\"},\"inLanguage\":\"ca\",\"potentialAction\":[{\"@type\":\"ReadAction\",\"target\":[\"https:\/\/webimpacto.consulting\/ca\/contacte\/\"]}]},{\"@type\":\"BreadcrumbList\",\"@id\":\"https:\/\/webimpacto.consulting\/ca\/contacte\/#breadcrumb\",\"itemListElement\":[{\"@type\":\"ListItem\",\"position\":1,\"name\":\"Portada\",\"item\":\"https:\/\/webimpacto.consulting\/ca\/\"},{\"@type\":\"ListItem\",\"position\":2,\"name\":\"Contacte\"}]},{\"@type\":\"WebSite\",\"@id\":\"https:\/\/webimpacto.consulting\/ca\/#website\",\"url\":\"https:\/\/webimpacto.consulting\/ca\/\",\"name\":\"Webimpacto Consulting S.L.\",\"description\":\"Consultora Estrat\u00e8gica de Negoci Digital\",\"publisher\":{\"@id\":\"https:\/\/webimpacto.consulting\/ca\/#organization\"},\"potentialAction\":[{\"@type\":\"SearchAction\",\"target\":{\"@type\":\"EntryPoint\",\"urlTemplate\":\"https:\/\/webimpacto.consulting\/ca\/?s={search_term_string}\"},\"query-input\":{\"@type\":\"PropertyValueSpecification\",\"valueRequired\":true,\"valueName\":\"search_term_string\"}}],\"inLanguage\":\"ca\"},{\"@type\":\"Organization\",\"@id\":\"https:\/\/webimpacto.consulting\/ca\/#organization\",\"name\":\"Webimpacto Consulting S.L.\",\"url\":\"https:\/\/webimpacto.consulting\/ca\/\",\"logo\":{\"@type\":\"ImageObject\",\"inLanguage\":\"ca\",\"@id\":\"https:\/\/webimpacto.consulting\/ca\/#\/schema\/logo\/image\/\",\"url\":\"https:\/\/webimpacto.consulting\/wp-content\/uploads\/2023\/10\/logo-color.svg\",\"contentUrl\":\"https:\/\/webimpacto.consulting\/wp-content\/uploads\/2023\/10\/logo-color.svg\",\"width\":223,\"height\":29,\"caption\":\"Webimpacto Consulting S.L.\"},\"image\":{\"@id\":\"https:\/\/webimpacto.consulting\/ca\/#\/schema\/logo\/image\/\"},\"sameAs\":[\"https:\/\/www.linkedin.com\/company\/webimpacto-consulting-sl\/\"]}]}<\/script>\n<!-- \/ Yoast SEO plugin. -->","yoast_head_json":{"title":"Contacte | Webimpacto","robots":{"index":"index","follow":"follow","max-snippet":"max-snippet:-1","max-image-preview":"max-image-preview:large","max-video-preview":"max-video-preview:-1"},"canonical":"https:\/\/webimpacto.consulting\/ca\/contacte\/","og_locale":"ca_ES","og_type":"article","og_title":"Contacte | Webimpacto","og_url":"https:\/\/webimpacto.consulting\/ca\/contacte\/","og_site_name":"Webimpacto","article_modified_time":"2026-04-17T12:26:42+00:00","og_image":[{"width":1421,"height":774,"url":"https:\/\/webimpacto.consulting\/wp-content\/uploads\/2023\/11\/screenshot.png","type":"image\/png"}],"twitter_card":"summary_large_image","schema":{"@context":"https:\/\/schema.org","@graph":[{"@type":"WebPage","@id":"https:\/\/webimpacto.consulting\/ca\/contacte\/","url":"https:\/\/webimpacto.consulting\/ca\/contacte\/","name":"Contacte | Webimpacto","isPartOf":{"@id":"https:\/\/webimpacto.consulting\/ca\/#website"},"datePublished":"2024-01-19T14:11:59+00:00","dateModified":"2026-04-17T12:26:42+00:00","breadcrumb":{"@id":"https:\/\/webimpacto.consulting\/ca\/contacte\/#breadcrumb"},"inLanguage":"ca","potentialAction":[{"@type":"ReadAction","target":["https:\/\/webimpacto.consulting\/ca\/contacte\/"]}]},{"@type":"BreadcrumbList","@id":"https:\/\/webimpacto.consulting\/ca\/contacte\/#breadcrumb","itemListElement":[{"@type":"ListItem","position":1,"name":"Portada","item":"https:\/\/webimpacto.consulting\/ca\/"},{"@type":"ListItem","position":2,"name":"Contacte"}]},{"@type":"WebSite","@id":"https:\/\/webimpacto.consulting\/ca\/#website","url":"https:\/\/webimpacto.consulting\/ca\/","name":"Webimpacto Consulting S.L.","description":"Consultora Estrat\u00e8gica de Negoci Digital","publisher":{"@id":"https:\/\/webimpacto.consulting\/ca\/#organization"},"potentialAction":[{"@type":"SearchAction","target":{"@type":"EntryPoint","urlTemplate":"https:\/\/webimpacto.consulting\/ca\/?s={search_term_string}"},"query-input":{"@type":"PropertyValueSpecification","valueRequired":true,"valueName":"search_term_string"}}],"inLanguage":"ca"},{"@type":"Organization","@id":"https:\/\/webimpacto.consulting\/ca\/#organization","name":"Webimpacto Consulting S.L.","url":"https:\/\/webimpacto.consulting\/ca\/","logo":{"@type":"ImageObject","inLanguage":"ca","@id":"https:\/\/webimpacto.consulting\/ca\/#\/schema\/logo\/image\/","url":"https:\/\/webimpacto.consulting\/wp-content\/uploads\/2023\/10\/logo-color.svg","contentUrl":"https:\/\/webimpacto.consulting\/wp-content\/uploads\/2023\/10\/logo-color.svg","width":223,"height":29,"caption":"Webimpacto Consulting S.L."},"image":{"@id":"https:\/\/webimpacto.consulting\/ca\/#\/schema\/logo\/image\/"},"sameAs":["https:\/\/www.linkedin.com\/company\/webimpacto-consulting-sl\/"]}]}},"_links":{"self":[{"href":"https:\/\/webimpacto.consulting\/ca\/wp-json\/wp\/v2\/pages\/63314","targetHints":{"allow":["GET"]}}],"collection":[{"href":"https:\/\/webimpacto.consulting\/ca\/wp-json\/wp\/v2\/pages"}],"about":[{"href":"https:\/\/webimpacto.consulting\/ca\/wp-json\/wp\/v2\/types\/page"}],"author":[{"embeddable":true,"href":"https:\/\/webimpacto.consulting\/ca\/wp-json\/wp\/v2\/users\/1"}],"replies":[{"embeddable":true,"href":"https:\/\/webimpacto.consulting\/ca\/wp-json\/wp\/v2\/comments?post=63314"}],"version-history":[{"count":1,"href":"https:\/\/webimpacto.consulting\/ca\/wp-json\/wp\/v2\/pages\/63314\/revisions"}],"predecessor-version":[{"id":63343,"href":"https:\/\/webimpacto.consulting\/ca\/wp-json\/wp\/v2\/pages\/63314\/revisions\/63343"}],"wp:attachment":[{"href":"https:\/\/webimpacto.consulting\/ca\/wp-json\/wp\/v2\/media?parent=63314"}],"curies":[{"name":"wp","href":"https:\/\/api.w.org\/{rel}","templated":true}]}}