{"id":60804,"date":"2023-10-23T13:11:58","date_gmt":"2023-10-23T13:11:58","guid":{"rendered":"http:\/\/localhost:8080\/webimpacto\/empleos\/"},"modified":"2023-12-12T16:10:23","modified_gmt":"2023-12-12T16:10:23","slug":"treball","status":"publish","type":"page","link":"https:\/\/webimpacto.consulting\/ca\/treball\/","title":{"rendered":"Treballa\u00a0amb nosaltres"},"content":{"rendered":"<div id=\"customizable-cols\" class=\"container-fluid px-0  \">\n\t\n    <div class=\"row\">\n\n        <div class=\"col-12\">\n            <div class=\"container\">\n                                                    <div class=\"row\">\n                        <div class=\"col-lg-6 col-md-12 col-sm-12 col-12   images-grid single-image-grid\">\n                                                            <img decoding=\"async\" src=\"https:\/\/webimpacto.consulting\/wp-content\/uploads\/2023\/11\/employ.webp\" class=\"wow zoomIn\" data-wow-delay=\"0s\" alt=\"\">\n                                                    <\/div>\n\n                        <div class=\"mt-lg-0 mt-md-5 mt-sm-5 mt-5 col-lg-6 col-md-12 col-sm-12 col-12 d-flex flex-column align-items-center justify-content-center position-relative\">\n                            <p class=\"h2 big text-center mb-lg-5 mb-md-3 mb-sm-3 mb-3\"><\/p>\n                                                            <p class=\"desc wow fadeInDown larger\">En Webimpacto treballem per a ser la millor consultora estrat\u00e8gica de desenvolupament eCommerce i M\u00e0rqueting Digital del mercat. Comptem amb m\u00e9s de 100 professionals altament qualificats entre els quals es troben experts en PrestaShop, Magento (i altres CMS), dissenyadors web, programadors, maquetadores, consultors SEO, experts en m\u00e0rqueting digital i Apps.<br \/>\r\n<br \/>\r\nDes de 2009, el nostre any de creaci\u00f3, hem crescut exponencialment \ud83d\ude80 . Som una empresa internacional amb oficines a Espanya, Hongria i Col\u00f2mbia, que s&#8217;ha desenvolupat tant a Europa com a Am\u00e8rica, gr\u00e0cies a la qualitat del nostre treball i la nostra orientaci\u00f3 al servei. Ens caracteritza la passi\u00f3 pel que fem i l&#8217;aprenentatge, la implicaci\u00f3 en els projectes dels nostres clients i el treball en equip. Si ets aix\u00ed, no dubtis a fer-nos-ho saber.<br \/>\r\n\u200d<br \/>\r\nA Webimpacto treballar\u00e0s amb els millors i podr\u00e0s desenvolupar la teva carrera professional amb la garantia d&#8217;una empresa l\u00edder en el sector que compta amb grans clients i projectes de primer nivell.<br \/>\r\n<br \/>\r\nSi vols treballar en un entorn t\u00e8cnic i est\u00e0s orientat al client, t&#8217;estem esperant \ud83d\ude09<\/p>\n                                                                                                            <\/div>\n                    <\/div>\n                            <\/div>\n        <\/div>\n\n\t<\/div>\n\n<\/div>\n\n<div id=\"home-services\" class=\"container-fluid\" style=\"background-image: linear-gradient(90deg,rgba(221,21,77,0),rgba(253,0,54,.74) 50%,rgba(255,81,0,0)),url(https:\/\/webimpacto.consulting\/wp-content\/uploads\/2023\/10\/Rectangle-37.webp);background-size: auto,cover;\">\n\t\n\t<div id=\"offers\" class=\"row\">\n        <div class=\"col-12 text-center\">\n            <h2 class=\"text-light wow fadeInUp\">Treball<\/h2>\n        <\/div>\n\t\t<div class=\"col-12\">\n\t\t                <div class=\"row jobs-slider wow fadeInUp\">\n                                                            <div class=\"slide mx-xl-5 mx-lg-4 mx-md-5 mx-sm-5 mx-3 px-3\">\n                            <div class=\"inner\">\n                                <div class=\"slide-header w-100 mb-3\">\n                                    <h3 class=\"mb-0\">Project Manager<\/h3>\n                                <\/div>\n                                <p class=\"w-100\">Management dirigit al m\u00f3n eCommerce<\/p>\n                                <a class=\"page-link clipped\" href=\"#job-60360\">Saber +<\/a>\n                            <\/div>\n                        <\/div>\n                                            <div class=\"slide mx-xl-5 mx-lg-4 mx-md-5 mx-sm-5 mx-3 px-3\">\n                            <div class=\"inner\">\n                                <div class=\"slide-header w-100 mb-3\">\n                                    <h3 class=\"mb-0\">M\u00e0rqueting Assistant<\/h3>\n                                <\/div>\n                                <p class=\"w-100\">Management de campanyes dirigides al m\u00f3n eCommerce<\/p>\n                                <a class=\"page-link clipped\" href=\"#job-60364\">Saber +<\/a>\n                            <\/div>\n                        <\/div>\n                                            <div class=\"slide mx-xl-5 mx-lg-4 mx-md-5 mx-sm-5 mx-3 px-3\">\n                            <div class=\"inner\">\n                                <div class=\"slide-header w-100 mb-3\">\n                                    <h3 class=\"mb-0\">Desenvolupador\/a eCommerce<\/h3>\n                                <\/div>\n                                <p class=\"w-100\">Desenvolupament i manteniment de botigues en l\u00ednia<\/p>\n                                <a class=\"page-link clipped\" href=\"#job-60368\">Saber +<\/a>\n                            <\/div>\n                        <\/div>\n                                                <\/div>\n\t\t<\/div>\n\t<\/div>\n\n<\/div>\n\n            <section id=\"job-60360\" class=\"jobs-popup row position-fixed h-100\" style=\"display: none;\">\n            <div class=\"col-12\">\n                <div class=\"row h-100\">\n                    <div class=\"offset-lg-6 offset-md-4 offset-sm-0 offset-0 col-lg-6 col-md-8 col-sm-12 col-12 bg-light\">\n                        <i class=\"icon-close\">\n                            <img decoding=\"async\" src=\"https:\/\/webimpacto.consulting\/wp-content\/themes\/webimpacto\/img\/close-white.svg\" alt=\"\">\n                            <div class=\"circle\"><\/div>\n                        <\/i>\n                        <h2 class=\"fw-bold\">Project Manager<\/h2>\n                        <p class=\"w-100 mb-4\">Management dirigit al m\u00f3n eCommerce<\/p>\n                        \n<h3 class=\"wp-block-heading\">Qu\u00e8 necessitem quines aportacions per a encaixar en el rol?<\/h3>\n\n\n\n<h4 class=\"wp-block-heading\">Aptituds:<\/h4>\n\n\n\n<ul class=\"wp-block-list\">\n<li>Persona organitzada i amb capacitat de gesti\u00f3. Multidisciplinar (T-shaped).<\/li>\n\n\n\n<li>Persona din\u00e0mica, polifac\u00e8tica, resolutiva i amb iniciativa.<\/li>\n\n\n\n<li>Capacitat d&#8217;aprenentatge de nous conceptes i sentit anal\u00edtic (realment com fer consultes SQL eficients).<\/li>\n\n\n\n<li>Persona orientada a vendes i comunicativa.<\/li>\n\n\n\n<li>Responsable i compromesa.<\/li>\n<\/ul>\n\n\n\n<h4 class=\"wp-block-heading\">Requeriments:<\/h4>\n\n\n\n<ul class=\"wp-block-list\">\n<li>Imprescindible experi\u00e8ncia i coneixements a eCommerce.<\/li>\n\n\n\n<li>Capacitat anal\u00edtica del negoci, estrat\u00e8gica i tra\u00e7abilitat a llarg termini.<\/li>\n\n\n\n<li>Estudis de grau superior o superior<\/li>\n\n\n\n<li>Google Analytics.<\/li>\n\n\n\n<li>Nivell d&#8217;angl\u00e8s alt.<\/li>\n<\/ul>\n\n\n\n<h4 class=\"wp-block-heading\">Valorem positivament:<\/h4>\n\n\n\n<ul class=\"wp-block-list\">\n<li>Coneixement de la plataforma eCommerce Prestashop.<\/li>\n\n\n\n<li>Eines de control (com Jira).<\/li>\n<\/ul>\n\n\n\n<h4 class=\"wp-block-heading\">Quines responsabilitats tindr\u00e0s?<\/h4>\n\n\n\n<ul class=\"wp-block-list\">\n<li>Liderar directament els projectes.<\/li>\n\n\n\n<li>Exercir la funci\u00f3 de consultor\/assessor amb els clients.<\/li>\n\n\n\n<li>Proposar serveis i estrat\u00e8gies de creixement als nostres clients. Upselling.<\/li>\n\n\n\n<li>Organitzar i prioritzar les c\u00e0rregues internes de treball dels equips.<\/li>\n\n\n\n<li>Billing control de cada client.<\/li>\n\n\n\n<li>Responsabilitzar-se de la millora de conversi\u00f3 del lloc web.<\/li>\n\n\n\n<li>Fer el testeig de qualitat d&#8217;eCommerce.<\/li>\n\n\n\n<li>Elaborar reports i fer-ne el seguiment anal\u00edtic.<\/li>\n<\/ul>\n                        <a href=\"#contactform\" class=\"btn btn-primary clipped w-100 py-2 mt-3\">\n                            <span>Aplicar a oferta<\/span>\n                        <\/a>\n                    <\/div>\n                <\/div>\n            <\/div>\n        <\/section>\n            <section id=\"job-60364\" class=\"jobs-popup row position-fixed h-100\" style=\"display: none;\">\n            <div class=\"col-12\">\n                <div class=\"row h-100\">\n                    <div class=\"offset-lg-6 offset-md-4 offset-sm-0 offset-0 col-lg-6 col-md-8 col-sm-12 col-12 bg-light\">\n                        <i class=\"icon-close\">\n                            <img decoding=\"async\" src=\"https:\/\/webimpacto.consulting\/wp-content\/themes\/webimpacto\/img\/close-white.svg\" alt=\"\">\n                            <div class=\"circle\"><\/div>\n                        <\/i>\n                        <h2 class=\"fw-bold\">M\u00e0rqueting Assistant<\/h2>\n                        <p class=\"w-100 mb-4\">Management de campanyes dirigides al m\u00f3n eCommerce<\/p>\n                        \n<h3 class=\"wp-block-heading\">Qu\u00e8 necessitem quines aportacions per a encaixar en el rol?<\/h3>\n\n\n\n<h4 class=\"wp-block-heading\">Coneixements imprescindibles:<\/h4>\n\n\n\n<ul class=\"wp-block-list\">\n<li>SEO<\/li>\n\n\n\n<li>Google Ads (G. Shopping, Cerca, Display\u2026)<\/li>\n\n\n\n<li>Anal\u00edtica web<\/li>\n\n\n\n<li>Continguts<\/li>\n\n\n\n<li>Marketplaces<\/li>\n\n\n\n<li>Facebook Ads<\/li>\n<\/ul>\n\n\n\n<h4 class=\"wp-block-heading\">Requisits:<\/h4>\n\n\n\n<ul class=\"wp-block-list\">\n<li>1 any d&#8217;experi\u00e8ncia al departament\/consultoria de m\u00e0rqueting.<\/li>\n\n\n\n<li>Bona redacci\u00f3, capacitat comunicativa i de treball en equip.<\/li>\n\n\n\n<li>Es valorar\u00e0 molt la capacitat dautoformaci\u00f3, proactivitat i motivaci\u00f3.<\/li>\n<\/ul>\n\n\n\n<h4 class=\"wp-block-heading\">Quines responsabilitats tindr\u00e0s?<\/h4>\n\n\n\n<ul class=\"wp-block-list\">\n<li>Donar suport a la gesti\u00f3 de campanyes de m\u00e0rqueting en cercadors per a la xarxa de cerca i de display.<\/li>\n\n\n\n<li>Participar en la creaci\u00f3 i gesti\u00f3 de campanyes de Facebook Ads, integraci\u00f3 als marketplaces i comparadors m\u00e9s destacats i altres accions com emailing o estrat\u00e8gies en xarxes socials.<\/li>\n\n\n\n<li>Ajudar a Implementar estrat\u00e8gies SEO per tal de posicionar les p\u00e0gines dels nostres clients entre els primers resultats dels cercadors.<\/li>\n\n\n\n<li>Col\u00b7laborar en els diferents projectes de m\u00e0rqueting digital.<\/li>\n<\/ul>\n                        <a href=\"#contactform\" class=\"btn btn-primary clipped w-100 py-2 mt-3\">\n                            <span>Aplicar a oferta<\/span>\n                        <\/a>\n                    <\/div>\n                <\/div>\n            <\/div>\n        <\/section>\n            <section id=\"job-60368\" class=\"jobs-popup row position-fixed h-100\" style=\"display: none;\">\n            <div class=\"col-12\">\n                <div class=\"row h-100\">\n                    <div class=\"offset-lg-6 offset-md-4 offset-sm-0 offset-0 col-lg-6 col-md-8 col-sm-12 col-12 bg-light\">\n                        <i class=\"icon-close\">\n                            <img decoding=\"async\" src=\"https:\/\/webimpacto.consulting\/wp-content\/themes\/webimpacto\/img\/close-white.svg\" alt=\"\">\n                            <div class=\"circle\"><\/div>\n                        <\/i>\n                        <h2 class=\"fw-bold\">Desenvolupador\/a eCommerce<\/h2>\n                        <p class=\"w-100 mb-4\">Desenvolupament i manteniment de botigues en l\u00ednia<\/p>\n                        \n<h3 class=\"wp-block-heading\">Quins coneixements necessitem que aportacions?<\/h3>\n\n\n\n<h4 class=\"wp-block-heading\">Coneixements:<\/h4>\n\n\n\n<ul class=\"wp-block-list\">\n<li>PHP OO (Orientat a Objectes).<\/li>\n\n\n\n<li>Llenguatges Web:HTML\/JS\/CSS.<\/li>\n\n\n\n<li>MYSQL (desitjable tamb\u00e9 part d&#8217;administrador de sistema de servidor, per\u00f2 realment com fer consultes SQL eficients).<\/li>\n\n\n\n<li>Git\/GitHub<\/li>\n\n\n\n<li>Haver treballat amb Webservice\/APIs i la filosofia darrere d&#8217;aix\u00f2 (endpoints, requests, responses, auth, parsing, etc.).<\/li>\n\n\n\n<li>Desitjable tenir coneixements de Prestashop.<\/li>\n<\/ul>\n\n\n\n<h4 class=\"wp-block-heading\">Requeriments:<\/h4>\n\n\n\n<ul class=\"wp-block-list\">\n<li>Almenys 1-2 anys d&#8217;experi\u00e8ncia, o amb actitud i capacitat suficient demostrable (portfoli, treballs externs o propis)<\/li>\n\n\n\n<li>Haver superat el Grau Superior (FPII) de Desenvolupament Web o titulaci\u00f3 equivalent.<\/li>\n\n\n\n<li>Passi\u00f3 per la qualitat, treballar en equip i amb capacitat comunicativa.<\/li>\n\n\n\n<li>Capacitat de treballar sense supervisi\u00f3 continuada.<\/li>\n<\/ul>\n\n\n\n<h4 class=\"wp-block-heading\">Quines responsabilitats tindr\u00e0s?<\/h4>\n\n\n\n<ul class=\"wp-block-list\">\n<li>Programar eines i solucions tant back com front per a llocs dedicats a l&#8217;eCommerce.<\/li>\n\n\n\n<li>Maquetaci\u00f3 web daspectes visuals seguint les pautes de lequip de disseny.<\/li>\n\n\n\n<li>Gesti\u00f3 i administraci\u00f3 de les tasques assignades correctament a trav\u00e9s de la plataforma JIRA.<\/li>\n\n\n\n<li>Ser part d&#8217;un equip de treball amb projectes assignats de manteniment o desenvolupament de projectes des de 0.<\/li>\n\n\n\n<li>Donar vist i plau a estimacions en tasques i\/o debatre algun canvi sobre la manera m\u00e9s efectiva de dur a terme un desenvolupament.<\/li>\n<\/ul>\n                        <a href=\"#contactform\" class=\"btn btn-primary clipped w-100 py-2 mt-3\">\n                            <span>Aplicar a oferta<\/span>\n                        <\/a>\n                    <\/div>\n                <\/div>\n            <\/div>\n        <\/section>\n    \n\n<div id=\"generic-content\" class=\"container-fluid px-0 my-5 py-lg-4 py-md-2 py-sm-0 py-0\">\n\n    <div class=\"row\">\n\n        <div class=\"col-12\">\n            <div class=\"container\">\n                <div class=\"row\">\n                    <div class=\"col-12 text-center\">\n                                                    <p class=\"h2 mb-4 wow fadeInUp\">Qu\u00e8 t&#8217;oferim?<\/p>\n                                                                            <div class=\"wow fadeInUp\">\n                                <ul class=\"list\" role=\"list\">\n<li>Treball en remot i\/o h\u00edbrid<\/li>\n<li>Horari flexible<\/li>\n<li>Jornada redu\u00efda a l&#8217;estiu<\/li>\n<li>Retribuci\u00f3 flexible<\/li>\n<li>Pla de desenvolupament professional a llarg termini<\/li>\n<li>Equip multidisciplinari en constant evoluci\u00f3<\/li>\n<li>Revisions salarials anuals<\/li>\n<li>Formaci\u00f3 i networking en tots els departaments<\/li>\n<\/ul>\n                            <\/div>\n                                            <\/div>\n                <\/div>\n            <\/div>\n        <\/div>\n\n    <\/div>\n\n<\/div>","protected":false},"excerpt":{"rendered":"","protected":false},"author":1,"featured_media":0,"parent":0,"menu_order":0,"comment_status":"closed","ping_status":"closed","template":"","meta":{"_acf_changed":false,"inline_featured_image":false,"footnotes":""},"class_list":["post-60804","page","type-page","status-publish","hentry"],"acf":[],"yoast_head":"<!-- This site is optimized with the Yoast SEO plugin v25.7 - https:\/\/yoast.com\/wordpress\/plugins\/seo\/ -->\n<title>Ocupaci\u00f3 - Desenvolupament Web, M\u00e0rqueting Digital, eCommerce - Webimpacto<\/title>\n<meta name=\"description\" content=\"En Webimpacto busquem talent i apostem per una cultura inclusiva que reconegui i valori la diversitat. Mana&#039;ns el teu CV!\" \/>\n<meta name=\"robots\" content=\"index, follow, max-snippet:-1, max-image-preview:large, max-video-preview:-1\" \/>\n<link rel=\"canonical\" href=\"https:\/\/webimpacto.consulting\/ca\/treball\/\" \/>\n<meta property=\"og:locale\" content=\"ca_ES\" \/>\n<meta property=\"og:type\" content=\"article\" \/>\n<meta property=\"og:title\" content=\"Ocupaci\u00f3 - Desenvolupament Web, M\u00e0rqueting Digital, eCommerce - Webimpacto\" \/>\n<meta property=\"og:description\" content=\"En Webimpacto busquem talent i apostem per una cultura inclusiva que reconegui i valori la diversitat. Mana&#039;ns el teu CV!\" \/>\n<meta property=\"og:url\" content=\"https:\/\/webimpacto.consulting\/ca\/treball\/\" \/>\n<meta property=\"og:site_name\" content=\"Webimpacto\" \/>\n<meta property=\"article:modified_time\" content=\"2023-12-12T16:10:23+00:00\" \/>\n<meta property=\"og:image\" content=\"https:\/\/webimpacto.consulting\/wp-content\/uploads\/2023\/11\/screenshot.png\" \/>\n\t<meta property=\"og:image:width\" content=\"1421\" \/>\n\t<meta property=\"og:image:height\" content=\"774\" \/>\n\t<meta property=\"og:image:type\" content=\"image\/png\" \/>\n<meta name=\"twitter:card\" content=\"summary_large_image\" \/>\n<script type=\"application\/ld+json\" class=\"yoast-schema-graph\">{\"@context\":\"https:\/\/schema.org\",\"@graph\":[{\"@type\":\"WebPage\",\"@id\":\"https:\/\/webimpacto.consulting\/ca\/treball\/\",\"url\":\"https:\/\/webimpacto.consulting\/ca\/treball\/\",\"name\":\"Ocupaci\u00f3 - Desenvolupament Web, M\u00e0rqueting Digital, eCommerce - Webimpacto\",\"isPartOf\":{\"@id\":\"https:\/\/webimpacto.consulting\/ca\/#website\"},\"datePublished\":\"2023-10-23T13:11:58+00:00\",\"dateModified\":\"2023-12-12T16:10:23+00:00\",\"description\":\"En Webimpacto busquem talent i apostem per una cultura inclusiva que reconegui i valori la diversitat. Mana'ns el teu CV!\",\"breadcrumb\":{\"@id\":\"https:\/\/webimpacto.consulting\/ca\/treball\/#breadcrumb\"},\"inLanguage\":\"ca\",\"potentialAction\":[{\"@type\":\"ReadAction\",\"target\":[\"https:\/\/webimpacto.consulting\/ca\/treball\/\"]}]},{\"@type\":\"BreadcrumbList\",\"@id\":\"https:\/\/webimpacto.consulting\/ca\/treball\/#breadcrumb\",\"itemListElement\":[{\"@type\":\"ListItem\",\"position\":1,\"name\":\"Portada\",\"item\":\"https:\/\/webimpacto.consulting\/ca\/\"},{\"@type\":\"ListItem\",\"position\":2,\"name\":\"Treballa\u00a0amb nosaltres\"}]},{\"@type\":\"WebSite\",\"@id\":\"https:\/\/webimpacto.consulting\/ca\/#website\",\"url\":\"https:\/\/webimpacto.consulting\/ca\/\",\"name\":\"Webimpacto Consulting S.L.\",\"description\":\"Consultora Estrat\u00e8gica de Negoci Digital\",\"publisher\":{\"@id\":\"https:\/\/webimpacto.consulting\/ca\/#organization\"},\"potentialAction\":[{\"@type\":\"SearchAction\",\"target\":{\"@type\":\"EntryPoint\",\"urlTemplate\":\"https:\/\/webimpacto.consulting\/ca\/?s={search_term_string}\"},\"query-input\":{\"@type\":\"PropertyValueSpecification\",\"valueRequired\":true,\"valueName\":\"search_term_string\"}}],\"inLanguage\":\"ca\"},{\"@type\":\"Organization\",\"@id\":\"https:\/\/webimpacto.consulting\/ca\/#organization\",\"name\":\"Webimpacto Consulting S.L.\",\"url\":\"https:\/\/webimpacto.consulting\/ca\/\",\"logo\":{\"@type\":\"ImageObject\",\"inLanguage\":\"ca\",\"@id\":\"https:\/\/webimpacto.consulting\/ca\/#\/schema\/logo\/image\/\",\"url\":\"https:\/\/webimpacto.consulting\/wp-content\/uploads\/2023\/10\/logo-color.svg\",\"contentUrl\":\"https:\/\/webimpacto.consulting\/wp-content\/uploads\/2023\/10\/logo-color.svg\",\"width\":223,\"height\":29,\"caption\":\"Webimpacto Consulting S.L.\"},\"image\":{\"@id\":\"https:\/\/webimpacto.consulting\/ca\/#\/schema\/logo\/image\/\"},\"sameAs\":[\"https:\/\/www.linkedin.com\/company\/webimpacto-consulting-sl\/\"]}]}<\/script>\n<!-- \/ Yoast SEO plugin. -->","yoast_head_json":{"title":"Ocupaci\u00f3 - Desenvolupament Web, M\u00e0rqueting Digital, eCommerce - Webimpacto","description":"En Webimpacto busquem talent i apostem per una cultura inclusiva que reconegui i valori la diversitat. Mana'ns el teu CV!","robots":{"index":"index","follow":"follow","max-snippet":"max-snippet:-1","max-image-preview":"max-image-preview:large","max-video-preview":"max-video-preview:-1"},"canonical":"https:\/\/webimpacto.consulting\/ca\/treball\/","og_locale":"ca_ES","og_type":"article","og_title":"Ocupaci\u00f3 - Desenvolupament Web, M\u00e0rqueting Digital, eCommerce - Webimpacto","og_description":"En Webimpacto busquem talent i apostem per una cultura inclusiva que reconegui i valori la diversitat. Mana'ns el teu CV!","og_url":"https:\/\/webimpacto.consulting\/ca\/treball\/","og_site_name":"Webimpacto","article_modified_time":"2023-12-12T16:10:23+00:00","og_image":[{"width":1421,"height":774,"url":"https:\/\/webimpacto.consulting\/wp-content\/uploads\/2023\/11\/screenshot.png","type":"image\/png"}],"twitter_card":"summary_large_image","schema":{"@context":"https:\/\/schema.org","@graph":[{"@type":"WebPage","@id":"https:\/\/webimpacto.consulting\/ca\/treball\/","url":"https:\/\/webimpacto.consulting\/ca\/treball\/","name":"Ocupaci\u00f3 - Desenvolupament Web, M\u00e0rqueting Digital, eCommerce - Webimpacto","isPartOf":{"@id":"https:\/\/webimpacto.consulting\/ca\/#website"},"datePublished":"2023-10-23T13:11:58+00:00","dateModified":"2023-12-12T16:10:23+00:00","description":"En Webimpacto busquem talent i apostem per una cultura inclusiva que reconegui i valori la diversitat. Mana'ns el teu CV!","breadcrumb":{"@id":"https:\/\/webimpacto.consulting\/ca\/treball\/#breadcrumb"},"inLanguage":"ca","potentialAction":[{"@type":"ReadAction","target":["https:\/\/webimpacto.consulting\/ca\/treball\/"]}]},{"@type":"BreadcrumbList","@id":"https:\/\/webimpacto.consulting\/ca\/treball\/#breadcrumb","itemListElement":[{"@type":"ListItem","position":1,"name":"Portada","item":"https:\/\/webimpacto.consulting\/ca\/"},{"@type":"ListItem","position":2,"name":"Treballa\u00a0amb nosaltres"}]},{"@type":"WebSite","@id":"https:\/\/webimpacto.consulting\/ca\/#website","url":"https:\/\/webimpacto.consulting\/ca\/","name":"Webimpacto Consulting S.L.","description":"Consultora Estrat\u00e8gica de Negoci Digital","publisher":{"@id":"https:\/\/webimpacto.consulting\/ca\/#organization"},"potentialAction":[{"@type":"SearchAction","target":{"@type":"EntryPoint","urlTemplate":"https:\/\/webimpacto.consulting\/ca\/?s={search_term_string}"},"query-input":{"@type":"PropertyValueSpecification","valueRequired":true,"valueName":"search_term_string"}}],"inLanguage":"ca"},{"@type":"Organization","@id":"https:\/\/webimpacto.consulting\/ca\/#organization","name":"Webimpacto Consulting S.L.","url":"https:\/\/webimpacto.consulting\/ca\/","logo":{"@type":"ImageObject","inLanguage":"ca","@id":"https:\/\/webimpacto.consulting\/ca\/#\/schema\/logo\/image\/","url":"https:\/\/webimpacto.consulting\/wp-content\/uploads\/2023\/10\/logo-color.svg","contentUrl":"https:\/\/webimpacto.consulting\/wp-content\/uploads\/2023\/10\/logo-color.svg","width":223,"height":29,"caption":"Webimpacto Consulting S.L."},"image":{"@id":"https:\/\/webimpacto.consulting\/ca\/#\/schema\/logo\/image\/"},"sameAs":["https:\/\/www.linkedin.com\/company\/webimpacto-consulting-sl\/"]}]}},"_links":{"self":[{"href":"https:\/\/webimpacto.consulting\/ca\/wp-json\/wp\/v2\/pages\/60804","targetHints":{"allow":["GET"]}}],"collection":[{"href":"https:\/\/webimpacto.consulting\/ca\/wp-json\/wp\/v2\/pages"}],"about":[{"href":"https:\/\/webimpacto.consulting\/ca\/wp-json\/wp\/v2\/types\/page"}],"author":[{"embeddable":true,"href":"https:\/\/webimpacto.consulting\/ca\/wp-json\/wp\/v2\/users\/1"}],"replies":[{"embeddable":true,"href":"https:\/\/webimpacto.consulting\/ca\/wp-json\/wp\/v2\/comments?post=60804"}],"version-history":[{"count":1,"href":"https:\/\/webimpacto.consulting\/ca\/wp-json\/wp\/v2\/pages\/60804\/revisions"}],"predecessor-version":[{"id":61555,"href":"https:\/\/webimpacto.consulting\/ca\/wp-json\/wp\/v2\/pages\/60804\/revisions\/61555"}],"wp:attachment":[{"href":"https:\/\/webimpacto.consulting\/ca\/wp-json\/wp\/v2\/media?parent=60804"}],"curies":[{"name":"wp","href":"https:\/\/api.w.org\/{rel}","templated":true}]}}